{"id":40492,"date":"2025-07-22T16:05:36","date_gmt":"2025-07-22T14:05:36","guid":{"rendered":"https:\/\/online.colop.ro\/?post_type=product&#038;p=40492"},"modified":"2025-07-31T22:12:21","modified_gmt":"2025-07-31T20:12:21","slug":"poveste-cu-stampile","status":"publish","type":"product","link":"https:\/\/newonline.colop.ro\/?product=poveste-cu-stampile","title":{"rendered":"POVESTE CU \u0218TAMPILE"},"content":{"rendered":"<p>Ambalaj atractiv din carton cu clap\u0103 perforat\u0103 EURO pentru ag\u0103\u021bare.<br \/>\n6 \u0219tampile din plut\u0103 cu motive desenate manual<br \/>\n1 Bro\u0219ur\u0103 cu povestea \u0219tampilei, 16 pagini, pentru colorat \u0219i \u0219tan\u021bare<br \/>\n1 bloc de \u0219tampile, fabricat \u00een Europa, EN71-3 \u0219i conform REACH<br \/>\nDimensiune original\u0103<br \/>\n* Scris \u0219i desenat de (C) Prin\u021besa Maja von Hohenzollern<\/p>\n","protected":false},"excerpt":{"rendered":"<p>Ambalaj atractiv din carton cu clap\u0103 perforat\u0103 EURO pentru ag\u0103\u021bare. 6 \u0219tampile din plut\u0103 cu motive desenate manual 1 Bro\u0219ur\u0103 cu povestea \u0219tampilei, 16 pagini, pentru colorat \u0219i \u0219tan\u021bare 1 bloc de \u0219tampile, fabricat \u00een Europa, EN71-3 \u0219i conform REACH Dimensiune original\u0103 * Scris \u0219i desenat de (C) Prin\u021besa Maja von Hohenzollern<\/p>\n","protected":false},"featured_media":40496,"template":"","meta":[],"product_cat":[106],"product_tag":[],"_links":{"self":[{"href":"https:\/\/newonline.colop.ro\/index.php?rest_route=\/wp\/v2\/product\/40492"}],"collection":[{"href":"https:\/\/newonline.colop.ro\/index.php?rest_route=\/wp\/v2\/product"}],"about":[{"href":"https:\/\/newonline.colop.ro\/index.php?rest_route=\/wp\/v2\/types\/product"}],"version-history":[{"count":2,"href":"https:\/\/newonline.colop.ro\/index.php?rest_route=\/wp\/v2\/product\/40492\/revisions"}],"predecessor-version":[{"id":40499,"href":"https:\/\/newonline.colop.ro\/index.php?rest_route=\/wp\/v2\/product\/40492\/revisions\/40499"}],"wp:featuredmedia":[{"embeddable":true,"href":"https:\/\/newonline.colop.ro\/index.php?rest_route=\/wp\/v2\/media\/40496"}],"wp:attachment":[{"href":"https:\/\/newonline.colop.ro\/index.php?rest_route=%2Fwp%2Fv2%2Fmedia&parent=40492"}],"wp:term":[{"taxonomy":"product_cat","embeddable":true,"href":"https:\/\/newonline.colop.ro\/index.php?rest_route=%2Fwp%2Fv2%2Fproduct_cat&post=40492"},{"taxonomy":"product_tag","embeddable":true,"href":"https:\/\/newonline.colop.ro\/index.php?rest_route=%2Fwp%2Fv2%2Fproduct_tag&post=40492"}],"curies":[{"name":"wp","href":"https:\/\/api.w.org\/{rel}","templated":true}]}}