{"id":40482,"date":"2025-07-22T15:09:46","date_gmt":"2025-07-22T13:09:46","guid":{"rendered":"https:\/\/online.colop.ro\/?post_type=product&#038;p=40482"},"modified":"2025-07-31T22:12:22","modified_gmt":"2025-07-31T20:12:22","slug":"printer-20-diy-set-prinzessin-maja-von-hohenzollern","status":"publish","type":"product","link":"https:\/\/newonline.colop.ro\/?product=printer-20-diy-set-prinzessin-maja-von-hohenzollern","title":{"rendered":"Printer 20 DIY Set &#8211; Prinzessin Maja von Hohenzollern"},"content":{"rendered":"<p>Include 4 c\u0103r\u021bi de imagini interschimbabile, un set de fonturi cu litere \u0219i pictograme pe care le po\u021bi seta singur, plus o penset\u0103.<br \/>\n\u0218tampila are un tampon de cerneal\u0103 neagr\u0103 integrat care garanteaz\u0103 imprimeuri curate \u0219i clare.<br \/>\nDesignul atr\u0103g\u0103tor al \u0219tampilei este un adev\u0103rat punct de atrac\u021bie pe orice birou.<br \/>\nSetul este 100% fabricat \u00een Europa \u0219i garanteaz\u0103 o manoper\u0103 de \u00eenalt\u0103 calitate \u0219i o produc\u021bie sustenabil\u0103.<\/p>\n","protected":false},"excerpt":{"rendered":"<p>Include 4 c\u0103r\u021bi de imagini interschimbabile, un set de fonturi cu litere \u0219i pictograme pe care le po\u021bi seta singur, plus o penset\u0103. \u0218tampila are un tampon de cerneal\u0103 neagr\u0103 integrat care garanteaz\u0103 imprimeuri curate \u0219i clare. Designul atr\u0103g\u0103tor al \u0219tampilei este un adev\u0103rat punct de atrac\u021bie pe orice birou. Setul este 100% fabricat \u00een<\/p>\n<div class=\"klb-readmore entry-button\"><a class=\"btn read-more\" href=\"https:\/\/newonline.colop.ro\/?product=printer-20-diy-set-prinzessin-maja-von-hohenzollern\">Afl\u0103 mai mult<\/a><\/div>\n","protected":false},"featured_media":40485,"template":"","meta":[],"product_cat":[106,571],"product_tag":[],"_links":{"self":[{"href":"https:\/\/newonline.colop.ro\/index.php?rest_route=\/wp\/v2\/product\/40482"}],"collection":[{"href":"https:\/\/newonline.colop.ro\/index.php?rest_route=\/wp\/v2\/product"}],"about":[{"href":"https:\/\/newonline.colop.ro\/index.php?rest_route=\/wp\/v2\/types\/product"}],"version-history":[{"count":1,"href":"https:\/\/newonline.colop.ro\/index.php?rest_route=\/wp\/v2\/product\/40482\/revisions"}],"predecessor-version":[{"id":40489,"href":"https:\/\/newonline.colop.ro\/index.php?rest_route=\/wp\/v2\/product\/40482\/revisions\/40489"}],"wp:featuredmedia":[{"embeddable":true,"href":"https:\/\/newonline.colop.ro\/index.php?rest_route=\/wp\/v2\/media\/40485"}],"wp:attachment":[{"href":"https:\/\/newonline.colop.ro\/index.php?rest_route=%2Fwp%2Fv2%2Fmedia&parent=40482"}],"wp:term":[{"taxonomy":"product_cat","embeddable":true,"href":"https:\/\/newonline.colop.ro\/index.php?rest_route=%2Fwp%2Fv2%2Fproduct_cat&post=40482"},{"taxonomy":"product_tag","embeddable":true,"href":"https:\/\/newonline.colop.ro\/index.php?rest_route=%2Fwp%2Fv2%2Fproduct_tag&post=40482"}],"curies":[{"name":"wp","href":"https:\/\/api.w.org\/{rel}","templated":true}]}}