{"id":40446,"date":"2025-07-18T13:34:27","date_gmt":"2025-07-18T11:34:27","guid":{"rendered":"https:\/\/online.colop.ro\/?post_type=product&#038;p=40446"},"modified":"2025-09-11T08:55:45","modified_gmt":"2025-09-11T06:55:45","slug":"penar-marky-roz","status":"publish","type":"product","link":"https:\/\/newonline.colop.ro\/?product=penar-marky-roz","title":{"rendered":"Penar Marky &#8211; Roz"},"content":{"rendered":"<p>Fabricat din silicon robust \u0219i flexibil, hidrofug \u0219i rezistent la uzur\u0103.<\/p>\n<p>Protejeaz\u0103 \u00een mod fiabil pixurile, markerele \u0219i alte instrumente de scris \u0219i este ideal pentru utilizarea zilnic\u0103 la \u0219coal\u0103, universitate sau birou.<\/p>\n<p>Cu designul s\u0103u atractiv \u0219i atemporal, penarul nu este doar func\u021bional, ci \u0219i un accesoriu elegant pentru utilizarea zilnic\u0103.<\/p>\n<p>Prev\u0103zut cu un fermoar fiabil care permite accesul facil la instrumentele de scris \u0219i, \u00een acela\u0219i timp, asigur\u0103 o \u00eenchidere sigur\u0103.<\/p>\n<p>Culoare: Roz<\/p>\n","protected":false},"excerpt":{"rendered":"<p>Fabricat din silicon robust \u0219i flexibil, hidrofug \u0219i rezistent la uzur\u0103. Protejeaz\u0103 \u00een mod fiabil pixurile, markerele \u0219i alte instrumente de scris \u0219i este ideal pentru utilizarea zilnic\u0103 la \u0219coal\u0103, universitate sau birou. Cu designul s\u0103u atractiv \u0219i atemporal, penarul nu este doar func\u021bional, ci \u0219i un accesoriu elegant pentru utilizarea zilnic\u0103. Prev\u0103zut cu un<\/p>\n<div class=\"klb-readmore entry-button\"><a class=\"btn read-more\" href=\"https:\/\/newonline.colop.ro\/?product=penar-marky-roz\">Afl\u0103 mai mult<\/a><\/div>\n","protected":false},"featured_media":40447,"template":"","meta":[],"product_cat":[106],"product_tag":[],"_links":{"self":[{"href":"https:\/\/newonline.colop.ro\/index.php?rest_route=\/wp\/v2\/product\/40446"}],"collection":[{"href":"https:\/\/newonline.colop.ro\/index.php?rest_route=\/wp\/v2\/product"}],"about":[{"href":"https:\/\/newonline.colop.ro\/index.php?rest_route=\/wp\/v2\/types\/product"}],"version-history":[{"count":1,"href":"https:\/\/newonline.colop.ro\/index.php?rest_route=\/wp\/v2\/product\/40446\/revisions"}],"predecessor-version":[{"id":40457,"href":"https:\/\/newonline.colop.ro\/index.php?rest_route=\/wp\/v2\/product\/40446\/revisions\/40457"}],"wp:featuredmedia":[{"embeddable":true,"href":"https:\/\/newonline.colop.ro\/index.php?rest_route=\/wp\/v2\/media\/40447"}],"wp:attachment":[{"href":"https:\/\/newonline.colop.ro\/index.php?rest_route=%2Fwp%2Fv2%2Fmedia&parent=40446"}],"wp:term":[{"taxonomy":"product_cat","embeddable":true,"href":"https:\/\/newonline.colop.ro\/index.php?rest_route=%2Fwp%2Fv2%2Fproduct_cat&post=40446"},{"taxonomy":"product_tag","embeddable":true,"href":"https:\/\/newonline.colop.ro\/index.php?rest_route=%2Fwp%2Fv2%2Fproduct_tag&post=40446"}],"curies":[{"name":"wp","href":"https:\/\/api.w.org\/{rel}","templated":true}]}}