{"id":40430,"date":"2025-07-16T16:42:10","date_gmt":"2025-07-16T14:42:10","guid":{"rendered":"https:\/\/online.colop.ro\/?post_type=product&#038;p=40430"},"modified":"2025-07-31T22:12:25","modified_gmt":"2025-07-31T20:12:25","slug":"set-etichete-textile-termoadezive-marky","status":"publish","type":"product","link":"https:\/\/newonline.colop.ro\/?product=set-etichete-textile-termoadezive-marky","title":{"rendered":"Set etichete textile termoadezive Marky"},"content":{"rendered":"<p>28 de etichete colorate care pot fi \u0219tampilate direct cu Marky ofer\u0103 o solu\u021bie rapid\u0103 \u0219i u\u0219oar\u0103 de etichetare.<br \/>\nEtichetele cu nume sunt ideale pentru utilizarea cu \u0219tampilele Marky \u0219i ofer\u0103 o modalitate simpl\u0103 de etichetare a obiectelor personale.<br \/>\nCu o varietate de motive atr\u0103g\u0103toare, etichetele sunt potrivite \u00een special pentru articolele pentru copii.<br \/>\nFie c\u0103 sunt la gr\u0103dini\u021b\u0103, la \u0219coal\u0103, la clubul sportiv sau \u00een vacan\u021b\u0103 &#8211; etichetele asigur\u0103 c\u0103 hainele \u0219i accesoriile nu se amestec\u0103.<br \/>\nEtichetele termoadezive sunt prietenoase cu pielea, impermeabile, se pot sp\u0103la la ma\u0219in\u0103 \u0219i se pot usca \u00een usc\u0103tor.<\/p>\n","protected":false},"excerpt":{"rendered":"<p>28 de etichete colorate care pot fi \u0219tampilate direct cu Marky ofer\u0103 o solu\u021bie rapid\u0103 \u0219i u\u0219oar\u0103 de etichetare. Etichetele cu nume sunt ideale pentru utilizarea cu \u0219tampilele Marky \u0219i ofer\u0103 o modalitate simpl\u0103 de etichetare a obiectelor personale. Cu o varietate de motive atr\u0103g\u0103toare, etichetele sunt potrivite \u00een special pentru articolele pentru copii. Fie<\/p>\n<div class=\"klb-readmore entry-button\"><a class=\"btn read-more\" href=\"https:\/\/newonline.colop.ro\/?product=set-etichete-textile-termoadezive-marky\">Afl\u0103 mai mult<\/a><\/div>\n","protected":false},"featured_media":40431,"template":"","meta":[],"product_cat":[106,571],"product_tag":[],"_links":{"self":[{"href":"https:\/\/newonline.colop.ro\/index.php?rest_route=\/wp\/v2\/product\/40430"}],"collection":[{"href":"https:\/\/newonline.colop.ro\/index.php?rest_route=\/wp\/v2\/product"}],"about":[{"href":"https:\/\/newonline.colop.ro\/index.php?rest_route=\/wp\/v2\/types\/product"}],"version-history":[{"count":1,"href":"https:\/\/newonline.colop.ro\/index.php?rest_route=\/wp\/v2\/product\/40430\/revisions"}],"predecessor-version":[{"id":40437,"href":"https:\/\/newonline.colop.ro\/index.php?rest_route=\/wp\/v2\/product\/40430\/revisions\/40437"}],"wp:featuredmedia":[{"embeddable":true,"href":"https:\/\/newonline.colop.ro\/index.php?rest_route=\/wp\/v2\/media\/40431"}],"wp:attachment":[{"href":"https:\/\/newonline.colop.ro\/index.php?rest_route=%2Fwp%2Fv2%2Fmedia&parent=40430"}],"wp:term":[{"taxonomy":"product_cat","embeddable":true,"href":"https:\/\/newonline.colop.ro\/index.php?rest_route=%2Fwp%2Fv2%2Fproduct_cat&post=40430"},{"taxonomy":"product_tag","embeddable":true,"href":"https:\/\/newonline.colop.ro\/index.php?rest_route=%2Fwp%2Fv2%2Fproduct_tag&post=40430"}],"curies":[{"name":"wp","href":"https:\/\/api.w.org\/{rel}","templated":true}]}}