{"id":39599,"date":"2024-11-19T12:05:37","date_gmt":"2024-11-19T10:05:37","guid":{"rendered":"https:\/\/online.colop.ro\/?post_type=product&#038;p=39599"},"modified":"2025-07-31T22:12:29","modified_gmt":"2025-07-31T20:12:29","slug":"pachet-imprimanta-portabila-e-mark-go","status":"publish","type":"product","link":"https:\/\/newonline.colop.ro\/?product=pachet-imprimanta-portabila-e-mark-go","title":{"rendered":"Pachet imprimant\u0103 portabil\u0103 e-mark GO"},"content":{"rendered":"<table style=\"border-collapse: collapse;width: 100%;height: 1211px\">\n<tbody>\n<tr style=\"height: 95px\">\n<td style=\"width: 100%;height: 95px\" colspan=\"2\"><strong>Pachetul e-mark GO<\/strong> include toate elementele de baz\u0103 de care ai nevoie pentru a \u00eencepe s\u0103 utilizezi aceast\u0103 imprimant\u0103 portabil\u0103 inovatoare, fiind perfect pentru toate proiectele tale creative.<\/p>\n<p>\u00a0<\/td>\n<\/tr>\n<tr style=\"height: 226px\">\n<td style=\"width: 50%;height: 226px\"><strong>e-mark go<\/strong> de la COLOP este o imprimant\u0103 portabil\u0103 inovatoare, ideal\u0103 pentru marcarea rapid\u0103 a suprafe\u021belor absorbante. Aceasta este o solu\u021bie compact\u0103 \u0219i u\u0219or de utilizat, potrivit\u0103 pentru a personaliza diverse materiale precum h\u00e2rtia, cartonul, textilele, lemnul nefinisat \u0219i altele.<\/p>\n<p>Folose\u0219te tehnologia inkjet \u0219i se conecteaz\u0103 prin Blootooth la o aplica\u021bie mobil\u0103, disponibil\u0103 100% gratuit, care permite personalizarea textelor, simbolurilor, codurilor QR \u00eenainte de imprimare.<\/td>\n<td style=\"width: 50%;height: 226px\"><a href=\"https:\/\/online.colop.ro\/wp-content\/uploads\/2024\/11\/go_group_labelcolours-scaled.jpg\" target=\"_blank\" rel=\"noopener\"><img fetchpriority=\"high\" decoding=\"async\" class=\"wp-image-39605 size-medium aligncenter\" src=\"https:\/\/online.colop.ro\/wp-content\/uploads\/2024\/11\/go_group_labelcolours-300x227.jpg\" alt=\"\" width=\"300\" height=\"227\" srcset=\"https:\/\/newonline.colop.ro\/wp-content\/uploads\/2024\/11\/go_group_labelcolours-300x227.jpg 300w, https:\/\/newonline.colop.ro\/wp-content\/uploads\/2024\/11\/go_group_labelcolours-1024x774.jpg 1024w, https:\/\/newonline.colop.ro\/wp-content\/uploads\/2024\/11\/go_group_labelcolours-768x580.jpg 768w, https:\/\/newonline.colop.ro\/wp-content\/uploads\/2024\/11\/go_group_labelcolours-1536x1160.jpg 1536w, https:\/\/newonline.colop.ro\/wp-content\/uploads\/2024\/11\/go_group_labelcolours-2048x1547.jpg 2048w, https:\/\/newonline.colop.ro\/wp-content\/uploads\/2024\/11\/go_group_labelcolours-600x453.jpg 600w, https:\/\/newonline.colop.ro\/wp-content\/uploads\/2024\/11\/go_group_labelcolours-71x54.jpg 71w\" sizes=\"(max-width: 300px) 100vw, 300px\" \/><\/a><\/td>\n<\/tr>\n<tr style=\"height: 299px\">\n<td style=\"width: 50%;height: 299px\"><a href=\"https:\/\/online.colop.ro\/wp-content\/uploads\/2024\/11\/C2_cartridge-960x540-1.jpg\" target=\"_blank\" rel=\"noopener\"><img decoding=\"async\" class=\"wp-image-39606 size-medium aligncenter\" src=\"https:\/\/online.colop.ro\/wp-content\/uploads\/2024\/11\/C2_cartridge-960x540-1-268x300.jpg\" alt=\"\" width=\"268\" height=\"300\" srcset=\"https:\/\/newonline.colop.ro\/wp-content\/uploads\/2024\/11\/C2_cartridge-960x540-1-268x300.jpg 268w, https:\/\/newonline.colop.ro\/wp-content\/uploads\/2024\/11\/C2_cartridge-960x540-1-48x54.jpg 48w, https:\/\/newonline.colop.ro\/wp-content\/uploads\/2024\/11\/C2_cartridge-960x540-1.jpg 482w\" sizes=\"(max-width: 268px) 100vw, 268px\" \/><\/a><\/td>\n<td style=\"width: 50%;height: 299px\">Imprimanta este echipat\u0103 cu un <strong>cartu\u0219 C2<\/strong>, care permite realizarea de p\u00e2n\u0103 la 1500 amprente color. Cartu\u0219ul tricolor revolu\u021bionar C2 este fabricat cu aten\u021bie pentru o experien\u021b\u0103 de printare mobil\u0103 irepro\u0219abil\u0103. Proiectat cu precizie, acest cartu\u0219 con\u021bine o cerneal\u0103 cu o formula special\u0103, care asigur\u0103 imprim\u0103ri luminoase \u0219i calitative, garant\u00e2nd rezultate impresionante \u00eenc\u0103 de la prima amprent\u0103.<\/td>\n<\/tr>\n<tr style=\"height: 526px\">\n<td style=\"width: 50%;height: 526px\"><strong>Rigl\u0103 e-mark GO<\/strong> este un ajutor perfect pentru pozi\u021bionarea precis\u0103 a imprimantei e-mark go \u0219i asigur\u0103 amprente perfect drepte, chiar \u0219i pe marginea diferitelor suprafe\u021be.<\/td>\n<td style=\"width: 50%;height: 526px\"><a href=\"https:\/\/online.colop.ro\/wp-content\/uploads\/2024\/11\/go_usecase_ruler_postcard1-scaled.jpg\" target=\"_blank\" rel=\"noopener\"><img decoding=\"async\" class=\"alignnone wp-image-39563 size-large\" src=\"https:\/\/online.colop.ro\/wp-content\/uploads\/2024\/11\/go_usecase_ruler_postcard1-1024x682.jpg\" alt=\"\" width=\"1024\" height=\"682\" srcset=\"https:\/\/newonline.colop.ro\/wp-content\/uploads\/2024\/11\/go_usecase_ruler_postcard1-1024x682.jpg 1024w, https:\/\/newonline.colop.ro\/wp-content\/uploads\/2024\/11\/go_usecase_ruler_postcard1-300x200.jpg 300w, https:\/\/newonline.colop.ro\/wp-content\/uploads\/2024\/11\/go_usecase_ruler_postcard1-768x512.jpg 768w, https:\/\/newonline.colop.ro\/wp-content\/uploads\/2024\/11\/go_usecase_ruler_postcard1-1536x1024.jpg 1536w, https:\/\/newonline.colop.ro\/wp-content\/uploads\/2024\/11\/go_usecase_ruler_postcard1-2048x1365.jpg 2048w, https:\/\/newonline.colop.ro\/wp-content\/uploads\/2024\/11\/go_usecase_ruler_postcard1-600x400.jpg 600w, https:\/\/newonline.colop.ro\/wp-content\/uploads\/2024\/11\/go_usecase_ruler_postcard1-81x54.jpg 81w\" sizes=\"(max-width: 1024px) 100vw, 1024px\" \/><\/a><\/td>\n<\/tr>\n<tr style=\"height: 65px\">\n<td style=\"width: 50%;height: 65px\"><a href=\"https:\/\/online.colop.ro\/wp-content\/uploads\/2024\/11\/go_usecase_ribbonguide_ribbon_bird2-scaled.jpg\" target=\"_blank\" rel=\"noopener\"><img loading=\"lazy\" decoding=\"async\" class=\"alignnone size-large wp-image-39585\" src=\"https:\/\/online.colop.ro\/wp-content\/uploads\/2024\/11\/go_usecase_ribbonguide_ribbon_bird2-1024x682.jpg\" alt=\"\" width=\"960\" height=\"639\" srcset=\"https:\/\/newonline.colop.ro\/wp-content\/uploads\/2024\/11\/go_usecase_ribbonguide_ribbon_bird2-1024x682.jpg 1024w, https:\/\/newonline.colop.ro\/wp-content\/uploads\/2024\/11\/go_usecase_ribbonguide_ribbon_bird2-300x200.jpg 300w, https:\/\/newonline.colop.ro\/wp-content\/uploads\/2024\/11\/go_usecase_ribbonguide_ribbon_bird2-768x512.jpg 768w, https:\/\/newonline.colop.ro\/wp-content\/uploads\/2024\/11\/go_usecase_ribbonguide_ribbon_bird2-1536x1024.jpg 1536w, https:\/\/newonline.colop.ro\/wp-content\/uploads\/2024\/11\/go_usecase_ribbonguide_ribbon_bird2-2048x1365.jpg 2048w, https:\/\/newonline.colop.ro\/wp-content\/uploads\/2024\/11\/go_usecase_ribbonguide_ribbon_bird2-600x400.jpg 600w, https:\/\/newonline.colop.ro\/wp-content\/uploads\/2024\/11\/go_usecase_ribbonguide_ribbon_bird2-81x54.jpg 81w\" sizes=\"(max-width: 960px) 100vw, 960px\" \/><\/a><\/td>\n<td style=\"width: 50%;height: 65px\"><strong>Ghidajul pentru panglici<\/strong> e-mark go este o unealt\u0103 versatil\u0103 pentru personalizarea panglicilor. Acesta este compatibil cu rolele de 10, 15 \u0219i 25 mm l\u0103\u021bime \u0219i a fost g\u00e2ndit pentru a fi folosit cu u\u0219urin\u021b\u0103 \u00eempreun\u0103 cu panglicile e-mark \u0219i rolele de etichete.<\/td>\n<\/tr>\n<tr>\n<td style=\"width: 50%\"><strong>Cardurile perforate din PVC,<\/strong> o solu\u021bie versatil\u0103 pentru a eticheta \u0219i organiza.Aceste carduri sunt rezistente la zg\u00e2rieturi, ap\u0103 \u0219i solven\u021bi. Sunt perfect compatibile cu cartu\u0219ele e-mark, cu excep\u021bia celui cu pigment negru.<\/td>\n<td style=\"width: 50%\"><a href=\"https:\/\/online.colop.ro\/wp-content\/uploads\/2024\/11\/e-mark_plastic_sign_perforated_use_case1-scaled.jpg\" target=\"_blank\" rel=\"noopener\"><img loading=\"lazy\" decoding=\"async\" class=\"alignnone size-large wp-image-39612\" src=\"https:\/\/online.colop.ro\/wp-content\/uploads\/2024\/11\/e-mark_plastic_sign_perforated_use_case1-1024x683.jpg\" alt=\"\" width=\"960\" height=\"640\" srcset=\"https:\/\/newonline.colop.ro\/wp-content\/uploads\/2024\/11\/e-mark_plastic_sign_perforated_use_case1-1024x683.jpg 1024w, https:\/\/newonline.colop.ro\/wp-content\/uploads\/2024\/11\/e-mark_plastic_sign_perforated_use_case1-300x200.jpg 300w, https:\/\/newonline.colop.ro\/wp-content\/uploads\/2024\/11\/e-mark_plastic_sign_perforated_use_case1-768x512.jpg 768w, https:\/\/newonline.colop.ro\/wp-content\/uploads\/2024\/11\/e-mark_plastic_sign_perforated_use_case1-1536x1024.jpg 1536w, https:\/\/newonline.colop.ro\/wp-content\/uploads\/2024\/11\/e-mark_plastic_sign_perforated_use_case1-2048x1366.jpg 2048w, https:\/\/newonline.colop.ro\/wp-content\/uploads\/2024\/11\/e-mark_plastic_sign_perforated_use_case1-600x400.jpg 600w, https:\/\/newonline.colop.ro\/wp-content\/uploads\/2024\/11\/e-mark_plastic_sign_perforated_use_case1-81x54.jpg 81w\" sizes=\"(max-width: 960px) 100vw, 960px\" \/><\/a><\/td>\n<\/tr>\n<tr>\n<td style=\"width: 50%\"><a href=\"https:\/\/online.colop.ro\/wp-content\/uploads\/2024\/05\/154921___COLOP-e-mark-Ribbon-15.jpg\" target=\"_blank\" rel=\"noopener\"><img loading=\"lazy\" decoding=\"async\" class=\"wp-image-36956 size-medium aligncenter\" src=\"https:\/\/online.colop.ro\/wp-content\/uploads\/2024\/05\/154921___COLOP-e-mark-Ribbon-15-300x300.jpg\" alt=\"\" width=\"300\" height=\"300\" srcset=\"https:\/\/newonline.colop.ro\/wp-content\/uploads\/2024\/05\/154921___COLOP-e-mark-Ribbon-15-300x300.jpg 300w, https:\/\/newonline.colop.ro\/wp-content\/uploads\/2024\/05\/154921___COLOP-e-mark-Ribbon-15-150x150.jpg 150w, https:\/\/newonline.colop.ro\/wp-content\/uploads\/2024\/05\/154921___COLOP-e-mark-Ribbon-15-768x768.jpg 768w, https:\/\/newonline.colop.ro\/wp-content\/uploads\/2024\/05\/154921___COLOP-e-mark-Ribbon-15-450x450.jpg 450w, https:\/\/newonline.colop.ro\/wp-content\/uploads\/2024\/05\/154921___COLOP-e-mark-Ribbon-15-32x32.jpg 32w, https:\/\/newonline.colop.ro\/wp-content\/uploads\/2024\/05\/154921___COLOP-e-mark-Ribbon-15-90x90.jpg 90w, https:\/\/newonline.colop.ro\/wp-content\/uploads\/2024\/05\/154921___COLOP-e-mark-Ribbon-15-600x600.jpg 600w, https:\/\/newonline.colop.ro\/wp-content\/uploads\/2024\/05\/154921___COLOP-e-mark-Ribbon-15-54x54.jpg 54w, https:\/\/newonline.colop.ro\/wp-content\/uploads\/2024\/05\/154921___COLOP-e-mark-Ribbon-15-50x50.jpg 50w, https:\/\/newonline.colop.ro\/wp-content\/uploads\/2024\/05\/154921___COLOP-e-mark-Ribbon-15-100x100.jpg 100w, https:\/\/newonline.colop.ro\/wp-content\/uploads\/2024\/05\/154921___COLOP-e-mark-Ribbon-15-64x64.jpg 64w, https:\/\/newonline.colop.ro\/wp-content\/uploads\/2024\/05\/154921___COLOP-e-mark-Ribbon-15.jpg 1000w\" sizes=\"(max-width: 300px) 100vw, 300px\" \/><\/a><\/td>\n<td style=\"width: 50%\"><strong>Panglica e-mark 15 mm<\/strong> \u2013 este o panglic\u0103 de bumbac de \u00eenalt\u0103 calitate g\u00e2ndit\u0103 pentru personaliz\u0103ri perfecte. Fabricat\u0103 din bumbac 100%, produsul \u00eembin\u0103 aspectul premium cu sustenabilitatea, fiind o alternativ\u0103 elegant\u0103 \u0219i ecologic\u0103 pentru panglicile sintetice.Aceast\u0103 panglic\u0103 este optimizat\u0103 pentru ghidajele e-mark \u0219i asigur\u0103 o aplicare precis\u0103 \u0219i f\u0103r\u0103 efort. Cu o l\u0103\u021bime de 15 mm \u0219i o lungime generoas\u0103 de 25 m, ofer\u0103 sufficient material pentru toate proiectele tale creative.<\/td>\n<\/tr>\n<\/tbody>\n<\/table>\n","protected":false},"excerpt":{"rendered":"<p><strong>Pachetul include o selec\u021bie cu cele mai v\u00e2ndute produse e-mark:<\/strong><\/p>\n<ul>\n<li>1 imprimant\u0103 portabil\u0103 e-mark GO (include cartu\u0219 C2)<\/li>\n<li>1 ghidaj pentru panglici e-mark GO<\/li>\n<li>1 rigl\u0103 e-mark GO<\/li>\n<li>1 rol\u0103 de panglic\u0103 de bumbac cu dimensiunile 15 mm x 25 m<\/li>\n<li>1 pachet de carduri perforate (20 buc.)<\/li>\n<li>1 ghid de prezentare \u00een limba Englez\u0103<\/li>\n<\/ul>\n","protected":false},"featured_media":39602,"template":"","meta":[],"product_cat":[388],"product_tag":[],"_links":{"self":[{"href":"https:\/\/newonline.colop.ro\/index.php?rest_route=\/wp\/v2\/product\/39599"}],"collection":[{"href":"https:\/\/newonline.colop.ro\/index.php?rest_route=\/wp\/v2\/product"}],"about":[{"href":"https:\/\/newonline.colop.ro\/index.php?rest_route=\/wp\/v2\/types\/product"}],"version-history":[{"count":12,"href":"https:\/\/newonline.colop.ro\/index.php?rest_route=\/wp\/v2\/product\/39599\/revisions"}],"predecessor-version":[{"id":40563,"href":"https:\/\/newonline.colop.ro\/index.php?rest_route=\/wp\/v2\/product\/39599\/revisions\/40563"}],"wp:featuredmedia":[{"embeddable":true,"href":"https:\/\/newonline.colop.ro\/index.php?rest_route=\/wp\/v2\/media\/39602"}],"wp:attachment":[{"href":"https:\/\/newonline.colop.ro\/index.php?rest_route=%2Fwp%2Fv2%2Fmedia&parent=39599"}],"wp:term":[{"taxonomy":"product_cat","embeddable":true,"href":"https:\/\/newonline.colop.ro\/index.php?rest_route=%2Fwp%2Fv2%2Fproduct_cat&post=39599"},{"taxonomy":"product_tag","embeddable":true,"href":"https:\/\/newonline.colop.ro\/index.php?rest_route=%2Fwp%2Fv2%2Fproduct_tag&post=39599"}],"curies":[{"name":"wp","href":"https:\/\/api.w.org\/{rel}","templated":true}]}}