{"id":39588,"date":"2024-11-19T11:08:51","date_gmt":"2024-11-19T09:08:51","guid":{"rendered":"https:\/\/online.colop.ro\/?post_type=product&#038;p=39588"},"modified":"2025-07-31T22:10:08","modified_gmt":"2025-07-31T20:10:08","slug":"husa-de-protectie-pentru-imprimanta-portabila-e-mark-go","status":"publish","type":"product","link":"https:\/\/newonline.colop.ro\/?product=husa-de-protectie-pentru-imprimanta-portabila-e-mark-go","title":{"rendered":"Hus\u0103 de protec\u021bie pentru imprimanta portabil\u0103 e-mark GO"},"content":{"rendered":"<table class=\"product-atributes-table\" border=\"0\" width=\"100%\">\n<tbody>\n<tr style=\"font-family: verdana;\">\n<td>Husa protectoare e-mark go a fost g\u00e2ndit\u0103 special pentru a proteja imprimanta portabil\u0103 \u00een timpul transportului, fiind \u00een acela\u0219i timp un accesoriu cu stil.<\/p>\n<p>Realizat\u0103 din materiale u\u0219oare \u0219i durabile, husa ofer\u0103 protec\u021bie \u00eempotriva deterior\u0103rii mecanice, zg\u00e2rieturilor, stropilor, lovituri minore, murd\u0103riei, prafului, scamelor, umezelii \u0219i a altor factori externi. Po\u021bi depozita cablul de \u00eenc\u0103rcare USB \u00een compartimentul additional, pentru a avea la \u00eendem\u00e2n\u0103 toate lucrurile de care ai nevoie. Cu dimensiunile de 110 x 80 x 90 mm, aceast\u0103 hus\u0103 este perfecta pentru imprimanta e-mark go.<\/p>\n<p>Husa e-mark go este diponibil\u0103 \u00een dou\u0103 variante de culori elegante: gri \u0219i mov. Alege culoarea potrivit\u0103 stilului t\u0103u personal.<\/p>\n<p>Nu este compatibil\u0103 cu e-mark \u0219i e-mark create.<\/td>\n<\/tr>\n<\/tbody>\n<\/table>\n","protected":false},"excerpt":{"rendered":"<ul>\n<li>Material u\u0219or \u0219i durabil<\/li>\n<li>Ofer\u0103 protec\u021bie \u00eempotriva zg\u00e2rieturilor, pic\u0103turilor de ap\u0103, \u0219ocurilor sau al\u021bi factori externi<\/li>\n<li>Spa\u021biu additional pentru cablul de \u00eenc\u0103rcare USB<\/li>\n<li>Dimensiuni: 110 x 80 x 90 mm<\/li>\n<li><strong>Nu este compatibil\u0103 cu e-mark \u0219i e-mark create<\/strong><\/li>\n<\/ul>\n","protected":false},"featured_media":39595,"template":"","meta":[],"product_cat":[236],"product_tag":[],"_links":{"self":[{"href":"https:\/\/newonline.colop.ro\/index.php?rest_route=\/wp\/v2\/product\/39588"}],"collection":[{"href":"https:\/\/newonline.colop.ro\/index.php?rest_route=\/wp\/v2\/product"}],"about":[{"href":"https:\/\/newonline.colop.ro\/index.php?rest_route=\/wp\/v2\/types\/product"}],"version-history":[{"count":5,"href":"https:\/\/newonline.colop.ro\/index.php?rest_route=\/wp\/v2\/product\/39588\/revisions"}],"predecessor-version":[{"id":39598,"href":"https:\/\/newonline.colop.ro\/index.php?rest_route=\/wp\/v2\/product\/39588\/revisions\/39598"}],"wp:featuredmedia":[{"embeddable":true,"href":"https:\/\/newonline.colop.ro\/index.php?rest_route=\/wp\/v2\/media\/39595"}],"wp:attachment":[{"href":"https:\/\/newonline.colop.ro\/index.php?rest_route=%2Fwp%2Fv2%2Fmedia&parent=39588"}],"wp:term":[{"taxonomy":"product_cat","embeddable":true,"href":"https:\/\/newonline.colop.ro\/index.php?rest_route=%2Fwp%2Fv2%2Fproduct_cat&post=39588"},{"taxonomy":"product_tag","embeddable":true,"href":"https:\/\/newonline.colop.ro\/index.php?rest_route=%2Fwp%2Fv2%2Fproduct_tag&post=39588"}],"curies":[{"name":"wp","href":"https:\/\/api.w.org\/{rel}","templated":true}]}}