{"id":39197,"date":"2024-05-21T15:47:08","date_gmt":"2024-05-21T13:47:08","guid":{"rendered":"https:\/\/online.colop.ro\/?post_type=product&#038;p=39197"},"modified":"2025-07-31T22:10:13","modified_gmt":"2025-07-31T20:10:13","slug":"imprimanta-portabila-colop-e-mark-go","status":"publish","type":"product","link":"https:\/\/newonline.colop.ro\/?product=imprimanta-portabila-colop-e-mark-go","title":{"rendered":"Imprimant\u0103 portabil\u0103 COLOP E-mark GO"},"content":{"rendered":"<p>\u00a0<\/p>\n<table class=\"dcf-table dcf-table-responsive dcf-table-bordered dcf-table-striped dcf-w-100%\">\n<tbody>\n<tr>\n<td style=\"width: 100%;vertical-align: top\" colspan=\"2\">\n<h4><strong><a href=\"https:\/\/online.colop.ro\/wp-content\/uploads\/2024\/05\/header_descriere_e_mark_go.png\" target=\"_blank\" rel=\"noopener\"><img fetchpriority=\"high\" decoding=\"async\" class=\"alignnone wp-image-39456\" src=\"https:\/\/online.colop.ro\/wp-content\/uploads\/2024\/05\/header_descriere_e_mark_go.png\" alt=\"\" width=\"1280\" height=\"454\" srcset=\"https:\/\/newonline.colop.ro\/wp-content\/uploads\/2024\/05\/header_descriere_e_mark_go.png 1200w, https:\/\/newonline.colop.ro\/wp-content\/uploads\/2024\/05\/header_descriere_e_mark_go-300x107.png 300w, https:\/\/newonline.colop.ro\/wp-content\/uploads\/2024\/05\/header_descriere_e_mark_go-1024x364.png 1024w, https:\/\/newonline.colop.ro\/wp-content\/uploads\/2024\/05\/header_descriere_e_mark_go-768x273.png 768w, https:\/\/newonline.colop.ro\/wp-content\/uploads\/2024\/05\/header_descriere_e_mark_go-600x213.png 600w, https:\/\/newonline.colop.ro\/wp-content\/uploads\/2024\/05\/header_descriere_e_mark_go-90x32.png 90w\" sizes=\"(max-width: 1280px) 100vw, 1280px\" \/><\/a><br \/>\n<\/strong><\/h4>\n<\/td>\n<\/tr>\n<tr>\n<td style=\"vertical-align: top;width: 100%\" colspan=\"2\">\n<h4><strong>Imprimare multicolor\u0103 pe diverse suprafe\u021be<\/strong><\/h4>\n<p><span style=\"font-family: georgia, palatino, serif;font-size: 12pt\">At\u00e2t imprimanta, c\u00e2t \u0219i aplica\u021bia e-mark go au fost dezvoltate cu scopul de a oferi o experien\u021b\u0103 intuitiv\u0103 \u0219i facil\u0103, care \u00ee\u021bi permite \u00een acela\u0219i timp s\u0103 ai\u00a0 <\/span><span style=\"font-size: 12pt\"><span style=\"font-family: georgia, palatino, serif\">libertate maxim\u0103 <\/span><\/span><span style=\"font-size: 12pt\"><span style=\"font-family: georgia, palatino, serif\">\u00een <\/span><\/span><span style=\"font-size: 12pt\"><span style=\"font-family: georgia, palatino, serif\">creativitate \u0219i individualitate.<\/span><\/span><\/p>\n<p><span style=\"font-family: georgia, palatino, serif;font-size: 12pt\">Bazat\u0103 pe tehnologia inkjet, imprimanta portabil\u0103 e-mark go le permite utilizatorilor s\u0103 realizeze amprente multicolore pe aproape orice suprafa\u021b\u0103 absorbant\u0103, cum ar fi <\/span><span style=\"font-size: 12pt\"><span style=\"font-family: georgia, palatino, serif\">h\u00e2rtia, cartonul, plut\u0103, <\/span><\/span><span style=\"font-size: 12pt\"><span style=\"font-family: georgia, palatino, serif\">textile, lemn,<\/span><\/span><\/p>\n<p><span style=\"font-size: 12pt\"><span style=\"font-family: georgia, palatino, serif\">piatr\u0103, piele \u0219i nu numai. Partenerul creativ, care \u00eencape \u00een orice geant\u0103, este controlat prin intermediul unei <\/span><\/span><span style=\"font-size: 12pt\"><span style=\"font-family: georgia, palatino, serif\">aplica\u021bii \u00een care pot fi realizate design-uri <\/span><span style=\"font-family: georgia, palatino, serif\">originale. <\/span><\/span><span style=\"font-size: 12pt\"><span style=\"font-family: georgia, palatino, serif\">Dezvoltat \u0219i produs<\/span><\/span><\/p>\n<p><span style=\"font-size: 12pt\"><span style=\"font-family: georgia, palatino, serif\">\u00een Austria, e-mark go a c\u00e2\u0219tigat deja aurul la prestigiosul German Innovation Award 2022.<\/span><\/span><\/p>\n<p><span style=\"font-family: georgia, palatino, serif;font-size: 12pt\">\u201e\u00cen loc s\u0103 introduce o foaie de h\u00e2rtie, pur \u0219i simplu \u00eel pui pe suprafa\u021b\u0103. Acest lucru \u00eel face incredibil de convenabil de folosit \u0219i creeaz\u0103 \u00een acea\u0219i timp noi posibilit\u0103\u021bi <\/span><span style=\"font-family: georgia, palatino, serif;font-size: 12pt\">de aplicare.<\/span><\/p>\n<p><span style=\"font-family: georgia, palatino, serif;font-size: 12pt\">Un dispozitiv practic pentru oricine, u\u0219or de folosit \u0219i care se \u00eencadreaz\u0103 u\u0219or \u00een trendul DIY\u201d conform m\u0103rturiei juriului.<\/span><\/p>\n<p><span style=\"font-family: georgia, palatino, serif;font-size: 12pt\">Accesoriile \u0219i consumabilele completeaz\u0103 gama e-mark go.<\/span><\/p>\n<h4><strong>\u00a0<\/strong><\/h4>\n<\/td>\n<\/tr>\n<tr>\n<td style=\"vertical-align: top;width: 100%\" colspan=\"2\"><span data-mce-type=\"bookmark\" style=\"display: inline-block;width: 0px;overflow: hidden;line-height: 0\" class=\"mce_SELRES_start\">\ufeff<\/span><\/p>\n<h4><strong>\u00a0<\/strong><\/h4>\n<\/td>\n<\/tr>\n<\/tbody>\n<\/table>\n<table class=\"dcf-table dcf-table-responsive dcf-table-bordered dcf-table-striped dcf-w-100%\">\n<tbody>\n<tr>\n<td>\n<h4><a href=\"https:\/\/online.colop.ro\/wp-content\/uploads\/2024\/05\/cum-functioneaza_e_mark_go.png\" target=\"_blank\" rel=\"noopener\"><img decoding=\"async\" width=\"300\" height=\"300\" class=\"size-full wp-image-39463 aligncenter\" src=\"https:\/\/online.colop.ro\/wp-content\/uploads\/2024\/05\/cum-functioneaza_e_mark_go.png\" alt=\"\" srcset=\"https:\/\/newonline.colop.ro\/wp-content\/uploads\/2024\/05\/cum-functioneaza_e_mark_go.png 300w, https:\/\/newonline.colop.ro\/wp-content\/uploads\/2024\/05\/cum-functioneaza_e_mark_go-150x150.png 150w, https:\/\/newonline.colop.ro\/wp-content\/uploads\/2024\/05\/cum-functioneaza_e_mark_go-32x32.png 32w, https:\/\/newonline.colop.ro\/wp-content\/uploads\/2024\/05\/cum-functioneaza_e_mark_go-90x90.png 90w, https:\/\/newonline.colop.ro\/wp-content\/uploads\/2024\/05\/cum-functioneaza_e_mark_go-54x54.png 54w, https:\/\/newonline.colop.ro\/wp-content\/uploads\/2024\/05\/cum-functioneaza_e_mark_go-50x50.png 50w, https:\/\/newonline.colop.ro\/wp-content\/uploads\/2024\/05\/cum-functioneaza_e_mark_go-100x100.png 100w\" sizes=\"(max-width: 300px) 100vw, 300px\" \/><\/a><\/h4>\n<\/td>\n<td style=\"vertical-align: top\">\n<h4><strong>Cum s\u0103 folose\u0219ti e-mark go<\/strong><\/h4>\n<ol>\n<li><span style=\"font-size: 12pt\">Descarc\u0103 aplica\u021bia gratuit\u0103 pentru iOS sau Android<\/span><\/li>\n<li><span style=\"font-size: 12pt\">Creeaz\u0103 o amprent\u0103 sau alege unul din multele modele disponibile \u00een aplica\u021bie<\/span><\/li>\n<li><span style=\"font-size: 12pt\">Conecteaz\u0103 aplica\u021bia cu e-mark go<\/span><\/li>\n<li><span style=\"font-size: 12pt\">Trimite amprenta cu doar un click de la aplica\u021bie c\u0103tre imprimant\u0103<\/span><\/li>\n<li><span style=\"font-size: 12pt\">Imprim\u0103 direct pe aproape orice suprafa\u021b\u0103 absorbant\u0103 sau pe etichete<\/span><\/li>\n<\/ol>\n<\/td>\n<\/tr>\n<tr>\n<td style=\"vertical-align: top\"><a href=\"https:\/\/online.colop.ro\/wp-content\/uploads\/2024\/05\/go_usecase_bulletjournal1-scaled.jpg\" target=\"_blank\" rel=\"noopener\"><img decoding=\"async\" class=\"alignnone size-large wp-image-39468\" src=\"https:\/\/online.colop.ro\/wp-content\/uploads\/2024\/05\/go_usecase_bulletjournal1-1024x682.jpg\" alt=\"\" width=\"960\" height=\"639\" srcset=\"https:\/\/newonline.colop.ro\/wp-content\/uploads\/2024\/05\/go_usecase_bulletjournal1-1024x682.jpg 1024w, https:\/\/newonline.colop.ro\/wp-content\/uploads\/2024\/05\/go_usecase_bulletjournal1-300x200.jpg 300w, https:\/\/newonline.colop.ro\/wp-content\/uploads\/2024\/05\/go_usecase_bulletjournal1-768x512.jpg 768w, https:\/\/newonline.colop.ro\/wp-content\/uploads\/2024\/05\/go_usecase_bulletjournal1-1536x1024.jpg 1536w, https:\/\/newonline.colop.ro\/wp-content\/uploads\/2024\/05\/go_usecase_bulletjournal1-2048x1365.jpg 2048w, https:\/\/newonline.colop.ro\/wp-content\/uploads\/2024\/05\/go_usecase_bulletjournal1-600x400.jpg 600w, https:\/\/newonline.colop.ro\/wp-content\/uploads\/2024\/05\/go_usecase_bulletjournal1-81x54.jpg 81w\" sizes=\"(max-width: 960px) 100vw, 960px\" \/><\/a><\/td>\n<td style=\"vertical-align: top\">\n<h4><strong>Agende &amp; Organizare<\/strong><\/h4>\n<p><span style=\"font-size: 12pt\">e-mark go este unealta perfecta pentru a crea agende personalizate unice. Aceast\u0103 imprimant\u0103 portabil\u0103 transform\u0103 orice pagin\u0103 alb\u0103 , banal\u0103 de agenda \u00eentr-o oper\u0103 de art\u0103 \u00een c\u00e2teva secunde. Po\u021bi imprima direct \u00een caiet sau po\u021bi crea etichete \u0219i stickere frumoase pe care s\u0103 le lipe\u0219ti.<\/span><\/td>\n<\/tr>\n<tr>\n<td style=\"vertical-align: top\">\n<h4><span style=\"font-size: 12pt\"><strong>Panglici personalizate<\/strong><\/span><\/h4>\n<p><span style=\"font-size: 12pt\">Cu ajutorul ghidajului dedicat, po\u021bi imprima design-ul t\u0103u individual pe panglici. \u00ce\u021bi oferim chiar \u0219i o panglic\u0103 cu un strat special, care face ca imprim\u0103rile tale s\u0103 fie rezistente la ap\u0103. Realizeaz\u0103 panglici pentru buchetele de flori, creeaz\u0103 \u0219ireturi personalizate pentru teni\u0219i sau imprim\u0103-\u021bi propriul \u0219nur pentru telefonul mobil. E-mark go \u00ee\u021bi ofer\u0103 posibilit\u0103\u021bi nelimitate pentru a aduce culoare stilului t\u0103u de via\u021b\u0103.<\/span><\/td>\n<td style=\"vertical-align: top\"><a href=\"https:\/\/online.colop.ro\/wp-content\/uploads\/2024\/05\/go_usecase_accessories_group1-scaled.jpg\" target=\"_blank\" rel=\"noopener\"><img loading=\"lazy\" decoding=\"async\" class=\"alignnone size-large wp-image-39469\" src=\"https:\/\/online.colop.ro\/wp-content\/uploads\/2024\/05\/go_usecase_accessories_group1-1024x683.jpg\" alt=\"\" width=\"960\" height=\"640\" srcset=\"https:\/\/newonline.colop.ro\/wp-content\/uploads\/2024\/05\/go_usecase_accessories_group1-1024x683.jpg 1024w, https:\/\/newonline.colop.ro\/wp-content\/uploads\/2024\/05\/go_usecase_accessories_group1-300x200.jpg 300w, https:\/\/newonline.colop.ro\/wp-content\/uploads\/2024\/05\/go_usecase_accessories_group1-768x512.jpg 768w, https:\/\/newonline.colop.ro\/wp-content\/uploads\/2024\/05\/go_usecase_accessories_group1-1536x1024.jpg 1536w, https:\/\/newonline.colop.ro\/wp-content\/uploads\/2024\/05\/go_usecase_accessories_group1-2048x1365.jpg 2048w, https:\/\/newonline.colop.ro\/wp-content\/uploads\/2024\/05\/go_usecase_accessories_group1-600x400.jpg 600w, https:\/\/newonline.colop.ro\/wp-content\/uploads\/2024\/05\/go_usecase_accessories_group1-81x54.jpg 81w\" sizes=\"(max-width: 960px) 100vw, 960px\" \/><\/a><\/td>\n<\/tr>\n<tr>\n<td style=\"vertical-align: top\"><a href=\"https:\/\/online.colop.ro\/wp-content\/uploads\/2024\/05\/go_usecase_ruler_labelglossy-scaled.jpg\" target=\"_blank\" rel=\"noopener\"><img loading=\"lazy\" decoding=\"async\" class=\"alignnone size-large wp-image-39472\" src=\"https:\/\/online.colop.ro\/wp-content\/uploads\/2024\/05\/go_usecase_ruler_labelglossy-1024x683.jpg\" alt=\"\" width=\"960\" height=\"640\" srcset=\"https:\/\/newonline.colop.ro\/wp-content\/uploads\/2024\/05\/go_usecase_ruler_labelglossy-1024x683.jpg 1024w, https:\/\/newonline.colop.ro\/wp-content\/uploads\/2024\/05\/go_usecase_ruler_labelglossy-300x200.jpg 300w, https:\/\/newonline.colop.ro\/wp-content\/uploads\/2024\/05\/go_usecase_ruler_labelglossy-768x512.jpg 768w, https:\/\/newonline.colop.ro\/wp-content\/uploads\/2024\/05\/go_usecase_ruler_labelglossy-1536x1024.jpg 1536w, https:\/\/newonline.colop.ro\/wp-content\/uploads\/2024\/05\/go_usecase_ruler_labelglossy-2048x1366.jpg 2048w, https:\/\/newonline.colop.ro\/wp-content\/uploads\/2024\/05\/go_usecase_ruler_labelglossy-600x400.jpg 600w, https:\/\/newonline.colop.ro\/wp-content\/uploads\/2024\/05\/go_usecase_ruler_labelglossy-81x54.jpg 81w\" sizes=\"(max-width: 960px) 100vw, 960px\" \/><\/a><\/td>\n<td style=\"vertical-align: top\">\n<h4><strong>Etichete<\/strong><\/h4>\n<p><span style=\"font-size: 12pt\">Folose\u0219te colec\u021bia noastr\u0103 de role de etichete \u0219i personalizeaz\u0103-le cu o simpl\u0103 glisare lateral\u0103. Alege \u00eentre etichetele albe, transparente sau cele textile care pot fi lipite termic pe diverse materiale, pentru a face imprimarea rezistent\u0103 la ap\u0103.<\/span><\/td>\n<\/tr>\n<tr>\n<td style=\"vertical-align: top\">\n<h4>\u00a0<strong style=\"font-family: inherit;font-size: inherit\">Semnalizare \u0219i etichetare<\/strong><\/h4>\n<p><span style=\"font-size: 12pt\">e-mark go ofer\u0103 printre multele lui caracteristici \u0219i posibilitatea de imprimare de semne \u0219i etichete. Rigla te ajut\u0103 s\u0103 pozi\u021bionezi perfect amprenta pe suprafe\u021bele \u00eenguste.<\/span><\/td>\n<td style=\"vertical-align: top\"><a href=\"https:\/\/online.colop.ro\/wp-content\/uploads\/2024\/05\/go_usecase_ruler_tags_hand_whitedesk-scaled.jpg\" target=\"_blank\" rel=\"noopener\"><img loading=\"lazy\" decoding=\"async\" class=\"alignnone size-large wp-image-39471\" src=\"https:\/\/online.colop.ro\/wp-content\/uploads\/2024\/05\/go_usecase_ruler_tags_hand_whitedesk-1024x683.jpg\" alt=\"\" width=\"960\" height=\"640\" srcset=\"https:\/\/newonline.colop.ro\/wp-content\/uploads\/2024\/05\/go_usecase_ruler_tags_hand_whitedesk-1024x683.jpg 1024w, https:\/\/newonline.colop.ro\/wp-content\/uploads\/2024\/05\/go_usecase_ruler_tags_hand_whitedesk-300x200.jpg 300w, https:\/\/newonline.colop.ro\/wp-content\/uploads\/2024\/05\/go_usecase_ruler_tags_hand_whitedesk-768x512.jpg 768w, https:\/\/newonline.colop.ro\/wp-content\/uploads\/2024\/05\/go_usecase_ruler_tags_hand_whitedesk-1536x1024.jpg 1536w, https:\/\/newonline.colop.ro\/wp-content\/uploads\/2024\/05\/go_usecase_ruler_tags_hand_whitedesk-2048x1365.jpg 2048w, https:\/\/newonline.colop.ro\/wp-content\/uploads\/2024\/05\/go_usecase_ruler_tags_hand_whitedesk-600x400.jpg 600w, https:\/\/newonline.colop.ro\/wp-content\/uploads\/2024\/05\/go_usecase_ruler_tags_hand_whitedesk-81x54.jpg 81w\" sizes=\"(max-width: 960px) 100vw, 960px\" \/><\/a><\/td>\n<\/tr>\n<tr>\n<td style=\"vertical-align: top\"><a href=\"https:\/\/online.colop.ro\/wp-content\/uploads\/2024\/05\/go_usecase_ruler_sneaker1-scaled.jpg\" target=\"_blank\" rel=\"noopener\"><img loading=\"lazy\" decoding=\"async\" class=\"alignnone size-large wp-image-39474\" src=\"https:\/\/online.colop.ro\/wp-content\/uploads\/2024\/05\/go_usecase_ruler_sneaker1-1024x683.jpg\" alt=\"\" width=\"960\" height=\"640\" srcset=\"https:\/\/newonline.colop.ro\/wp-content\/uploads\/2024\/05\/go_usecase_ruler_sneaker1-1024x683.jpg 1024w, https:\/\/newonline.colop.ro\/wp-content\/uploads\/2024\/05\/go_usecase_ruler_sneaker1-300x200.jpg 300w, https:\/\/newonline.colop.ro\/wp-content\/uploads\/2024\/05\/go_usecase_ruler_sneaker1-768x512.jpg 768w, https:\/\/newonline.colop.ro\/wp-content\/uploads\/2024\/05\/go_usecase_ruler_sneaker1-1536x1024.jpg 1536w, https:\/\/newonline.colop.ro\/wp-content\/uploads\/2024\/05\/go_usecase_ruler_sneaker1-2048x1365.jpg 2048w, https:\/\/newonline.colop.ro\/wp-content\/uploads\/2024\/05\/go_usecase_ruler_sneaker1-600x400.jpg 600w, https:\/\/newonline.colop.ro\/wp-content\/uploads\/2024\/05\/go_usecase_ruler_sneaker1-81x54.jpg 81w\" sizes=\"(max-width: 960px) 100vw, 960px\" \/><\/a><\/td>\n<td style=\"vertical-align: top\">\n<h4><strong>Imprimare pe textile<\/strong><\/h4>\n<p><span style=\"font-size: 12pt\">Imprim\u0103 direct \u0219i full color pe teni\u0219ii din p\u00e2nz\u0103. Cu doar c\u00e2teva glis\u0103ri, po\u021bi crea design-ul t\u0103u unic de care po\u021bi fi sigur c\u0103 nimeni nu \u00eel mai are. Folose\u0219te un spary de fixare pentru a face amprenta reizstent\u0103 la ap\u0103.<\/span><\/td>\n<\/tr>\n<tr>\n<td style=\"vertical-align: top\">\n<h4><strong>Imprim\u0103 pe aproape orice suprafa\u021b\u0103 absorbant\u0103<\/strong><\/h4>\n<p><span style=\"font-size: 12pt\">Imprim\u0103 pe lemn, textile, plut\u0103, piatr\u0103, pene. At\u00e2t de multe posibilit\u0103\u021bi.<\/span><\/td>\n<td style=\"vertical-align: top\"><a href=\"https:\/\/online.colop.ro\/wp-content\/uploads\/2024\/05\/go_usecase_examples1-1-scaled.jpg\" target=\"_blank\" rel=\"noopener\"><img loading=\"lazy\" decoding=\"async\" class=\"alignnone size-large wp-image-39473\" src=\"https:\/\/online.colop.ro\/wp-content\/uploads\/2024\/05\/go_usecase_examples1-1-1024x683.jpg\" alt=\"\" width=\"960\" height=\"640\" srcset=\"https:\/\/newonline.colop.ro\/wp-content\/uploads\/2024\/05\/go_usecase_examples1-1-1024x683.jpg 1024w, https:\/\/newonline.colop.ro\/wp-content\/uploads\/2024\/05\/go_usecase_examples1-1-300x200.jpg 300w, https:\/\/newonline.colop.ro\/wp-content\/uploads\/2024\/05\/go_usecase_examples1-1-768x512.jpg 768w, https:\/\/newonline.colop.ro\/wp-content\/uploads\/2024\/05\/go_usecase_examples1-1-1536x1024.jpg 1536w, https:\/\/newonline.colop.ro\/wp-content\/uploads\/2024\/05\/go_usecase_examples1-1-2048x1365.jpg 2048w, https:\/\/newonline.colop.ro\/wp-content\/uploads\/2024\/05\/go_usecase_examples1-1-600x400.jpg 600w, https:\/\/newonline.colop.ro\/wp-content\/uploads\/2024\/05\/go_usecase_examples1-1-81x54.jpg 81w\" sizes=\"(max-width: 960px) 100vw, 960px\" \/><\/a><\/td>\n<\/tr>\n<\/tbody>\n<\/table>\n","protected":false},"excerpt":{"rendered":"<p>e-mark go de la COLOP este o imprimant\u0103 portabil\u0103 inovatoare, ideal\u0103 pentru marcarea rapid\u0103 a suprafe\u021belor absorbante. Aceasta este o solu\u021bie compact\u0103 \u0219i u\u0219or de utilizat, potrivit\u0103 pentru a personaliza diverse materiale precum h\u00e2rtia, cartonul, textilele, lemnul nefinisat \u0219i altele.<\/p>\n<p>Folose\u0219te tehnologia inkjet \u0219i se conecteaz\u0103 prin Blootooth la o aplica\u021bie mobil\u0103, disponibil\u0103 100% gratuit, care permite personalizarea textelor, simbolurilor, codurilor QR \u00eenainte de imprimare.<\/p>\n","protected":false},"featured_media":39200,"template":"","meta":[],"product_cat":[408,234,98],"product_tag":[],"_links":{"self":[{"href":"https:\/\/newonline.colop.ro\/index.php?rest_route=\/wp\/v2\/product\/39197"}],"collection":[{"href":"https:\/\/newonline.colop.ro\/index.php?rest_route=\/wp\/v2\/product"}],"about":[{"href":"https:\/\/newonline.colop.ro\/index.php?rest_route=\/wp\/v2\/types\/product"}],"version-history":[{"count":8,"href":"https:\/\/newonline.colop.ro\/index.php?rest_route=\/wp\/v2\/product\/39197\/revisions"}],"predecessor-version":[{"id":40514,"href":"https:\/\/newonline.colop.ro\/index.php?rest_route=\/wp\/v2\/product\/39197\/revisions\/40514"}],"wp:featuredmedia":[{"embeddable":true,"href":"https:\/\/newonline.colop.ro\/index.php?rest_route=\/wp\/v2\/media\/39200"}],"wp:attachment":[{"href":"https:\/\/newonline.colop.ro\/index.php?rest_route=%2Fwp%2Fv2%2Fmedia&parent=39197"}],"wp:term":[{"taxonomy":"product_cat","embeddable":true,"href":"https:\/\/newonline.colop.ro\/index.php?rest_route=%2Fwp%2Fv2%2Fproduct_cat&post=39197"},{"taxonomy":"product_tag","embeddable":true,"href":"https:\/\/newonline.colop.ro\/index.php?rest_route=%2Fwp%2Fv2%2Fproduct_tag&post=39197"}],"curies":[{"name":"wp","href":"https:\/\/api.w.org\/{rel}","templated":true}]}}