{"id":39075,"date":"2024-05-21T09:54:31","date_gmt":"2024-05-21T07:54:31","guid":{"rendered":"https:\/\/online.colop.ro\/?post_type=product&#038;p=39075"},"modified":"2025-07-31T22:13:14","modified_gmt":"2025-07-31T20:13:14","slug":"stampila-ceramica-tatuaje-temporare-ladot-cosmetics-s-albinuta","status":"publish","type":"product","link":"https:\/\/newonline.colop.ro\/?product=stampila-ceramica-tatuaje-temporare-ladot-cosmetics-s-albinuta","title":{"rendered":"\u0218tampil\u0103 ceramic\u0103 tatuaje temporare LaDot Cosmetics, S &#8211; Albinu\u021b\u0103"},"content":{"rendered":"<h2><span style=\"color: #333399\"><em>Crea\u021bi-v\u0103 propriul stil!<\/em><\/span><\/h2>\n<h1><span style=\"font-size: 36pt;color: #ffcc99\"><em>\u02dc\u02dc<\/em><\/span><span style=\"font-size: 36pt;color: #ffcc99\"><em>\u02dc\u02dc<\/em><\/span><span style=\"font-size: 36pt;color: #ffcc99\"><em>\u02dc\u02dc<\/em><\/span><span style=\"font-size: 36pt;color: #ffcc99\"><em>\u02dc\u02dc<\/em><\/span><span style=\"font-size: 36pt;color: #ffcc99\"><em>\u02dc\u02dc<\/em><\/span><span style=\"font-size: 36pt;color: #ffcc99\"><em>\u02dc\u02dc<\/em><\/span><\/h1>\n<p>Dac\u0103 vrei s\u0103-\u021bi decorezi pielea cu modele atractive, dar nu vrei un tatuaj permanent, LaDot este produsul potrivit pentru tine. Tatuajele LaDot v\u0103 vor oferi un aspect autentic, f\u0103r\u0103 angajament pe via\u021b\u0103.<\/p>\n<p>\u0218tampilele ceramice LaDot sunt hipoalergenice \u0219i au o durat\u0103 lung\u0103 de via\u021b\u0103. Tatuajele sunt pe baz\u0103 de cosmetice, rezistente la ap\u0103 \u0219i u\u0219or de \u00eendep\u0103rtat cu demachiant sau ulei pentru copii. Toate produsele LaDot sunt riguros testate \u0219i certificate, conform cerin\u021belor legale europene \u0219i, prin urmare, respect\u0103 Regulamentul privind cosmeticele EC Nr. 1223\/2009.<\/p>\n<p>Mod de folosire:<\/p>\n<ul>\n<li>Tu\u0219a\u021bi tu\u0219iera cu tu\u0219ul special LaDot cu minim 30 de minute \u00eenainte de folosire<\/li>\n<li>Degresa\u021bi pielea cu un produs pe baz\u0103 de alcool<\/li>\n<li>Aplica\u021bi \u0219tampila ceramic\u0103 \u00een tu\u0219ier\u0103, apoi pe piele prin rulare, cu o presiune moderat\u0103<\/li>\n<li>U\u0219or de \u00eendep\u0103rtat cu ap\u0103 \u0219i s\u0103pun dupa 3-4 sp\u0103l\u0103ri sau imediat cu un produs demachiant pe baz\u0103 de alcool sau cu ulei pentru bebelu\u0219i<\/li>\n<\/ul>\n<p>ATEN\u021aIE! Cutia con\u021bine doar \u0219tampila ceramic\u0103. Tu\u0219iera \u0219i tu\u0219ul se achizi\u021bioneaz\u0103 separat.<\/p>\n","protected":false},"excerpt":{"rendered":"<p>Crea\u021bi-v\u0103 propriul stil! \u02dc\u02dc\u02dc\u02dc\u02dc\u02dc\u02dc\u02dc\u02dc\u02dc\u02dc\u02dc Dac\u0103 vrei s\u0103-\u021bi decorezi pielea cu modele atractive, dar nu vrei un tatuaj permanent, LaDot este produsul potrivit pentru tine. Tatuajele LaDot v\u0103 vor oferi un aspect autentic, f\u0103r\u0103 angajament pe via\u021b\u0103. \u0218tampilele ceramice LaDot sunt hipoalergenice \u0219i au o durat\u0103 lung\u0103 de via\u021b\u0103. Tatuajele sunt pe baz\u0103 de cosmetice, rezistente<\/p>\n<div class=\"klb-readmore entry-button\"><a class=\"btn read-more\" href=\"https:\/\/newonline.colop.ro\/?product=stampila-ceramica-tatuaje-temporare-ladot-cosmetics-s-albinuta\">Afl\u0103 mai mult<\/a><\/div>\n","protected":false},"featured_media":39077,"template":"","meta":[],"product_cat":[351,369,572],"product_tag":[],"_links":{"self":[{"href":"https:\/\/newonline.colop.ro\/index.php?rest_route=\/wp\/v2\/product\/39075"}],"collection":[{"href":"https:\/\/newonline.colop.ro\/index.php?rest_route=\/wp\/v2\/product"}],"about":[{"href":"https:\/\/newonline.colop.ro\/index.php?rest_route=\/wp\/v2\/types\/product"}],"version-history":[{"count":1,"href":"https:\/\/newonline.colop.ro\/index.php?rest_route=\/wp\/v2\/product\/39075\/revisions"}],"predecessor-version":[{"id":40616,"href":"https:\/\/newonline.colop.ro\/index.php?rest_route=\/wp\/v2\/product\/39075\/revisions\/40616"}],"wp:featuredmedia":[{"embeddable":true,"href":"https:\/\/newonline.colop.ro\/index.php?rest_route=\/wp\/v2\/media\/39077"}],"wp:attachment":[{"href":"https:\/\/newonline.colop.ro\/index.php?rest_route=%2Fwp%2Fv2%2Fmedia&parent=39075"}],"wp:term":[{"taxonomy":"product_cat","embeddable":true,"href":"https:\/\/newonline.colop.ro\/index.php?rest_route=%2Fwp%2Fv2%2Fproduct_cat&post=39075"},{"taxonomy":"product_tag","embeddable":true,"href":"https:\/\/newonline.colop.ro\/index.php?rest_route=%2Fwp%2Fv2%2Fproduct_tag&post=39075"}],"curies":[{"name":"wp","href":"https:\/\/api.w.org\/{rel}","templated":true}]}}