{"id":39061,"date":"2024-05-20T12:32:37","date_gmt":"2024-05-20T10:32:37","guid":{"rendered":"https:\/\/online.colop.ro\/?post_type=product&#038;p=39061"},"modified":"2025-09-11T09:11:28","modified_gmt":"2025-09-11T07:11:28","slug":"stampila-cu-tus-de-textile-my-marky","status":"publish","type":"product","link":"https:\/\/newonline.colop.ro\/?product=stampila-cu-tus-de-textile-my-marky","title":{"rendered":"\u0218tampil\u0103 cu tu\u0219 de textile My Marky"},"content":{"rendered":"<p>Cel mai rapid, u\u0219or \u0219i convenabil mod de a proteja toate obiectele copiilor.<\/p>\n<p>MY MARKY este \u0219tampila practic\u0103 pentru etichetare pentru \u0219coal\u0103, sport \u0219i realaxare.<\/p>\n<p>Rapid\u0103: cu doar un click po\u0163i eticheta \u0219i personaliza haine, pantofi, echipament sportiv, c\u0103r\u0163i, mape, sticlu\u0163e de ap\u0103 etc.<\/p>\n<p>Durabil\u0103: tu\u0219ul rezistent la ap\u0103 r\u0103m\u00e2ne \u0219i la sp\u0103l\u0103ri la 90\u00b0, iar etichetele incluse rezist\u0103 de asemenea.<\/p>\n<p>Versatil\u0103: MY MARKY poate fi folosit\u0103 at\u00e2t pe textile deschise la culoare, c\u00e2t \u0219i \u00eenchise \u0219i pe suprafe\u0163e non-absorbante cu ajutorul etichetelor.<\/p>\n<p>Economic\u0103: p\u00e2n\u0103 la 1000 de aprent\u0103ri<\/p>\n","protected":false},"excerpt":{"rendered":"<p>Cel mai rapid, u\u0219or \u0219i convenabil mod de a proteja toate obiectele copiilor. MY MARKY este \u0219tampila practic\u0103 pentru etichetare pentru \u0219coal\u0103, sport \u0219i realaxare. Rapid\u0103: cu doar un click po\u0163i eticheta \u0219i personaliza haine, pantofi, echipament sportiv, c\u0103r\u0163i, mape, sticlu\u0163e de ap\u0103 etc. Durabil\u0103: tu\u0219ul rezistent la ap\u0103 r\u0103m\u00e2ne \u0219i la sp\u0103l\u0103ri la 90\u00b0,<\/p>\n<div class=\"klb-readmore entry-button\"><a class=\"btn read-more\" href=\"https:\/\/newonline.colop.ro\/?product=stampila-cu-tus-de-textile-my-marky\">Afl\u0103 mai mult<\/a><\/div>\n","protected":false},"featured_media":39048,"template":"","meta":[],"product_cat":[106,571],"product_tag":[],"_links":{"self":[{"href":"https:\/\/newonline.colop.ro\/index.php?rest_route=\/wp\/v2\/product\/39061"}],"collection":[{"href":"https:\/\/newonline.colop.ro\/index.php?rest_route=\/wp\/v2\/product"}],"about":[{"href":"https:\/\/newonline.colop.ro\/index.php?rest_route=\/wp\/v2\/types\/product"}],"version-history":[{"count":1,"href":"https:\/\/newonline.colop.ro\/index.php?rest_route=\/wp\/v2\/product\/39061\/revisions"}],"predecessor-version":[{"id":41001,"href":"https:\/\/newonline.colop.ro\/index.php?rest_route=\/wp\/v2\/product\/39061\/revisions\/41001"}],"wp:featuredmedia":[{"embeddable":true,"href":"https:\/\/newonline.colop.ro\/index.php?rest_route=\/wp\/v2\/media\/39048"}],"wp:attachment":[{"href":"https:\/\/newonline.colop.ro\/index.php?rest_route=%2Fwp%2Fv2%2Fmedia&parent=39061"}],"wp:term":[{"taxonomy":"product_cat","embeddable":true,"href":"https:\/\/newonline.colop.ro\/index.php?rest_route=%2Fwp%2Fv2%2Fproduct_cat&post=39061"},{"taxonomy":"product_tag","embeddable":true,"href":"https:\/\/newonline.colop.ro\/index.php?rest_route=%2Fwp%2Fv2%2Fproduct_tag&post=39061"}],"curies":[{"name":"wp","href":"https:\/\/api.w.org\/{rel}","templated":true}]}}