{"id":39029,"date":"2024-05-17T13:40:35","date_gmt":"2024-05-17T11:40:35","guid":{"rendered":"https:\/\/online.colop.ro\/?post_type=product&#038;p=39029"},"modified":"2025-07-31T22:12:26","modified_gmt":"2025-07-31T20:12:26","slug":"set-12-stampile-woodies-school-animale-de-la-ferma","status":"publish","type":"product","link":"https:\/\/newonline.colop.ro\/?product=set-12-stampile-woodies-school-animale-de-la-ferma","title":{"rendered":"Set 12 \u0219tampile Woodies School &#8211; Animale de la ferm\u0103"},"content":{"rendered":"<p>Una dintre responasabilit\u0103\u0163ile unui \u00eenv\u0103\u0163\u0103tor dedicat este nu numai aceea de a-i \u00eenv\u0103\u0163a, dar \u0219i a-i educa pe copii \u00een acela\u0219i timp.<\/p>\n<p>Copii mai mici, de \u0219coal\u0103 primar\u0103, reac\u0163ioneaz\u0103 pozitiv la laudele creative, pe care sunt m\u00e2ndri s\u0103 le arate p\u0103rin\u0163ilor acas\u0103.<\/p>\n<p>Mici simboluri, un indiciu motivant sau o ilustra\u0163ie de amintire \u00eei ajut\u0103 s\u0103 duc\u0103 la bun sf\u00e2r\u0219it ziua de \u0219coal\u0103.<\/p>\n","protected":false},"excerpt":{"rendered":"<p>Una dintre responasabilit\u0103\u0163ile unui \u00eenv\u0103\u0163\u0103tor dedicat este nu numai aceea de a-i \u00eenv\u0103\u0163a, dar \u0219i a-i educa pe copii \u00een acela\u0219i timp. Copii mai mici, de \u0219coal\u0103 primar\u0103, reac\u0163ioneaz\u0103 pozitiv la laudele creative, pe care sunt m\u00e2ndri s\u0103 le arate p\u0103rin\u0163ilor acas\u0103. Mici simboluri, un indiciu motivant sau o ilustra\u0163ie de amintire \u00eei ajut\u0103 s\u0103<\/p>\n<div class=\"klb-readmore entry-button\"><a class=\"btn read-more\" href=\"https:\/\/newonline.colop.ro\/?product=set-12-stampile-woodies-school-animale-de-la-ferma\">Afl\u0103 mai mult<\/a><\/div>\n","protected":false},"featured_media":39030,"template":"","meta":[],"product_cat":[569],"product_tag":[],"_links":{"self":[{"href":"https:\/\/newonline.colop.ro\/index.php?rest_route=\/wp\/v2\/product\/39029"}],"collection":[{"href":"https:\/\/newonline.colop.ro\/index.php?rest_route=\/wp\/v2\/product"}],"about":[{"href":"https:\/\/newonline.colop.ro\/index.php?rest_route=\/wp\/v2\/types\/product"}],"version-history":[{"count":1,"href":"https:\/\/newonline.colop.ro\/index.php?rest_route=\/wp\/v2\/product\/39029\/revisions"}],"predecessor-version":[{"id":40556,"href":"https:\/\/newonline.colop.ro\/index.php?rest_route=\/wp\/v2\/product\/39029\/revisions\/40556"}],"wp:featuredmedia":[{"embeddable":true,"href":"https:\/\/newonline.colop.ro\/index.php?rest_route=\/wp\/v2\/media\/39030"}],"wp:attachment":[{"href":"https:\/\/newonline.colop.ro\/index.php?rest_route=%2Fwp%2Fv2%2Fmedia&parent=39029"}],"wp:term":[{"taxonomy":"product_cat","embeddable":true,"href":"https:\/\/newonline.colop.ro\/index.php?rest_route=%2Fwp%2Fv2%2Fproduct_cat&post=39029"},{"taxonomy":"product_tag","embeddable":true,"href":"https:\/\/newonline.colop.ro\/index.php?rest_route=%2Fwp%2Fv2%2Fproduct_tag&post=39029"}],"curies":[{"name":"wp","href":"https:\/\/api.w.org\/{rel}","templated":true}]}}