{"id":37443,"date":"2024-05-09T22:03:07","date_gmt":"2024-05-09T20:03:07","guid":{"rendered":"https:\/\/online.colop.ro\/web2023\/?post_type=product&#038;p=37443"},"modified":"2025-07-31T22:40:50","modified_gmt":"2025-07-31T20:40:50","slug":"stampila-kids-protect","status":"publish","type":"product","link":"https:\/\/newonline.colop.ro\/?product=stampila-kids-protect","title":{"rendered":"\u0218tampila KIDS PROTECT"},"content":{"rendered":"<div class=\"\">\n<div class=\"description\">\n<p>\u0218tampila <strong>Kids Protect<\/strong> folose\u0219te cerneal\u0103 certificat\u0103 dermatologic. Cu alte cuvinte, folosim cerneal\u0103 ce este absolut sigur\u0103 pentru piele. Fiecare \u0219tampil\u0103 poate fi folosit\u0103 pentru aproximativ 3000 de imprim\u0103ri sau pentru 500 de zile, dac\u0103 se fac 5-6 imprim\u0103ri pe zi.<\/p>\n<p>\u00a0<\/p>\n<\/div>\n<\/div>\n<div class=\"clear\"><\/div>\n","protected":false},"excerpt":{"rendered":"<p>&nbsp;<\/p>\n<p><strong>Despre \u0218tampila Kids Protect <\/strong><\/p>\n<p>Este produs\u0103 de <strong>COLOP<\/strong> \u00een Austria, astfel \u00eenc\u00e2t respect\u0103 toate regulamentele \u00een vigoare pentru a asigura cea mai \u00eenalt\u0103 calitate.<\/p>\n<p>Beneficiaz\u0103 de protec\u021bie anti-bacterial\u0103 <strong>MICROBAN<\/strong>\u00ae, ce ofer\u0103 un strat suplimentar \u00eempotriva microbilor. \u00cencorporat\u0103 direct \u00een procesul de produc\u021bie, protec\u021bia <strong>Microban<\/strong>\u00ae ac\u021bioneaz\u0103 \u00eempotriva dezvolt\u0103rii bacteriilor periculoase. Aten\u021bie! <strong>Microban<\/strong> nu protejeaz\u0103 \u00eempotriva virusului Covid19, ac\u021bion\u00e2nd numai la nivel bacterian.<\/p>\n<p><a class=\"single_add_to_cart_button button alt\" href=\"https:\/\/online.colop.ro\/produse\/stampile-gata-de-utilizare\/stampile-text-predefinit\/stampila-protect-kids.html\" target=\"_blank\" rel=\"noopener noreferrer\"><strong>Cump\u0103r\u0103 online<\/strong><\/a><\/p>\n","protected":false},"featured_media":37477,"template":"","meta":[],"product_cat":[99,104],"product_tag":[118],"_links":{"self":[{"href":"https:\/\/newonline.colop.ro\/index.php?rest_route=\/wp\/v2\/product\/37443"}],"collection":[{"href":"https:\/\/newonline.colop.ro\/index.php?rest_route=\/wp\/v2\/product"}],"about":[{"href":"https:\/\/newonline.colop.ro\/index.php?rest_route=\/wp\/v2\/types\/product"}],"version-history":[{"count":1,"href":"https:\/\/newonline.colop.ro\/index.php?rest_route=\/wp\/v2\/product\/37443\/revisions"}],"predecessor-version":[{"id":40822,"href":"https:\/\/newonline.colop.ro\/index.php?rest_route=\/wp\/v2\/product\/37443\/revisions\/40822"}],"wp:featuredmedia":[{"embeddable":true,"href":"https:\/\/newonline.colop.ro\/index.php?rest_route=\/wp\/v2\/media\/37477"}],"wp:attachment":[{"href":"https:\/\/newonline.colop.ro\/index.php?rest_route=%2Fwp%2Fv2%2Fmedia&parent=37443"}],"wp:term":[{"taxonomy":"product_cat","embeddable":true,"href":"https:\/\/newonline.colop.ro\/index.php?rest_route=%2Fwp%2Fv2%2Fproduct_cat&post=37443"},{"taxonomy":"product_tag","embeddable":true,"href":"https:\/\/newonline.colop.ro\/index.php?rest_route=%2Fwp%2Fv2%2Fproduct_tag&post=37443"}],"curies":[{"name":"wp","href":"https:\/\/api.w.org\/{rel}","templated":true}]}}