{"id":37208,"date":"2024-05-09T21:58:40","date_gmt":"2024-05-09T19:58:40","guid":{"rendered":"https:\/\/online.colop.ro\/web2023\/?post_type=product&#038;p=37208"},"modified":"2025-07-31T22:33:13","modified_gmt":"2025-07-31T20:33:13","slug":"cifriera-manuala-15008","status":"publish","type":"product","link":"https:\/\/newonline.colop.ro\/?product=cifriera-manuala-15008","title":{"rendered":"Cifrier\u0103 manual\u0103 15008"},"content":{"rendered":"<div class=\"\">\n<div class=\"description\">\n<div class=\"\">\n<div class=\"description\">\n<div class=\"\">\n<div class=\"description\">\n<div class=\"\">\n<div class=\"description\">\n<div class=\"\">\n<div class=\"description\">\n<div class=\"\">\n<div class=\"description\">\n<div class=\"\">\n<div class=\"description\">\n<div class=\"\">\n<div class=\"description\">\n<div class=\"\">\n<div class=\"description\">\n<p>Num\u0103r\u0103tor manual cu benzi. Amprenta con\u021bine 8 cifre cu \u00een\u0103l\u021bime de 15 mm. Fiecare band\u0103 con\u0163ine cifre de la 0 la 9. Necesit\u0103 o tu\u015fier\u0103 separat\u0103.<\/p>\n<\/div>\n<\/div>\n<\/div>\n<\/div>\n<\/div>\n<\/div>\n<\/div>\n<\/div>\n<\/div>\n<\/div>\n<\/div>\n<\/div>\n<\/div>\n<\/div>\n<\/div>\n<\/div>\n<\/div>\n<\/div>\n","protected":false},"excerpt":{"rendered":"<table class=\"product-atributes-table\" border=\"0\" width=\"100%\">\n<tbody>\n<tr>\n<td align=\"left\" valign=\"middle\"><\/td>\n<td align=\"right\" valign=\"middle\"><\/td>\n<\/tr>\n<tr>\n<td colspan=\"2\"><strong>Informa\u021bii produs<\/strong><\/td>\n<\/tr>\n<tr>\n<td align=\"left\" valign=\"middle\">\u00cen\u0103l\u021bime cifr\u0103:<\/td>\n<td align=\"right\" valign=\"middle\">15 mm<\/td>\n<\/tr>\n<tr>\n<td align=\"left\" valign=\"middle\">Cifre:<\/td>\n<td align=\"right\" valign=\"middle\">8<\/td>\n<\/tr>\n<tr>\n<td align=\"left\" valign=\"middle\"><\/td>\n<td align=\"right\" valign=\"middle\"><\/td>\n<\/tr>\n<\/tbody>\n<\/table>\n<p>&nbsp;<\/p>\n<p><img decoding=\"async\" class=\"alignnone size-full wp-image-17766\" src=\"https:\/\/online.colop.ro\/wp-content\/uploads\/2020\/09\/imprints_12008-1.jpg\" alt=\"\" width=\"200\" height=\"36\" \/><\/p>\n<p><a class=\"single_add_to_cart_button button alt\" href=\"https:\/\/online.colop.ro\/produse\/stampile-gata-de-utilizare\/numaratoare\/15008-numberer.html\" target=\"_blank\" rel=\"noopener noreferrer\"><strong>Cump\u0103r\u0103 online<\/strong><\/a><\/p>\n","protected":false},"featured_media":37253,"template":"","meta":[],"product_cat":[579,95],"product_tag":[],"_links":{"self":[{"href":"https:\/\/newonline.colop.ro\/index.php?rest_route=\/wp\/v2\/product\/37208"}],"collection":[{"href":"https:\/\/newonline.colop.ro\/index.php?rest_route=\/wp\/v2\/product"}],"about":[{"href":"https:\/\/newonline.colop.ro\/index.php?rest_route=\/wp\/v2\/types\/product"}],"version-history":[{"count":1,"href":"https:\/\/newonline.colop.ro\/index.php?rest_route=\/wp\/v2\/product\/37208\/revisions"}],"predecessor-version":[{"id":39786,"href":"https:\/\/newonline.colop.ro\/index.php?rest_route=\/wp\/v2\/product\/37208\/revisions\/39786"}],"wp:featuredmedia":[{"embeddable":true,"href":"https:\/\/newonline.colop.ro\/index.php?rest_route=\/wp\/v2\/media\/37253"}],"wp:attachment":[{"href":"https:\/\/newonline.colop.ro\/index.php?rest_route=%2Fwp%2Fv2%2Fmedia&parent=37208"}],"wp:term":[{"taxonomy":"product_cat","embeddable":true,"href":"https:\/\/newonline.colop.ro\/index.php?rest_route=%2Fwp%2Fv2%2Fproduct_cat&post=37208"},{"taxonomy":"product_tag","embeddable":true,"href":"https:\/\/newonline.colop.ro\/index.php?rest_route=%2Fwp%2Fv2%2Fproduct_tag&post=37208"}],"curies":[{"name":"wp","href":"https:\/\/api.w.org\/{rel}","templated":true}]}}