{"id":37205,"date":"2024-05-09T21:58:39","date_gmt":"2024-05-09T19:58:39","guid":{"rendered":"https:\/\/online.colop.ro\/web2023\/?post_type=product&#038;p=37205"},"modified":"2025-07-31T22:33:11","modified_gmt":"2025-07-31T20:33:11","slug":"cifriera-manuala-18004","status":"publish","type":"product","link":"https:\/\/newonline.colop.ro\/?product=cifriera-manuala-18004","title":{"rendered":"Cifrier\u0103 manual\u0103 18004"},"content":{"rendered":"<div class=\"\">\n<div class=\"description\">\n<div class=\"\">\n<div class=\"description\">\n<div class=\"\">\n<div class=\"description\">\n<div class=\"\">\n<div class=\"description\">\n<div class=\"\">\n<div class=\"description\">\n<div class=\"\">\n<div class=\"description\">\n<div class=\"\">\n<div class=\"description\">\n<div class=\"\">\n<div class=\"description\">\n<div class=\"\">\n<div class=\"description\">\n<p>Num\u0103r\u0103tor manual cu benzi. Amprenta con\u021bine 4 cifre cu \u00een\u0103l\u021bime de 18 mm. Fiecare band\u0103 con\u0163ine cifre de la 0 la 9. Necesit\u0103 o tu\u015fier\u0103 separat\u0103.<\/p>\n<\/div>\n<\/div>\n<\/div>\n<\/div>\n<\/div>\n<\/div>\n<\/div>\n<\/div>\n<\/div>\n<\/div>\n<\/div>\n<\/div>\n<\/div>\n<\/div>\n<\/div>\n<\/div>\n<\/div>\n<\/div>\n","protected":false},"excerpt":{"rendered":"<table class=\"product-atributes-table\" border=\"0\" width=\"100%\">\n<tbody>\n<tr>\n<td align=\"left\" valign=\"middle\"><\/td>\n<td align=\"right\" valign=\"middle\"><\/td>\n<\/tr>\n<tr>\n<td colspan=\"2\"><strong>Informa\u021bii produs<\/strong><\/td>\n<\/tr>\n<tr>\n<td align=\"left\" valign=\"middle\">\u00cen\u0103l\u021bime cifr\u0103:<\/td>\n<td align=\"right\" valign=\"middle\">18 mm<\/td>\n<\/tr>\n<tr>\n<td align=\"left\" valign=\"middle\">Cifre:<\/td>\n<td align=\"right\" valign=\"middle\">4<\/td>\n<\/tr>\n<tr>\n<td align=\"left\" valign=\"middle\"><\/td>\n<td align=\"right\" valign=\"middle\"><\/td>\n<\/tr>\n<\/tbody>\n<\/table>\n<p>&nbsp;<\/p>\n<p><img decoding=\"async\" class=\"alignnone size-full wp-image-17777\" src=\"https:\/\/online.colop.ro\/wp-content\/uploads\/2020\/09\/imprints_18004.jpg\" alt=\"\" width=\"200\" height=\"94\" \/><\/p>\n<p><a class=\"single_add_to_cart_button button alt\" href=\"https:\/\/online.colop.ro\/produse\/stampile-gata-de-utilizare\/numaratoare\/18004-numberer.html\" target=\"_blank\" rel=\"noopener noreferrer\"><strong>Cump\u0103r\u0103 online<\/strong><\/a><\/p>\n","protected":false},"featured_media":37235,"template":"","meta":[],"product_cat":[579,95],"product_tag":[],"_links":{"self":[{"href":"https:\/\/newonline.colop.ro\/index.php?rest_route=\/wp\/v2\/product\/37205"}],"collection":[{"href":"https:\/\/newonline.colop.ro\/index.php?rest_route=\/wp\/v2\/product"}],"about":[{"href":"https:\/\/newonline.colop.ro\/index.php?rest_route=\/wp\/v2\/types\/product"}],"version-history":[{"count":1,"href":"https:\/\/newonline.colop.ro\/index.php?rest_route=\/wp\/v2\/product\/37205\/revisions"}],"predecessor-version":[{"id":39783,"href":"https:\/\/newonline.colop.ro\/index.php?rest_route=\/wp\/v2\/product\/37205\/revisions\/39783"}],"wp:featuredmedia":[{"embeddable":true,"href":"https:\/\/newonline.colop.ro\/index.php?rest_route=\/wp\/v2\/media\/37235"}],"wp:attachment":[{"href":"https:\/\/newonline.colop.ro\/index.php?rest_route=%2Fwp%2Fv2%2Fmedia&parent=37205"}],"wp:term":[{"taxonomy":"product_cat","embeddable":true,"href":"https:\/\/newonline.colop.ro\/index.php?rest_route=%2Fwp%2Fv2%2Fproduct_cat&post=37205"},{"taxonomy":"product_tag","embeddable":true,"href":"https:\/\/newonline.colop.ro\/index.php?rest_route=%2Fwp%2Fv2%2Fproduct_tag&post=37205"}],"curies":[{"name":"wp","href":"https:\/\/api.w.org\/{rel}","templated":true}]}}