{"id":37130,"date":"2024-05-09T21:57:05","date_gmt":"2024-05-09T19:57:05","guid":{"rendered":"https:\/\/online.colop.ro\/web2023\/?post_type=product&#038;p=37130"},"modified":"2025-07-31T22:31:40","modified_gmt":"2025-07-31T20:31:40","slug":"speed-i-jet-798","status":"publish","type":"product","link":"https:\/\/newonline.colop.ro\/?product=speed-i-jet-798","title":{"rendered":"speed-i-Jet 798"},"content":{"rendered":"<div class=\"detaileinleitungstext\">\n<p>Independen\u021b\u0103 complet\u0103: speed-i-Jet 798 este solu\u021bia de marcare la \u00eendem\u00e2n\u0103 pentru imprimarea mobil\u0103 a textelor personalizate, numere secven\u021biale, dat\u0103 \u0219i or\u0103.<\/p>\n<p>Amprenta poate fi creat\u0103 cu u\u0219urin\u021b\u0103 pe computer, \u00eenainte de a fi transmis\u0103 prin USB.<\/p>\n<p>Suprafe\u021bele absorbante sau neregulate pot fi marcate direct \u0219i individual. Formatul de mici dimensiuni \u00eel face s\u0103 \u00eencap\u0103 \u00een orice buzunar.<\/p>\n<p>speed-i-Jet 798 este u\u0219or de folosit: Gliseaz\u0103 aparatul pe suprafa\u021ba de printat \u0219i apas\u0103 butonul ro\u0219u.<\/p>\n<\/div>\n<h2><\/h2>\n","protected":false},"excerpt":{"rendered":"<table class=\"product-atributes-table\" border=\"0\" width=\"100%\">\n<tbody>\n<tr>\n<td align=\"left\" valign=\"middle\"><\/td>\n<td align=\"right\" valign=\"middle\"><\/td>\n<\/tr>\n<tr>\n<td colspan=\"2\"><strong>Informa\u021bii produs<\/strong><\/td>\n<\/tr>\n<tr>\n<td align=\"left\" valign=\"middle\">Amprent\u0103:<\/td>\n<td align=\"right\" valign=\"middle\">Numere, dat\u0103, or\u0103, text<\/td>\n<\/tr>\n<tr>\n<td align=\"left\" valign=\"middle\">Imprim\u0103 de pe:<\/td>\n<td align=\"right\" valign=\"middle\">PCSet<\/td>\n<\/tr>\n<tr>\n<td align=\"left\" valign=\"middle\">Dimensiuni(L x l X h):<\/td>\n<td align=\"right\" valign=\"middle\">173 x 32 x 43 mm<\/td>\n<\/tr>\n<tr>\n<td align=\"left\" valign=\"middle\">Greutate:<\/td>\n<td align=\"right\" valign=\"middle\">aprox. 125 g<\/td>\n<\/tr>\n<tr>\n<td align=\"left\" valign=\"middle\">Num\u0103r caractere:<\/td>\n<td align=\"right\" valign=\"middle\">40 caractere pe o singur\u0103 linie<\/td>\n<\/tr>\n<tr>\n<td align=\"left\" valign=\"middle\">\u00cen\u0103l\u021bimea caracterului:<\/td>\n<td align=\"right\" valign=\"middle\">3,2 mm<\/td>\n<\/tr>\n<tr>\n<td align=\"left\" valign=\"middle\">Transfer date:<\/td>\n<td align=\"right\" valign=\"middle\">USB<\/td>\n<\/tr>\n<tr>\n<td align=\"left\" valign=\"middle\">Memorie amprente:<\/td>\n<td align=\"right\" valign=\"middle\">1 amprent\u0103<\/td>\n<\/tr>\n<tr>\n<td align=\"left\" valign=\"middle\">Tehnologie:<\/td>\n<td align=\"right\" valign=\"middle\">Inkjet<\/td>\n<\/tr>\n<tr>\n<td align=\"left\" valign=\"middle\">Rezolutie:<\/td>\n<td align=\"right\" valign=\"middle\">96 dpi<\/td>\n<\/tr>\n<tr>\n<td align=\"left\" valign=\"middle\">Capacitate baterie:<\/td>\n<td align=\"right\" valign=\"middle\">Aprox. 1000 amprent\u0103ri<\/td>\n<\/tr>\n<tr>\n<td align=\"left\" valign=\"middle\"><\/td>\n<td align=\"right\" valign=\"middle\"><\/td>\n<\/tr>\n<\/tbody>\n<\/table>\n<p>&nbsp;<\/p>\n<p><img decoding=\"async\" class=\"alignnone size-full wp-image-17970\" src=\"https:\/\/online.colop.ro\/wp-content\/uploads\/2020\/09\/REINER_speed-i-Jet-798_Nr8.jpg-1368.jpg\" alt=\"\" width=\"130\" height=\"9\" \/><\/p>\n<p><a class=\"single_add_to_cart_button button alt\" href=\"https:\/\/online.colop.ro\/produse\/stampile-electronice-reiner\/speed-i-jet-798.html\" target=\"_blank\" rel=\"noopener noreferrer\"><strong>Cump\u0103r\u0103 online<\/strong><\/a><\/p>\n","protected":false},"featured_media":37153,"template":"","meta":[],"product_cat":[314,98,235],"product_tag":[],"_links":{"self":[{"href":"https:\/\/newonline.colop.ro\/index.php?rest_route=\/wp\/v2\/product\/37130"}],"collection":[{"href":"https:\/\/newonline.colop.ro\/index.php?rest_route=\/wp\/v2\/product"}],"about":[{"href":"https:\/\/newonline.colop.ro\/index.php?rest_route=\/wp\/v2\/types\/product"}],"version-history":[{"count":1,"href":"https:\/\/newonline.colop.ro\/index.php?rest_route=\/wp\/v2\/product\/37130\/revisions"}],"predecessor-version":[{"id":40057,"href":"https:\/\/newonline.colop.ro\/index.php?rest_route=\/wp\/v2\/product\/37130\/revisions\/40057"}],"wp:featuredmedia":[{"embeddable":true,"href":"https:\/\/newonline.colop.ro\/index.php?rest_route=\/wp\/v2\/media\/37153"}],"wp:attachment":[{"href":"https:\/\/newonline.colop.ro\/index.php?rest_route=%2Fwp%2Fv2%2Fmedia&parent=37130"}],"wp:term":[{"taxonomy":"product_cat","embeddable":true,"href":"https:\/\/newonline.colop.ro\/index.php?rest_route=%2Fwp%2Fv2%2Fproduct_cat&post=37130"},{"taxonomy":"product_tag","embeddable":true,"href":"https:\/\/newonline.colop.ro\/index.php?rest_route=%2Fwp%2Fv2%2Fproduct_tag&post=37130"}],"curies":[{"name":"wp","href":"https:\/\/api.w.org\/{rel}","templated":true}]}}