{"id":37120,"date":"2024-05-09T21:57:04","date_gmt":"2024-05-09T19:57:04","guid":{"rendered":"https:\/\/online.colop.ro\/web2023\/?post_type=product&#038;p=37120"},"modified":"2025-07-31T22:31:34","modified_gmt":"2025-07-31T20:31:34","slug":"cartus-pentru-hartie-jetstamp-1025-p5-s3-bk","status":"publish","type":"product","link":"https:\/\/newonline.colop.ro\/?product=cartus-pentru-hartie-jetstamp-1025-p5-s3-bk","title":{"rendered":"Cartu\u0219 pentru h\u00e2rtie jetStamp 1025 (P5-S3-BK)"},"content":{"rendered":"<div class=\"detaileinleitungstext\">\n<p><span style=\"font-size: 16px\">Cartu\u0219 inkjet potrivit pentru suprafe\u021bele absorbante din h\u00e2rtie, carton, lemn, piatr\u0103\/c\u0103r\u0103mid\u0103<\/span><\/p>\n<\/div>\n","protected":false},"excerpt":{"rendered":"<table class=\"product-atributes-table\" border=\"0\" width=\"100%\">\n<tbody>\n<tr>\n<td align=\"left\" valign=\"middle\"><\/td>\n<td align=\"right\" valign=\"middle\"><\/td>\n<\/tr>\n<tr>\n<td colspan=\"2\"><strong>Informa\u021bii produs<\/strong><\/td>\n<\/tr>\n<tr>\n<td align=\"left\" valign=\"middle\">Suprafe\u021be:<\/td>\n<td align=\"right\" valign=\"middle\">H\u00e2rtie, carton, lemn, piatr\u0103\/c\u0103r\u0103mid\u0103<\/td>\n<\/tr>\n<tr>\n<td align=\"left\" valign=\"middle\"><\/td>\n<td align=\"right\" valign=\"middle\"><\/td>\n<\/tr>\n<\/tbody>\n<\/table>\n<p>&nbsp;<\/p>\n<p><a class=\"single_add_to_cart_button button alt\" href=\"https:\/\/online.colop.ro\/produse\/stampile-electronice-reiner\/reiner-970.html\" target=\"_blank\" rel=\"noopener noreferrer\"><strong>Cump\u0103r\u0103 online<\/strong><\/a><\/p>\n","protected":false},"featured_media":37148,"template":"","meta":[],"product_cat":[397,98,235],"product_tag":[],"_links":{"self":[{"href":"https:\/\/newonline.colop.ro\/index.php?rest_route=\/wp\/v2\/product\/37120"}],"collection":[{"href":"https:\/\/newonline.colop.ro\/index.php?rest_route=\/wp\/v2\/product"}],"about":[{"href":"https:\/\/newonline.colop.ro\/index.php?rest_route=\/wp\/v2\/types\/product"}],"version-history":[{"count":2,"href":"https:\/\/newonline.colop.ro\/index.php?rest_route=\/wp\/v2\/product\/37120\/revisions"}],"predecessor-version":[{"id":40805,"href":"https:\/\/newonline.colop.ro\/index.php?rest_route=\/wp\/v2\/product\/37120\/revisions\/40805"}],"wp:featuredmedia":[{"embeddable":true,"href":"https:\/\/newonline.colop.ro\/index.php?rest_route=\/wp\/v2\/media\/37148"}],"wp:attachment":[{"href":"https:\/\/newonline.colop.ro\/index.php?rest_route=%2Fwp%2Fv2%2Fmedia&parent=37120"}],"wp:term":[{"taxonomy":"product_cat","embeddable":true,"href":"https:\/\/newonline.colop.ro\/index.php?rest_route=%2Fwp%2Fv2%2Fproduct_cat&post=37120"},{"taxonomy":"product_tag","embeddable":true,"href":"https:\/\/newonline.colop.ro\/index.php?rest_route=%2Fwp%2Fv2%2Fproduct_tag&post=37120"}],"curies":[{"name":"wp","href":"https:\/\/api.w.org\/{rel}","templated":true}]}}