{"id":36945,"date":"2024-05-09T21:54:17","date_gmt":"2024-05-09T19:54:17","guid":{"rendered":"https:\/\/online.colop.ro\/web2023\/?post_type=product&#038;p=36945"},"modified":"2025-07-31T22:30:15","modified_gmt":"2025-07-31T20:30:15","slug":"jetstamp-990","status":"publish","type":"product","link":"https:\/\/newonline.colop.ro\/?product=jetstamp-990","title":{"rendered":"jetStamp 990"},"content":{"rendered":"<div class=\"detaileinleitungstext\">\n<p>REINER <i class=\"jtstmp\">jetStamp\u00ae<\/i> 990 este caracterizat de<strong> viteza uimitoare<\/strong> \u0219i <strong>ergonomicitate<\/strong>, datorate dimensiunilo sale compacte.<\/p>\n<p>Cel mai mic aparat din familia <i class=\"jtstmp\">jetStamp\u00ae<\/i> permite <strong>imprmarea rapid\u0103 \u0219i simpl\u0103<\/strong> pe orice suprafa\u021b\u0103 fin\u0103 sau neregulat\u0103. Asemenea celorlate aparate din gama jetStamp, acesta erste caracterizat de op\u021biunile de integrare optim\u0103 pe care le ofer\u0103: poate fi folosit pentru <strong>imprimare mobil\u0103<\/strong>, dar poate fi de asemenea <strong>introdus \u00een fluxul de produc\u021bie<\/strong>.<\/p>\n<p>Ecranul LC integrat afi\u0219eaz\u0103 amprenta pentru evitarea erorilor de imprimare.<\/p>\n<p><i class=\"jtstmp\">jetStamp\u00ae<\/i> 990 ofer\u0103 o flexibilitate optim\u0103 datorit\u0103 op\u021biunilor sale de memorie. P\u00e2n\u0103 la <strong>25 de texte personalizabile<\/strong> sau func\u021bii speciale care pot fi stocate pe dispozitiv. Cinci din aceste pozi\u021bii sunt deja ocupate cu amprene predefinite \u00een momentul livr\u0103rii.<\/p>\n<\/div>\n<h2><\/h2>\n","protected":false},"excerpt":{"rendered":"<h3><span style=\"color: #ff0000;\"><strong>Aten\u021bie! Pre\u021bul nu include cartu\u0219ul.<\/strong><\/span><\/h3>\n<p>Acesta se achizi\u021bioneaz\u0103 separat, \u00een func\u021bie de suprafa\u021ba de utilizare.<\/p>\n<table class=\"product-atributes-table\" border=\"0\" width=\"100%\">\n<tbody>\n<tr>\n<td align=\"left\" valign=\"middle\"><\/td>\n<td align=\"right\" valign=\"middle\"><\/td>\n<\/tr>\n<tr>\n<td colspan=\"2\"><strong>Informa\u021bii produs<\/strong><\/td>\n<\/tr>\n<tr>\n<td align=\"left\" valign=\"middle\">Amprent\u0103:<\/td>\n<td align=\"right\" valign=\"middle\">Numer\u0103tor, dat\u0103, or\u0103, text<\/td>\n<\/tr>\n<tr>\n<td align=\"left\" valign=\"middle\">Imprim\u0103 de pe:<\/td>\n<td align=\"right\" valign=\"middle\">PCset<\/td>\n<\/tr>\n<tr>\n<td align=\"left\" valign=\"middle\">Display:<\/td>\n<td align=\"right\" valign=\"middle\">Disponibil<\/td>\n<\/tr>\n<tr>\n<td align=\"left\" valign=\"middle\">Dimensiuni(L x l X h):<\/td>\n<td align=\"right\" valign=\"middle\">101 x 82 x 159 mm<\/td>\n<\/tr>\n<tr>\n<td align=\"left\" valign=\"middle\">Dimensiunea sta\u021biei de \u00eenc\u0103rcare(L x l X h):<\/td>\n<td align=\"right\" valign=\"middle\">115 x 144 x 33 mm<\/td>\n<\/tr>\n<tr>\n<td align=\"left\" valign=\"middle\">Greutate:<\/td>\n<td align=\"right\" valign=\"middle\">aprox. 520 g<\/td>\n<\/tr>\n<tr>\n<td align=\"left\" valign=\"middle\">Transfer date:<\/td>\n<td align=\"right\" valign=\"middle\">USB, Bluetooth<\/td>\n<\/tr>\n<tr>\n<td align=\"left\" valign=\"middle\">Tehnologie:<\/td>\n<td align=\"right\" valign=\"middle\">Inkjet<\/td>\n<\/tr>\n<tr>\n<td align=\"left\" valign=\"middle\">Imagini stocate:<\/td>\n<td align=\"right\" valign=\"middle\">25<\/td>\n<\/tr>\n<tr>\n<td align=\"left\" valign=\"middle\">Vitez\u0103 maxim\u0103 de imprimare:<\/td>\n<td align=\"right\" valign=\"middle\">&lt; 1 s\/imprimare<\/td>\n<\/tr>\n<tr>\n<td align=\"left\" valign=\"middle\">Rezolutie:<\/td>\n<td align=\"right\" valign=\"middle\">96 dpi<\/td>\n<\/tr>\n<tr>\n<td align=\"left\" valign=\"middle\">Capacitate baterie:<\/td>\n<td align=\"right\" valign=\"middle\">500 imprim\u0103ri<\/td>\n<\/tr>\n<tr>\n<td align=\"left\" valign=\"middle\"><\/td>\n<td align=\"right\" valign=\"middle\"><\/td>\n<\/tr>\n<\/tbody>\n<\/table>\n<p>&nbsp;<\/p>\n<p><img decoding=\"async\" class=\"alignnone size-full wp-image-17976\" src=\"https:\/\/online.colop.ro\/wp-content\/uploads\/2020\/09\/REINER_jetStamp_790_791_792_MP_Nr6_150dpi.jpg-12701.jpg\" alt=\"\" width=\"115\" height=\"23\" \/><\/p>\n","protected":false},"featured_media":37011,"template":"","meta":[],"product_cat":[314,98,235],"product_tag":[],"_links":{"self":[{"href":"https:\/\/newonline.colop.ro\/index.php?rest_route=\/wp\/v2\/product\/36945"}],"collection":[{"href":"https:\/\/newonline.colop.ro\/index.php?rest_route=\/wp\/v2\/product"}],"about":[{"href":"https:\/\/newonline.colop.ro\/index.php?rest_route=\/wp\/v2\/types\/product"}],"version-history":[{"count":3,"href":"https:\/\/newonline.colop.ro\/index.php?rest_route=\/wp\/v2\/product\/36945\/revisions"}],"predecessor-version":[{"id":40068,"href":"https:\/\/newonline.colop.ro\/index.php?rest_route=\/wp\/v2\/product\/36945\/revisions\/40068"}],"wp:featuredmedia":[{"embeddable":true,"href":"https:\/\/newonline.colop.ro\/index.php?rest_route=\/wp\/v2\/media\/37011"}],"wp:attachment":[{"href":"https:\/\/newonline.colop.ro\/index.php?rest_route=%2Fwp%2Fv2%2Fmedia&parent=36945"}],"wp:term":[{"taxonomy":"product_cat","embeddable":true,"href":"https:\/\/newonline.colop.ro\/index.php?rest_route=%2Fwp%2Fv2%2Fproduct_cat&post=36945"},{"taxonomy":"product_tag","embeddable":true,"href":"https:\/\/newonline.colop.ro\/index.php?rest_route=%2Fwp%2Fv2%2Fproduct_tag&post=36945"}],"curies":[{"name":"wp","href":"https:\/\/api.w.org\/{rel}","templated":true}]}}