{"id":36942,"date":"2024-05-09T21:54:17","date_gmt":"2024-05-09T19:54:17","guid":{"rendered":"https:\/\/online.colop.ro\/web2023\/?post_type=product&#038;p=36942"},"modified":"2025-07-31T22:30:13","modified_gmt":"2025-07-31T20:30:13","slug":"inseriator-automat-reiner-b2","status":"publish","type":"product","link":"https:\/\/newonline.colop.ro\/?product=inseriator-automat-reiner-b2","title":{"rendered":"\u00censeriator automat REINER B2"},"content":{"rendered":"<p>\u00censeriatorul automat B2 este g\u00e2ndit pentru o utilizare intensiv\u0103. Amprentele cu numere secven\u021biale r\u0103m\u00e2n precise chiar \u0219i la o utilizare frecvent\u0103 \u0219i rapid\u0103.<\/p>\n<p>REINER\u00ae pune un accent deosebit pe precizie \u00een procesul de fabrica\u021bie. Benzile \u0219i partea exterioar\u0103 sunt realizate din zinc turnat de cea mai bun\u0103 calitate. Produc\u021bie \u0219i asamblarea au loc de asemenea \u00een Germania, acest lucru garant\u00e2nd durabilitatea modelului B2.<\/p>\n","protected":false},"excerpt":{"rendered":"<table class=\"product-atributes-table\" border=\"0\" width=\"100%\">\n<tbody>\n<tr>\n<td align=\"left\" valign=\"middle\"><\/td>\n<td align=\"right\" valign=\"middle\"><\/td>\n<\/tr>\n<tr>\n<td colspan=\"2\"><strong>Informa\u021bii produs<\/strong><\/td>\n<\/tr>\n<tr>\n<td align=\"left\" valign=\"middle\">Amprent\u0103:<\/td>\n<td align=\"right\" valign=\"middle\">Cifre<\/td>\n<\/tr>\n<tr>\n<td align=\"left\" valign=\"middle\"><span class=\"product-attributes-text\">Ac\u021biune automat\u0103:<\/span><\/td>\n<td align=\"right\" valign=\"middle\">0x, 1\u20134x<\/td>\n<\/tr>\n<tr>\n<td align=\"left\" valign=\"middle\"><span class=\"product-attributes-text\">Benzi automate:<\/span><\/td>\n<td align=\"right\" valign=\"middle\">Primele 4 din dreapta<\/td>\n<\/tr>\n<tr>\n<td align=\"left\" valign=\"middle\"><span class=\"product-attributes-text\">Benzi \u0219i corp:<\/span><\/td>\n<td align=\"right\" valign=\"middle\">Turnate<\/td>\n<\/tr>\n<tr>\n<td align=\"left\" valign=\"middle\"><span class=\"product-attributes-text\">Num\u0103r benzi:<\/span><\/td>\n<td align=\"right\" valign=\"middle\">6, con\u021bin sau nu cifra 0<\/td>\n<\/tr>\n<tr>\n<td align=\"left\" valign=\"middle\"><span class=\"product-attributes-text\">\u00cen\u0103l\u021bimea caracterului:<\/span><\/td>\n<td align=\"right\" valign=\"middle\">4.5 mm\/5.5 mm<\/td>\n<\/tr>\n<tr>\n<td align=\"left\" valign=\"middle\"><span class=\"product-attributes-text\">Font:<\/span><\/td>\n<td align=\"right\" valign=\"middle\">Antiqua\/Block<\/td>\n<\/tr>\n<tr>\n<td align=\"left\" valign=\"middle\"><span class=\"product-attributes-text\">Greutate:<\/span><\/td>\n<td align=\"right\" valign=\"middle\">Aprox. 450 g<\/td>\n<\/tr>\n<tr>\n<td align=\"left\" valign=\"middle\"><\/td>\n<td align=\"right\" valign=\"middle\"><\/td>\n<\/tr>\n<\/tbody>\n<\/table>\n<p>&nbsp;<\/p>\n<p>Antiqua 4.5 mm <img decoding=\"async\" class=\"alignnone wp-image-19674\" src=\"https:\/\/online.colop.ro\/wp-content\/uploads\/2021\/03\/B6300dpi200300-000.jpg\" alt=\"\" width=\"218\" height=\"45\" \/><\/p>\n<p>Antiqua 5.5 mm <img decoding=\"async\" class=\"alignnone wp-image-19676\" src=\"https:\/\/online.colop.ro\/wp-content\/uploads\/2021\/03\/B6300dpi200300-010.jpg\" alt=\"\" width=\"221\" height=\"55\" \/><\/p>\n<p>Block 4.5 mm <img decoding=\"async\" class=\"alignnone wp-image-19675\" src=\"https:\/\/online.colop.ro\/wp-content\/uploads\/2021\/03\/B6300dpi200300-001.jpg\" alt=\"\" width=\"212\" height=\"45\" \/><\/p>\n<p>Block 5.5 mm <img loading=\"lazy\" decoding=\"async\" class=\"alignnone wp-image-19677\" src=\"https:\/\/online.colop.ro\/wp-content\/uploads\/2021\/03\/B6300dpi200300-011.jpg\" alt=\"\" width=\"209\" height=\"55\" \/><\/p>\n<p>&nbsp;<\/p>\n<p>&nbsp;<\/p>\n","protected":false},"featured_media":37000,"template":"","meta":[],"product_cat":[104,239],"product_tag":[],"_links":{"self":[{"href":"https:\/\/newonline.colop.ro\/index.php?rest_route=\/wp\/v2\/product\/36942"}],"collection":[{"href":"https:\/\/newonline.colop.ro\/index.php?rest_route=\/wp\/v2\/product"}],"about":[{"href":"https:\/\/newonline.colop.ro\/index.php?rest_route=\/wp\/v2\/types\/product"}],"version-history":[{"count":1,"href":"https:\/\/newonline.colop.ro\/index.php?rest_route=\/wp\/v2\/product\/36942\/revisions"}],"predecessor-version":[{"id":40139,"href":"https:\/\/newonline.colop.ro\/index.php?rest_route=\/wp\/v2\/product\/36942\/revisions\/40139"}],"wp:featuredmedia":[{"embeddable":true,"href":"https:\/\/newonline.colop.ro\/index.php?rest_route=\/wp\/v2\/media\/37000"}],"wp:attachment":[{"href":"https:\/\/newonline.colop.ro\/index.php?rest_route=%2Fwp%2Fv2%2Fmedia&parent=36942"}],"wp:term":[{"taxonomy":"product_cat","embeddable":true,"href":"https:\/\/newonline.colop.ro\/index.php?rest_route=%2Fwp%2Fv2%2Fproduct_cat&post=36942"},{"taxonomy":"product_tag","embeddable":true,"href":"https:\/\/newonline.colop.ro\/index.php?rest_route=%2Fwp%2Fv2%2Fproduct_tag&post=36942"}],"curies":[{"name":"wp","href":"https:\/\/api.w.org\/{rel}","templated":true}]}}