{"id":36941,"date":"2024-05-09T21:54:16","date_gmt":"2024-05-09T19:54:16","guid":{"rendered":"https:\/\/online.colop.ro\/web2023\/?post_type=product&#038;p=36941"},"modified":"2025-07-31T22:30:13","modified_gmt":"2025-07-31T20:30:13","slug":"inseriator-automat-reiner-c1","status":"publish","type":"product","link":"https:\/\/newonline.colop.ro\/?product=inseriator-automat-reiner-c1","title":{"rendered":"\u00censeriator automat REINER C1"},"content":{"rendered":"<p>Modelul C1 ofer\u0103 performan\u021b\u0103 garantat\u0103 pentru lucrul la birou. Aceast\u0103 \u0219tampil\u0103 este caracterizat\u0103 de op\u021biunile de font multiple \u0219i posibilitatea de a anula zero-urile, dispun\u00e2nd de asemenea de un ghidaj pentru r\u00e2nd, care asigur\u0103 o pozi\u021bionare mai u\u0219oar\u0103 a amprentei.<\/p>\n<p>Calitatea uimitoare a amprentei este ob\u021binut\u0103 prin procesul de fabrica\u021bie.\u00a0 Carcasa \u0219i benzile \u00eenseriatorului automat C1 sunt realizate din zinc turnat de cea mai bun\u0103 calitate \u0219i asamblate \u00een Germania.<\/p>\n","protected":false},"excerpt":{"rendered":"<table class=\"product-atributes-table\" border=\"0\" width=\"100%\">\n<tbody>\n<tr>\n<td align=\"left\" valign=\"middle\"><\/td>\n<td align=\"right\" valign=\"middle\"><\/td>\n<\/tr>\n<tr>\n<td colspan=\"2\"><strong>Informa\u021bii produs<\/strong><\/td>\n<\/tr>\n<tr>\n<td align=\"left\" valign=\"middle\">Amprent\u0103:<\/td>\n<td align=\"right\" valign=\"middle\">Cifre<\/td>\n<\/tr>\n<tr>\n<td align=\"left\" valign=\"middle\"><span class=\"product-attributes-text\">Ac\u021biune automat\u0103:<\/span><\/td>\n<td align=\"right\" valign=\"middle\">0x, 1\u20134x<\/td>\n<\/tr>\n<tr>\n<td align=\"left\" valign=\"middle\"><span class=\"product-attributes-text\">Benzi automate:<\/span><\/td>\n<td align=\"right\" valign=\"middle\">Primele 4 din dreapta<\/td>\n<\/tr>\n<tr>\n<td align=\"left\" valign=\"middle\"><span class=\"product-attributes-text\">Benzi \u0219i corp:<\/span><\/td>\n<td align=\"right\" valign=\"middle\">Turnate<\/td>\n<\/tr>\n<tr>\n<td align=\"left\" valign=\"middle\"><span class=\"product-attributes-text\">Num\u0103r benzi:<\/span><\/td>\n<td align=\"right\" valign=\"middle\">7 &#8211; 10, cu zero-uri care pot fi anulate<\/td>\n<\/tr>\n<tr>\n<td align=\"left\" valign=\"middle\"><span class=\"product-attributes-text\">\u00cen\u0103l\u021bimea caracterului:<\/span><\/td>\n<td align=\"right\" valign=\"middle\">4.5 mm\/5.5 mm<\/td>\n<\/tr>\n<tr>\n<td align=\"left\" valign=\"middle\"><span class=\"product-attributes-text\">Font:<\/span><\/td>\n<td align=\"right\" valign=\"middle\">Antiqua\/Block<\/td>\n<\/tr>\n<tr>\n<td align=\"left\" valign=\"middle\"><span class=\"product-attributes-text\">Greutate:<\/span><\/td>\n<td align=\"right\" valign=\"middle\">Aprox. 470 g<\/td>\n<\/tr>\n<tr>\n<td align=\"left\" valign=\"middle\"><\/td>\n<td align=\"right\" valign=\"middle\"><\/td>\n<\/tr>\n<\/tbody>\n<\/table>\n<p>&nbsp;<\/p>\n<p>Antiqua 4.5 mm <img decoding=\"async\" class=\"alignnone size-medium wp-image-19868\" src=\"https:\/\/online.colop.ro\/wp-content\/uploads\/2021\/03\/C1300dpi175000-250-300x35.jpg\" alt=\"\" width=\"300\" height=\"35\" srcset=\"https:\/\/newonline.colop.ro\/wp-content\/uploads\/2021\/03\/C1300dpi175000-250-300x35.jpg 300w, https:\/\/newonline.colop.ro\/wp-content\/uploads\/2021\/03\/C1300dpi175000-250-1024x118.jpg 1024w, https:\/\/newonline.colop.ro\/wp-content\/uploads\/2021\/03\/C1300dpi175000-250-768x89.jpg 768w, https:\/\/newonline.colop.ro\/wp-content\/uploads\/2021\/03\/C1300dpi175000-250-600x69.jpg 600w, https:\/\/newonline.colop.ro\/wp-content\/uploads\/2021\/03\/C1300dpi175000-250.jpg 1169w\" sizes=\"(max-width: 300px) 100vw, 300px\" \/><\/p>\n<p>&nbsp;<\/p>\n<p>Block 4.5 mm <img decoding=\"async\" class=\"alignnone size-medium wp-image-19866\" src=\"https:\/\/online.colop.ro\/wp-content\/uploads\/2021\/03\/C1300dpi175000-251-300x38.jpg\" alt=\"\" width=\"300\" height=\"38\" srcset=\"https:\/\/newonline.colop.ro\/wp-content\/uploads\/2021\/03\/C1300dpi175000-251-300x38.jpg 300w, https:\/\/newonline.colop.ro\/wp-content\/uploads\/2021\/03\/C1300dpi175000-251-1024x129.jpg 1024w, https:\/\/newonline.colop.ro\/wp-content\/uploads\/2021\/03\/C1300dpi175000-251-768x97.jpg 768w, https:\/\/newonline.colop.ro\/wp-content\/uploads\/2021\/03\/C1300dpi175000-251-600x76.jpg 600w, https:\/\/newonline.colop.ro\/wp-content\/uploads\/2021\/03\/C1300dpi175000-251.jpg 1164w\" sizes=\"(max-width: 300px) 100vw, 300px\" \/><\/p>\n<p>&nbsp;<\/p>\n<p>&nbsp;<\/p>\n<p>&nbsp;<\/p>\n","protected":false},"featured_media":36999,"template":"","meta":[],"product_cat":[104,239],"product_tag":[],"_links":{"self":[{"href":"https:\/\/newonline.colop.ro\/index.php?rest_route=\/wp\/v2\/product\/36941"}],"collection":[{"href":"https:\/\/newonline.colop.ro\/index.php?rest_route=\/wp\/v2\/product"}],"about":[{"href":"https:\/\/newonline.colop.ro\/index.php?rest_route=\/wp\/v2\/types\/product"}],"version-history":[{"count":1,"href":"https:\/\/newonline.colop.ro\/index.php?rest_route=\/wp\/v2\/product\/36941\/revisions"}],"predecessor-version":[{"id":40138,"href":"https:\/\/newonline.colop.ro\/index.php?rest_route=\/wp\/v2\/product\/36941\/revisions\/40138"}],"wp:featuredmedia":[{"embeddable":true,"href":"https:\/\/newonline.colop.ro\/index.php?rest_route=\/wp\/v2\/media\/36999"}],"wp:attachment":[{"href":"https:\/\/newonline.colop.ro\/index.php?rest_route=%2Fwp%2Fv2%2Fmedia&parent=36941"}],"wp:term":[{"taxonomy":"product_cat","embeddable":true,"href":"https:\/\/newonline.colop.ro\/index.php?rest_route=%2Fwp%2Fv2%2Fproduct_cat&post=36941"},{"taxonomy":"product_tag","embeddable":true,"href":"https:\/\/newonline.colop.ro\/index.php?rest_route=%2Fwp%2Fv2%2Fproduct_tag&post=36941"}],"curies":[{"name":"wp","href":"https:\/\/api.w.org\/{rel}","templated":true}]}}