{"id":36926,"date":"2024-05-09T21:53:51","date_gmt":"2024-05-09T19:53:51","guid":{"rendered":"https:\/\/online.colop.ro\/web2023\/?post_type=product&#038;p=36926"},"modified":"2025-07-31T22:30:11","modified_gmt":"2025-07-31T20:30:11","slug":"inseriator-automat-reiner-c1s","status":"publish","type":"product","link":"https:\/\/newonline.colop.ro\/?product=inseriator-automat-reiner-c1s","title":{"rendered":"\u00censeriator automat REINER C1S"},"content":{"rendered":"<p>Modelul REINER\u00ae premium C1S poate fi configurat conform nevoilor tale. Construc\u021bia sa robust\u0103 \u0219i folosirea unor materiale foarte durabile asigur\u0103 amprente impecabile \u0219i durabilitate, chiar \u0219i la o folosire intens\u0103.<\/p>\n<p>Premium este \u0219i produc\u021bia modelului C1S. Toate piesele sunt fabricate \u0219i asamblate \u00een Germania. \u00cen plus, partea exterioar\u0103 \u0219i benzile sunt realizate din zinc turnat de cea mai bun\u0103 calitate.<\/p>\n","protected":false},"excerpt":{"rendered":"<table class=\"product-atributes-table\" border=\"0\" width=\"100%\">\n<tbody>\n<tr>\n<td align=\"left\" valign=\"middle\"><\/td>\n<td align=\"right\" valign=\"middle\"><\/td>\n<\/tr>\n<tr>\n<td colspan=\"2\"><strong>Informa\u021bii produs<\/strong><\/td>\n<\/tr>\n<tr>\n<td align=\"left\" valign=\"middle\">Amprent\u0103:<\/td>\n<td align=\"right\" valign=\"middle\">Cifre<\/td>\n<\/tr>\n<tr>\n<td align=\"left\" valign=\"middle\"><span class=\"product-attributes-text\">Ac\u021biune automat\u0103:<\/span><\/td>\n<td align=\"right\" valign=\"middle\">Repet\u0103ri 0x, 1\u20134x sau combina\u021bii individuale<\/td>\n<\/tr>\n<tr>\n<td align=\"left\" valign=\"middle\"><span class=\"product-attributes-text\">Benzi automate:<\/span><\/td>\n<td align=\"right\" valign=\"middle\">Primele 5 din dreapta<\/td>\n<\/tr>\n<tr>\n<td align=\"left\" valign=\"middle\"><span class=\"product-attributes-text\">Benzi \u0219i corp:<\/span><\/td>\n<td align=\"right\" valign=\"middle\">Zinc turnat \u0219i caractere din cauciuc vulcanizat<\/td>\n<\/tr>\n<tr>\n<td align=\"left\" valign=\"middle\"><span class=\"product-attributes-text\">Num\u0103r benzi:<\/span><\/td>\n<td align=\"right\" valign=\"middle\">6 sau mai multe, aliaj sau o\u021bel, f\u0103r\u0103 zero-uri care se pot anula<\/td>\n<\/tr>\n<tr>\n<td align=\"left\" valign=\"middle\"><span class=\"product-attributes-text\">\u00cen\u0103l\u021bimea caracterului:<\/span><\/td>\n<td align=\"right\" valign=\"middle\">4.5 mm\/6.5 mm<\/td>\n<\/tr>\n<tr>\n<td align=\"left\" valign=\"middle\"><span class=\"product-attributes-text\">Font:<\/span><\/td>\n<td align=\"right\" valign=\"middle\">Block<\/td>\n<\/tr>\n<tr>\n<td align=\"left\" valign=\"middle\"><span class=\"product-attributes-text\">Greutate:<\/span><\/td>\n<td align=\"right\" valign=\"middle\">Aprox. 500-750 g<\/td>\n<\/tr>\n<tr>\n<td align=\"left\" valign=\"middle\"><\/td>\n<td align=\"right\" valign=\"middle\"><\/td>\n<\/tr>\n<\/tbody>\n<\/table>\n<p>&nbsp;<\/p>\n<p>&nbsp;<\/p>\n<p>Antiqua 4.5 mm <img decoding=\"async\" class=\"alignnone wp-image-19674\" src=\"https:\/\/online.colop.ro\/wp-content\/uploads\/2021\/03\/B6300dpi200300-000.jpg\" alt=\"\" width=\"218\" height=\"45\" \/><\/p>\n<p>Antiqua 5.5 mm <img decoding=\"async\" class=\"alignnone wp-image-19676\" src=\"https:\/\/online.colop.ro\/wp-content\/uploads\/2021\/03\/B6300dpi200300-010.jpg\" alt=\"\" width=\"221\" height=\"55\" \/><\/p>\n<p>Block 4.5 mm <img decoding=\"async\" class=\"alignnone wp-image-19675\" src=\"https:\/\/online.colop.ro\/wp-content\/uploads\/2021\/03\/B6300dpi200300-001.jpg\" alt=\"\" width=\"212\" height=\"45\" \/><\/p>\n<p>Block 5.5 mm <img loading=\"lazy\" decoding=\"async\" class=\"alignnone wp-image-19677\" src=\"https:\/\/online.colop.ro\/wp-content\/uploads\/2021\/03\/B6300dpi200300-011.jpg\" alt=\"\" width=\"209\" height=\"55\" \/><\/p>\n<p>&nbsp;<\/p>\n<p>&nbsp;<\/p>\n","protected":false},"featured_media":36997,"template":"","meta":[],"product_cat":[104,239],"product_tag":[],"_links":{"self":[{"href":"https:\/\/newonline.colop.ro\/index.php?rest_route=\/wp\/v2\/product\/36926"}],"collection":[{"href":"https:\/\/newonline.colop.ro\/index.php?rest_route=\/wp\/v2\/product"}],"about":[{"href":"https:\/\/newonline.colop.ro\/index.php?rest_route=\/wp\/v2\/types\/product"}],"version-history":[{"count":1,"href":"https:\/\/newonline.colop.ro\/index.php?rest_route=\/wp\/v2\/product\/36926\/revisions"}],"predecessor-version":[{"id":40136,"href":"https:\/\/newonline.colop.ro\/index.php?rest_route=\/wp\/v2\/product\/36926\/revisions\/40136"}],"wp:featuredmedia":[{"embeddable":true,"href":"https:\/\/newonline.colop.ro\/index.php?rest_route=\/wp\/v2\/media\/36997"}],"wp:attachment":[{"href":"https:\/\/newonline.colop.ro\/index.php?rest_route=%2Fwp%2Fv2%2Fmedia&parent=36926"}],"wp:term":[{"taxonomy":"product_cat","embeddable":true,"href":"https:\/\/newonline.colop.ro\/index.php?rest_route=%2Fwp%2Fv2%2Fproduct_cat&post=36926"},{"taxonomy":"product_tag","embeddable":true,"href":"https:\/\/newonline.colop.ro\/index.php?rest_route=%2Fwp%2Fv2%2Fproduct_tag&post=36926"}],"curies":[{"name":"wp","href":"https:\/\/api.w.org\/{rel}","templated":true}]}}