{"id":36925,"date":"2024-05-09T21:53:51","date_gmt":"2024-05-09T19:53:51","guid":{"rendered":"https:\/\/online.colop.ro\/web2023\/?post_type=product&#038;p=36925"},"modified":"2025-07-31T22:30:11","modified_gmt":"2025-07-31T20:30:11","slug":"inseriator-automat-cu-placuta-de-text-reiner-d28bn","status":"publish","type":"product","link":"https:\/\/newonline.colop.ro\/?product=inseriator-automat-cu-placuta-de-text-reiner-d28bn","title":{"rendered":"\u00censeriator automat cu pl\u0103cu\u021b\u0103 de text REINER D28bN"},"content":{"rendered":"<p>\u00censeriatorul automat compact D28bN cu pl\u0103cu\u021ba de cupru de mici dimensiuni poate fi personalizat\u0103 conform specifica\u021biilor tale. Permite amprentarea pe mai multe r\u00e2nduri. Cu un design ergonomic \u0219i stabil \u0219i prev\u0103zut cu un dispozitiv de setare a pa\u0219ilor.<\/p>\n<p>REINER\u00ae produce \u0219i asambleaz\u0103 toate piesele modelului D28bN \u00een Germania. Se acord\u0103 o aten\u021bie deosebit\u0103 materialului procesat: partea exerioar\u0103 \u0219i roti\u021bele sunt realizate din zinc turnat.<\/p>\n","protected":false},"excerpt":{"rendered":"<table class=\"product-atributes-table\" border=\"0\" width=\"100%\">\n<tbody>\n<tr>\n<td align=\"left\" valign=\"middle\"><\/td>\n<td align=\"right\" valign=\"middle\"><\/td>\n<\/tr>\n<tr>\n<td colspan=\"2\"><strong>Informa\u021bii produs<\/strong><\/td>\n<\/tr>\n<tr>\n<td align=\"left\" valign=\"middle\">Amprent\u0103:<\/td>\n<td align=\"right\" valign=\"middle\">Cifre, Text<\/td>\n<\/tr>\n<tr>\n<td align=\"left\" valign=\"middle\"><span class=\"product-attributes-text\">Ac\u021biune automat\u0103:<\/span><\/td>\n<td align=\"right\" valign=\"middle\">Repet\u0103ri 0 + 1x<\/td>\n<\/tr>\n<tr>\n<td align=\"left\" valign=\"middle\"><span class=\"product-attributes-text\">Benzi automate:<\/span><\/td>\n<td align=\"right\" valign=\"middle\">Primele 4 din dreapta<\/td>\n<\/tr>\n<tr>\n<td align=\"left\" valign=\"middle\"><span class=\"product-attributes-text\">Dimensiune amprent\u0103:<\/span><\/td>\n<td align=\"right\" valign=\"middle\">35 x 20 mm<\/td>\n<\/tr>\n<tr>\n<td align=\"left\" valign=\"middle\"><span class=\"product-attributes-text\">Benzi \u0219i corp:<\/span><\/td>\n<td align=\"right\" valign=\"middle\">Zinc turnat<\/td>\n<\/tr>\n<tr>\n<td align=\"left\" valign=\"middle\"><span class=\"product-attributes-text\">Num\u0103r benzi:<\/span><\/td>\n<td align=\"right\" valign=\"middle\">6 sau mai multe, f\u0103r\u0103 zero-uri care se pot anula<\/td>\n<\/tr>\n<tr>\n<td align=\"left\" valign=\"middle\"><span class=\"product-attributes-text\">\u00cen\u0103l\u021bimea caracterului:<\/span><\/td>\n<td align=\"right\" valign=\"middle\">4 mm<\/td>\n<\/tr>\n<tr>\n<td align=\"left\" valign=\"middle\"><span class=\"product-attributes-text\">Font:<\/span><\/td>\n<td align=\"right\" valign=\"middle\">Antiqua\/Block<\/td>\n<\/tr>\n<tr>\n<td align=\"left\" valign=\"middle\"><span class=\"product-attributes-text\">Greutate:<\/span><\/td>\n<td align=\"right\" valign=\"middle\">Aprox. 330 g<\/td>\n<\/tr>\n<tr>\n<td align=\"left\" valign=\"middle\"><\/td>\n<td align=\"right\" valign=\"middle\"><\/td>\n<\/tr>\n<\/tbody>\n<\/table>\n<p>&nbsp;<\/p>\n<p>&nbsp;<\/p>\n<p>Antiqua 4 mm <img decoding=\"async\" class=\"alignnone wp-image-19692\" src=\"https:\/\/online.colop.ro\/wp-content\/uploads\/2021\/03\/D28bN300dpi144000-500-300x171.jpg\" alt=\"\" width=\"263\" height=\"150\" srcset=\"https:\/\/newonline.colop.ro\/wp-content\/uploads\/2021\/03\/D28bN300dpi144000-500-300x171.jpg 300w, https:\/\/newonline.colop.ro\/wp-content\/uploads\/2021\/03\/D28bN300dpi144000-500-1024x585.jpg 1024w, https:\/\/newonline.colop.ro\/wp-content\/uploads\/2021\/03\/D28bN300dpi144000-500-768x439.jpg 768w, https:\/\/newonline.colop.ro\/wp-content\/uploads\/2021\/03\/D28bN300dpi144000-500-600x343.jpg 600w, https:\/\/newonline.colop.ro\/wp-content\/uploads\/2021\/03\/D28bN300dpi144000-500.jpg 1050w\" sizes=\"(max-width: 263px) 100vw, 263px\" \/><\/p>\n<p>Block 4 mm <img decoding=\"async\" class=\"alignnone wp-image-19691\" src=\"https:\/\/online.colop.ro\/wp-content\/uploads\/2021\/03\/D28bN300dpi144000-500-1-300x171.jpg\" alt=\"\" width=\"263\" height=\"150\" srcset=\"https:\/\/newonline.colop.ro\/wp-content\/uploads\/2021\/03\/D28bN300dpi144000-500-1-300x171.jpg 300w, https:\/\/newonline.colop.ro\/wp-content\/uploads\/2021\/03\/D28bN300dpi144000-500-1.jpg 413w\" sizes=\"(max-width: 263px) 100vw, 263px\" \/><\/p>\n<p>&nbsp;<\/p>\n<p>&nbsp;<\/p>\n","protected":false},"featured_media":36996,"template":"","meta":[],"product_cat":[104,239],"product_tag":[],"_links":{"self":[{"href":"https:\/\/newonline.colop.ro\/index.php?rest_route=\/wp\/v2\/product\/36925"}],"collection":[{"href":"https:\/\/newonline.colop.ro\/index.php?rest_route=\/wp\/v2\/product"}],"about":[{"href":"https:\/\/newonline.colop.ro\/index.php?rest_route=\/wp\/v2\/types\/product"}],"version-history":[{"count":1,"href":"https:\/\/newonline.colop.ro\/index.php?rest_route=\/wp\/v2\/product\/36925\/revisions"}],"predecessor-version":[{"id":40135,"href":"https:\/\/newonline.colop.ro\/index.php?rest_route=\/wp\/v2\/product\/36925\/revisions\/40135"}],"wp:featuredmedia":[{"embeddable":true,"href":"https:\/\/newonline.colop.ro\/index.php?rest_route=\/wp\/v2\/media\/36996"}],"wp:attachment":[{"href":"https:\/\/newonline.colop.ro\/index.php?rest_route=%2Fwp%2Fv2%2Fmedia&parent=36925"}],"wp:term":[{"taxonomy":"product_cat","embeddable":true,"href":"https:\/\/newonline.colop.ro\/index.php?rest_route=%2Fwp%2Fv2%2Fproduct_cat&post=36925"},{"taxonomy":"product_tag","embeddable":true,"href":"https:\/\/newonline.colop.ro\/index.php?rest_route=%2Fwp%2Fv2%2Fproduct_tag&post=36925"}],"curies":[{"name":"wp","href":"https:\/\/api.w.org\/{rel}","templated":true}]}}