{"id":36924,"date":"2024-05-09T21:53:51","date_gmt":"2024-05-09T19:53:51","guid":{"rendered":"https:\/\/online.colop.ro\/web2023\/?post_type=product&#038;p=36924"},"modified":"2025-07-31T22:30:10","modified_gmt":"2025-07-31T20:30:10","slug":"inseriator-automat-cu-placuta-de-text-reiner-n53a","status":"publish","type":"product","link":"https:\/\/newonline.colop.ro\/?product=inseriator-automat-cu-placuta-de-text-reiner-n53a","title":{"rendered":"\u00censeriator automat cu pl\u0103cu\u021b\u0103 de text REINER N53a"},"content":{"rendered":"<p>\u00censeriatorul automat de mari dimensiuni N53a dispune de o pl\u0103cu\u021b\u0103 de text personalizabil\u0103, care permite amprentarea pe mai multe r\u00e2nduri. Este deosebit de u\u0219or de folosit \u0219i ergonomic. Dispune de tu\u0219ier\u0103 integrat\u0103. (Colorbox size 4).<\/p>\n<p>Exteriorul \u0219i benzile nu sunt din plastic, ci sunt realizate din zinc turnat de cea mai bun\u0103 calitate. Astfel, aceast\u0103 \u0219tampil\u0103 este foarte stabil\u0103 \u0219i durabil\u0103, toate piesele fiind fabricate \u0219i asamblate \u00een Germania.<\/p>\n","protected":false},"excerpt":{"rendered":"<table class=\"product-atributes-table\" border=\"0\" width=\"100%\">\n<tbody>\n<tr>\n<td align=\"left\" valign=\"middle\"><\/td>\n<td align=\"right\" valign=\"middle\"><\/td>\n<\/tr>\n<tr>\n<td colspan=\"2\"><strong>Informa\u021bii produs<\/strong><\/td>\n<\/tr>\n<tr>\n<td align=\"left\" valign=\"middle\">Amprent\u0103:<\/td>\n<td align=\"right\" valign=\"middle\">Cifre, Text<\/td>\n<\/tr>\n<tr>\n<td align=\"left\" valign=\"middle\"><span class=\"product-attributes-text\">Ac\u021biune automat\u0103:<\/span><\/td>\n<td align=\"right\" valign=\"middle\">Repet\u0103ri 0x, 1x, 2x; \u00een loc de 2x poate fi 3x, 4x, 5x, 6x sau 0x \u0219i 1-4x<\/td>\n<\/tr>\n<tr>\n<td align=\"left\" valign=\"middle\"><span class=\"product-attributes-text\">Benzi automate:<\/span><\/td>\n<td align=\"right\" valign=\"middle\">Primele 4 din dreapta<\/td>\n<\/tr>\n<tr>\n<td align=\"left\" valign=\"middle\"><span class=\"product-attributes-text\">Dimensiune amprent\u0103:<\/span><\/td>\n<td align=\"right\" valign=\"middle\">50 x 30 mm<\/td>\n<\/tr>\n<tr>\n<td align=\"left\" valign=\"middle\"><span class=\"product-attributes-text\">Benzi \u0219i corp:<\/span><\/td>\n<td align=\"right\" valign=\"middle\">Zinc turnat<\/td>\n<\/tr>\n<tr>\n<td align=\"left\" valign=\"middle\"><span class=\"product-attributes-text\">Num\u0103r benzi:<\/span><\/td>\n<td align=\"right\" valign=\"middle\">6, f\u0103r\u0103 zero-uri care se pot anula<\/td>\n<\/tr>\n<tr>\n<td align=\"left\" valign=\"middle\"><span class=\"product-attributes-text\">\u00cen\u0103l\u021bimea caracterului:<\/span><\/td>\n<td align=\"right\" valign=\"middle\">4 mm<\/td>\n<\/tr>\n<tr>\n<td align=\"left\" valign=\"middle\"><span class=\"product-attributes-text\">Font:<\/span><\/td>\n<td align=\"right\" valign=\"middle\">Antiqua\/Block<\/td>\n<\/tr>\n<tr>\n<td align=\"left\" valign=\"middle\"><span class=\"product-attributes-text\">Greutate:<\/span><\/td>\n<td align=\"right\" valign=\"middle\">Aprox. 610 g<\/td>\n<\/tr>\n<tr>\n<td align=\"left\" valign=\"middle\"><\/td>\n<td align=\"right\" valign=\"middle\"><\/td>\n<\/tr>\n<\/tbody>\n<\/table>\n<p>&nbsp;<\/p>\n<p>&nbsp;<\/p>\n<p>Antiqua 4 mm <img decoding=\"async\" class=\"alignnone wp-image-19695\" src=\"https:\/\/online.colop.ro\/wp-content\/uploads\/2021\/03\/N53a300dpi83000-000-300x180.jpg\" alt=\"\" width=\"250\" height=\"150\" srcset=\"https:\/\/newonline.colop.ro\/wp-content\/uploads\/2021\/03\/N53a300dpi83000-000-300x180.jpg 300w, https:\/\/newonline.colop.ro\/wp-content\/uploads\/2021\/03\/N53a300dpi83000-000.jpg 591w\" sizes=\"(max-width: 250px) 100vw, 250px\" \/><\/p>\n<p>Block 4 mm <img decoding=\"async\" class=\"alignnone wp-image-19694\" src=\"https:\/\/online.colop.ro\/wp-content\/uploads\/2021\/03\/N53a300dpi83000-001-300x180.jpg\" alt=\"\" width=\"250\" height=\"150\" srcset=\"https:\/\/newonline.colop.ro\/wp-content\/uploads\/2021\/03\/N53a300dpi83000-001-300x180.jpg 300w, https:\/\/newonline.colop.ro\/wp-content\/uploads\/2021\/03\/N53a300dpi83000-001.jpg 591w\" sizes=\"(max-width: 250px) 100vw, 250px\" \/><\/p>\n<p>&nbsp;<\/p>\n<p>&nbsp;<\/p>\n","protected":false},"featured_media":36995,"template":"","meta":[],"product_cat":[104,239],"product_tag":[],"_links":{"self":[{"href":"https:\/\/newonline.colop.ro\/index.php?rest_route=\/wp\/v2\/product\/36924"}],"collection":[{"href":"https:\/\/newonline.colop.ro\/index.php?rest_route=\/wp\/v2\/product"}],"about":[{"href":"https:\/\/newonline.colop.ro\/index.php?rest_route=\/wp\/v2\/types\/product"}],"version-history":[{"count":1,"href":"https:\/\/newonline.colop.ro\/index.php?rest_route=\/wp\/v2\/product\/36924\/revisions"}],"predecessor-version":[{"id":40134,"href":"https:\/\/newonline.colop.ro\/index.php?rest_route=\/wp\/v2\/product\/36924\/revisions\/40134"}],"wp:featuredmedia":[{"embeddable":true,"href":"https:\/\/newonline.colop.ro\/index.php?rest_route=\/wp\/v2\/media\/36995"}],"wp:attachment":[{"href":"https:\/\/newonline.colop.ro\/index.php?rest_route=%2Fwp%2Fv2%2Fmedia&parent=36924"}],"wp:term":[{"taxonomy":"product_cat","embeddable":true,"href":"https:\/\/newonline.colop.ro\/index.php?rest_route=%2Fwp%2Fv2%2Fproduct_cat&post=36924"},{"taxonomy":"product_tag","embeddable":true,"href":"https:\/\/newonline.colop.ro\/index.php?rest_route=%2Fwp%2Fv2%2Fproduct_tag&post=36924"}],"curies":[{"name":"wp","href":"https:\/\/api.w.org\/{rel}","templated":true}]}}