{"id":36922,"date":"2024-05-09T21:53:51","date_gmt":"2024-05-09T19:53:51","guid":{"rendered":"https:\/\/online.colop.ro\/web2023\/?post_type=product&#038;p=36922"},"modified":"2025-07-31T22:30:07","modified_gmt":"2025-07-31T20:30:07","slug":"etichete-colop-e-mark","status":"publish","type":"product","link":"https:\/\/newonline.colop.ro\/?product=etichete-colop-e-mark","title":{"rendered":"Etichete COLOP e-mark"},"content":{"rendered":"<table class=\"product-atributes-table\" border=\"0\" width=\"100%\">\n<tbody>\n<tr style=\"font-family: verdana\">\n<td>Colile cu etichete sunt perfecte pentru a eticheta lucrurile personale, produsele handmade, ca stickere informative \u0219i nu numai. Printeaz\u0103, dezlipe\u0219te \u0219i aplic\u0103!<\/td>\n<\/tr>\n<tr>\n<td style=\"height: 20px\"><\/td>\n<\/tr>\n<tr>\n<td><iframe title=\"COLOP e-mark mobile printer: Customised labels\" width=\"960\" height=\"540\" src=\"https:\/\/www.youtube.com\/embed\/9DqdJR7pK6k?feature=oembed\" frameborder=\"0\" allow=\"accelerometer; autoplay; clipboard-write; encrypted-media; gyroscope; picture-in-picture; web-share\" referrerpolicy=\"strict-origin-when-cross-origin\" allowfullscreen><\/iframe><\/td>\n<\/tr>\n<tr>\n<td style=\"height: 20px\"><\/td>\n<\/tr>\n<tr>\n<td style=\"font-family: verdana\">e-mark este mai mult dec\u00e2t o imprimant\u0103 pentru etichete. \u00cen aplica\u021bie \u00ee\u021bi po\u021bi creea propria amprent\u0103, incluz\u00e2nd logo, dat\u0103 \u0219i or\u0103, coduri de bare \u0219i QR etc. Imprim\u0103 etichete pentru promo\u021bii sau detalii de pre\u021b \u00een magazinele de tip retail, serii sau coduri de bare pentru rafturile din depozite sau etichete de adres\u0103 pentru pachete.<\/p>\n<p>Po\u021bi desc\u0103rca o mare varietate de \u0219abloane e-mark gata pentru utilizare sau po\u021bi s\u0103 \u00ee\u021bi creezi propriile modele de amprent\u0103 unice \u00een editorul e-mark.<\/td>\n<\/tr>\n<tr>\n<td style=\"height: 20px\"><\/td>\n<\/tr>\n<tr>\n<td style=\"font-family: verdana\">\n<h4 style=\"text-align: center\">Pentru \u0219abloane predefinite acceseaz\u0103:<\/h4>\n<h4 style=\"text-align: center\"><a href=\"https:\/\/emark.colop.com\/ro\/e-mark\/downloads\/sabloane\" target=\"_blank\" rel=\"noopener\">https:\/\/emark.colop.com\/ro\/e-mark\/downloads\/sabloaneemark.colop.com\/e-mark<\/a><\/h4>\n<\/td>\n<\/tr>\n<tr>\n<td style=\"font-family: verdana\"><\/td>\n<\/tr>\n<\/tbody>\n<\/table>\n","protected":false},"excerpt":{"rendered":"<ul>\n<li>Coli cu etichete special g\u00e2ndite pentru a se potrivi cu dimensiune COLOP e-mark<\/li>\n<li>Marcaje speciale pentru o pozi\u021bionare perfect\u0103 a aparatului<\/li>\n<li>Etichetele adezive se lipesc perfect de orice suprafa\u021b\u0103, h\u00e2rtie, carton, clastic, sticl\u0103, metal \u0219i alte materiale similare<\/li>\n<li>A se folosi \u00eempreun\u0103 cu \u0219abloanele predefinite din aplica\u021bia COLOP e-mark<\/li>\n<li>10 coli A4 cu 30 de etichete<\/li>\n<li>Dimensiunea etichetei: 48 x 18 mm<\/li>\n<\/ul>\n<p>&nbsp;<\/p>\n<p><a class=\"single_add_to_cart_button button alt\" href=\"https:\/\/online.colop.ro\/produse\/colop-e-mark\/etichete-emark.html\" target=\"_blank\" rel=\"noopener noreferrer\"><strong>Cump\u0103r\u0103 online<\/strong><\/a><\/p>\n","protected":false},"featured_media":36966,"template":"","meta":[],"product_cat":[234,236],"product_tag":[],"_links":{"self":[{"href":"https:\/\/newonline.colop.ro\/index.php?rest_route=\/wp\/v2\/product\/36922"}],"collection":[{"href":"https:\/\/newonline.colop.ro\/index.php?rest_route=\/wp\/v2\/product"}],"about":[{"href":"https:\/\/newonline.colop.ro\/index.php?rest_route=\/wp\/v2\/types\/product"}],"version-history":[{"count":2,"href":"https:\/\/newonline.colop.ro\/index.php?rest_route=\/wp\/v2\/product\/36922\/revisions"}],"predecessor-version":[{"id":40786,"href":"https:\/\/newonline.colop.ro\/index.php?rest_route=\/wp\/v2\/product\/36922\/revisions\/40786"}],"wp:featuredmedia":[{"embeddable":true,"href":"https:\/\/newonline.colop.ro\/index.php?rest_route=\/wp\/v2\/media\/36966"}],"wp:attachment":[{"href":"https:\/\/newonline.colop.ro\/index.php?rest_route=%2Fwp%2Fv2%2Fmedia&parent=36922"}],"wp:term":[{"taxonomy":"product_cat","embeddable":true,"href":"https:\/\/newonline.colop.ro\/index.php?rest_route=%2Fwp%2Fv2%2Fproduct_cat&post=36922"},{"taxonomy":"product_tag","embeddable":true,"href":"https:\/\/newonline.colop.ro\/index.php?rest_route=%2Fwp%2Fv2%2Fproduct_tag&post=36922"}],"curies":[{"name":"wp","href":"https:\/\/api.w.org\/{rel}","templated":true}]}}