{"id":36919,"date":"2024-05-09T21:53:50","date_gmt":"2024-05-09T19:53:50","guid":{"rendered":"https:\/\/online.colop.ro\/web2023\/?post_type=product&#038;p=36919"},"modified":"2025-07-31T22:30:04","modified_gmt":"2025-07-31T20:30:04","slug":"panglica-bumbac-colop-e-mark-15-mm-x-25-m","status":"publish","type":"product","link":"https:\/\/newonline.colop.ro\/?product=panglica-bumbac-colop-e-mark-15-mm-x-25-m","title":{"rendered":"Panglic\u0103 bumbac COLOP e-mark 15 mm x 25 m"},"content":{"rendered":"<table class=\"product-atributes-table\" border=\"0\" width=\"100%\">\n<tbody>\n<tr style=\"font-family: verdana\">\n<td>Panglica e-mark 15 mm \u2013 este o panglic\u0103 de bumbac de \u00eenalt\u0103 calitate g\u00e2ndit\u0103 pentru personaliz\u0103ri perfecte. Fabricat\u0103 din bumbac 100%, produsul \u00eembin\u0103 aspectul premium cu sustenabilitatea, fiind o alternativ\u0103 elegant\u0103 \u0219i ecologic\u0103 pentru panglicile sintetice.Aceast\u0103 panglic\u0103 este optimizat\u0103 pentru ghidajele e-mark \u0219i asigur\u0103 o aplicare precis\u0103 \u0219i f\u0103r\u0103 efort. Cu o l\u0103\u021bime de 15 mm \u0219i o lungime generoas\u0103 de 25 m, ofer\u0103 sufficient material pentru toate proiectele tale creative. Culoarea alb\u0103 imaculat\u0103 poten\u021beaz\u0103 versatilitatea panglicii, f\u0103c\u00e2nd din ea o p\u00e2nz\u0103 perfecta pentru design-urile tale.<\/p>\n<p>Panglicile e-mark sunt special g\u00e2ndite pentru a fi folosite cu imprimantele mobile COLOP e-mark \u0219i \u00ee\u021bi permit s\u0103 creezi propriile modele personalizate, oriunde te-ai afla. Exprim\u0103-te prin slogane, logo-uri, simboluri sau text \u0219i prive\u0219te cum toate ideile tale prind via\u021b\u0103 \u00een doar c\u00e2teva secunde.<\/p>\n<p>\u00a0<\/p>\n<p><strong>La ce po\u021bi folosi panglicile e-mark?<\/strong><\/p>\n<ol>\n<li style=\"list-style-type: none\">\n<ol>\n<li><strong>Ambalaje de cadouri<\/strong> \u2013 Adaug\u0103 o not\u0103 personal\u0103 cadourilor prin mesaje unice, nume sau logo-uri imprimate direct pe panglic\u0103.<\/li>\n<li><strong>Evenimente speciale<\/strong> \u2013 Pentru nun\u021bi, botezuri sau alte ocazii speciale, panglicile pot fi folosite la decorarea m\u0103rturiilor, a invita\u021biilor sau a aranjamentelor florale<\/li>\n<li><strong>Branding \u0219i marketing <\/strong>\u2013 Pot fi folosite de companii pentru a personaliza ambalajele produselor \u0219i pachetelor promo\u021bionale, consolid\u00e2nd astfel identitatea de brand.<\/li>\n<li><strong>Produse de handmade \u0219i artizanat <\/strong>\u2013 Ideale pentru ambalarea produselor handmade, precum s\u0103punuri, lum\u00e2n\u0103ri sau textile, panglicile adaug\u0103 un detaliu profesional care poate atrage clien\u021bii.<\/li>\n<\/ol>\n<\/li>\n<\/ol>\n<p>Urm\u0103re\u0219te videoclipurile de mai jos pentru a vedea cum po\u021bi personaliza panglicile e-mark folosind <a href=\"https:\/\/online.colop.ro\/produs\/set-ghidaje-colop-e-mark\/\" target=\"_blank\" rel=\"noopener\">Ghidajele pentru panglici<\/a> sau <a href=\"https:\/\/online.colop.ro\/produs\/statie-pentru-panglici-colop-e-mark\/\" target=\"_blank\" rel=\"noopener\">Sta\u021bia de imprimare pentru panglici<\/a>.<\/td>\n<\/tr>\n<tr>\n<td><span data-mce-type=\"bookmark\" style=\"display: inline-block;width: 0px;overflow: hidden;line-height: 0\" class=\"mce_SELRES_start\">\ufeff<\/span><\/td>\n<\/tr>\n<tr>\n<td><\/td>\n<\/tr>\n<\/tbody>\n<\/table>\n","protected":false},"excerpt":{"rendered":"<ul>\n<li>Panglic\u0103 de bumbac de \u00eenalt\u0103 calitate<\/li>\n<li>Perfect compatibil\u0103 cu Ghidajul pentru panglici e-mark 15 \u0219i Ghidajul pentru panglici e-mark go<\/li>\n<li>Dimensiuni: 15 mm x 25 m<\/li>\n<li>Culoare: alb\u0103<\/li>\n<\/ul>\n","protected":false},"featured_media":36956,"template":"","meta":[],"product_cat":[234,236],"product_tag":[],"_links":{"self":[{"href":"https:\/\/newonline.colop.ro\/index.php?rest_route=\/wp\/v2\/product\/36919"}],"collection":[{"href":"https:\/\/newonline.colop.ro\/index.php?rest_route=\/wp\/v2\/product"}],"about":[{"href":"https:\/\/newonline.colop.ro\/index.php?rest_route=\/wp\/v2\/types\/product"}],"version-history":[{"count":10,"href":"https:\/\/newonline.colop.ro\/index.php?rest_route=\/wp\/v2\/product\/36919\/revisions"}],"predecessor-version":[{"id":40783,"href":"https:\/\/newonline.colop.ro\/index.php?rest_route=\/wp\/v2\/product\/36919\/revisions\/40783"}],"wp:featuredmedia":[{"embeddable":true,"href":"https:\/\/newonline.colop.ro\/index.php?rest_route=\/wp\/v2\/media\/36956"}],"wp:attachment":[{"href":"https:\/\/newonline.colop.ro\/index.php?rest_route=%2Fwp%2Fv2%2Fmedia&parent=36919"}],"wp:term":[{"taxonomy":"product_cat","embeddable":true,"href":"https:\/\/newonline.colop.ro\/index.php?rest_route=%2Fwp%2Fv2%2Fproduct_cat&post=36919"},{"taxonomy":"product_tag","embeddable":true,"href":"https:\/\/newonline.colop.ro\/index.php?rest_route=%2Fwp%2Fv2%2Fproduct_tag&post=36919"}],"curies":[{"name":"wp","href":"https:\/\/api.w.org\/{rel}","templated":true}]}}