{"id":36914,"date":"2024-05-09T21:53:50","date_gmt":"2024-05-09T19:53:50","guid":{"rendered":"https:\/\/online.colop.ro\/web2023\/?post_type=product&#038;p=36914"},"modified":"2025-07-31T22:29:59","modified_gmt":"2025-07-31T20:29:59","slug":"etichete-autoadezive-transparente-colop-e-mark","status":"publish","type":"product","link":"https:\/\/newonline.colop.ro\/?product=etichete-autoadezive-transparente-colop-e-mark","title":{"rendered":"Etichete autoadezive transparente COLOP e-mark"},"content":{"rendered":"<p>Realizate dintr-un material special care face ca amprenta s\u0103 reziste la ap\u0103 \u0219i zg\u00e2rieturi. Etichetele autoadezive se lipesc excelent pe h\u00e2rtie, carton, plastic, sticl\u0103, metal \u0219i materiale similare. Perfect compatibile cu ghidajele \u0219i rigla COLOP e-mark.<\/p>\n","protected":false},"excerpt":{"rendered":"<h2>Caracteristici produs<\/h2>\n<ul>\n<li>Rezistente la ap\u0103 \u0219i zg\u00e2rieturi<\/li>\n<li>U\u0219or de dezlipit<\/li>\n<li>Perfect compatibil\u0103 cu ghidajele \u0219i rigla COLOP e-mark<\/li>\n<li>Culoare: transparent<\/li>\n<li>Dimensiune etichet\u0103: 14 mm x 8 m<\/li>\n<\/ul>\n<p>&nbsp;<\/p>\n<p><a class=\"single_add_to_cart_button button alt\" href=\"https:\/\/online.colop.ro\/produse\/colop-e-mark\/etichete-transparente-emark.html\" target=\"_blank\" rel=\"noopener noreferrer\"><strong>Cump\u0103r\u0103 online<\/strong><\/a><\/p>\n","protected":false},"featured_media":36937,"template":"","meta":[],"product_cat":[234,236],"product_tag":[],"_links":{"self":[{"href":"https:\/\/newonline.colop.ro\/index.php?rest_route=\/wp\/v2\/product\/36914"}],"collection":[{"href":"https:\/\/newonline.colop.ro\/index.php?rest_route=\/wp\/v2\/product"}],"about":[{"href":"https:\/\/newonline.colop.ro\/index.php?rest_route=\/wp\/v2\/types\/product"}],"version-history":[{"count":1,"href":"https:\/\/newonline.colop.ro\/index.php?rest_route=\/wp\/v2\/product\/36914\/revisions"}],"predecessor-version":[{"id":39648,"href":"https:\/\/newonline.colop.ro\/index.php?rest_route=\/wp\/v2\/product\/36914\/revisions\/39648"}],"wp:featuredmedia":[{"embeddable":true,"href":"https:\/\/newonline.colop.ro\/index.php?rest_route=\/wp\/v2\/media\/36937"}],"wp:attachment":[{"href":"https:\/\/newonline.colop.ro\/index.php?rest_route=%2Fwp%2Fv2%2Fmedia&parent=36914"}],"wp:term":[{"taxonomy":"product_cat","embeddable":true,"href":"https:\/\/newonline.colop.ro\/index.php?rest_route=%2Fwp%2Fv2%2Fproduct_cat&post=36914"},{"taxonomy":"product_tag","embeddable":true,"href":"https:\/\/newonline.colop.ro\/index.php?rest_route=%2Fwp%2Fv2%2Fproduct_tag&post=36914"}],"curies":[{"name":"wp","href":"https:\/\/api.w.org\/{rel}","templated":true}]}}