{"id":36878,"date":"2024-05-09T21:53:02","date_gmt":"2024-05-09T19:53:02","guid":{"rendered":"https:\/\/online.colop.ro\/web2023\/?post_type=product&#038;p=36878"},"modified":"2025-07-31T22:21:35","modified_gmt":"2025-07-31T20:21:35","slug":"printer-20-stocktext","status":"publish","type":"product","link":"https:\/\/newonline.colop.ro\/?product=printer-20-stocktext","title":{"rendered":"Printer 20 Stocktext"},"content":{"rendered":"<div class=\"short-description\">\n<div class=\"std\">\n<div>Printer 20 LGT este o \u0219tampil\u0103 cu text predefinit cu mesaje tipice pentru birouri.<\/div>\n<\/div>\n<\/div>\n<div class=\"description\">\n<div class=\"std\">\n<div>Printer 20 LGT este o \u0219tampil\u0103 de foarte bun\u0103 calitate. Mesajele disponibile sunt ideale pentru birouri &#8211; \u00een special pentru contabilitate, ex. &#8220;PL\u0102TIT&#8221;, &#8220;ORIGINAL&#8221;, &#8220;COPIE&#8221;, etc. Culorea amprentei este de culoare ro\u0219ie, lucru ce o face u\u0219or de observat.<\/div>\n<\/div>\n<\/div>\n","protected":false},"excerpt":{"rendered":"<table class=\"product-atributes-table\" border=\"0\" width=\"100%\">\n<tbody>\n<tr>\n<td align=\"left\" valign=\"middle\"><\/td>\n<td align=\"right\" valign=\"middle\"><\/td>\n<\/tr>\n<tr>\n<td colspan=\"2\"><strong>Informa\u021bii produs<\/strong><\/td>\n<\/tr>\n<tr>\n<td align=\"left\" valign=\"middle\">Dimensiune amprent\u0103:<\/td>\n<td align=\"right\" valign=\"middle\">38 x 14 mm<\/td>\n<\/tr>\n<tr>\n<td align=\"left\" valign=\"middle\"><span class=\"product-attributes-text\">Tu\u0219ier\u0103:<\/span><\/td>\n<td align=\"right\" valign=\"middle\">E\/20<\/td>\n<\/tr>\n<tr>\n<td align=\"left\" valign=\"middle\"><\/td>\n<td align=\"right\" valign=\"middle\"><\/td>\n<\/tr>\n<\/tbody>\n<\/table>\n<p>&nbsp;<\/p>\n<p><img decoding=\"async\" class=\"alignnone size-medium wp-image-20853\" src=\"https:\/\/online.colop.ro\/wp-content\/uploads\/2021\/08\/121951_en_imprint-1-151x300.jpg\" alt=\"\" width=\"151\" height=\"300\" srcset=\"https:\/\/newonline.colop.ro\/wp-content\/uploads\/2021\/08\/121951_en_imprint-1-151x300.jpg 151w, https:\/\/newonline.colop.ro\/wp-content\/uploads\/2021\/08\/121951_en_imprint-1.jpg 310w\" sizes=\"(max-width: 151px) 100vw, 151px\" \/><\/p>\n","protected":false},"featured_media":36904,"template":"","meta":[],"product_cat":[252],"product_tag":[],"_links":{"self":[{"href":"https:\/\/newonline.colop.ro\/index.php?rest_route=\/wp\/v2\/product\/36878"}],"collection":[{"href":"https:\/\/newonline.colop.ro\/index.php?rest_route=\/wp\/v2\/product"}],"about":[{"href":"https:\/\/newonline.colop.ro\/index.php?rest_route=\/wp\/v2\/types\/product"}],"version-history":[{"count":1,"href":"https:\/\/newonline.colop.ro\/index.php?rest_route=\/wp\/v2\/product\/36878\/revisions"}],"predecessor-version":[{"id":40780,"href":"https:\/\/newonline.colop.ro\/index.php?rest_route=\/wp\/v2\/product\/36878\/revisions\/40780"}],"wp:featuredmedia":[{"embeddable":true,"href":"https:\/\/newonline.colop.ro\/index.php?rest_route=\/wp\/v2\/media\/36904"}],"wp:attachment":[{"href":"https:\/\/newonline.colop.ro\/index.php?rest_route=%2Fwp%2Fv2%2Fmedia&parent=36878"}],"wp:term":[{"taxonomy":"product_cat","embeddable":true,"href":"https:\/\/newonline.colop.ro\/index.php?rest_route=%2Fwp%2Fv2%2Fproduct_cat&post=36878"},{"taxonomy":"product_tag","embeddable":true,"href":"https:\/\/newonline.colop.ro\/index.php?rest_route=%2Fwp%2Fv2%2Fproduct_tag&post=36878"}],"curies":[{"name":"wp","href":"https:\/\/api.w.org\/{rel}","templated":true}]}}