{"id":36876,"date":"2024-05-09T21:53:01","date_gmt":"2024-05-09T19:53:01","guid":{"rendered":"https:\/\/online.colop.ro\/web2023\/?post_type=product&#038;p=36876"},"modified":"2025-07-31T22:21:34","modified_gmt":"2025-07-31T20:21:34","slug":"cartus-de-rezerva-colop-e-mark-negru","status":"publish","type":"product","link":"https:\/\/newonline.colop.ro\/?product=cartus-de-rezerva-colop-e-mark-negru","title":{"rendered":"Cartu\u0219 de rezerv\u0103 COLOP E-mark &#8211; negru"},"content":{"rendered":"<table class=\"product-atributes-table\" border=\"0\" width=\"100%\">\n<tbody>\n<tr style=\"font-family: verdana\">\n<td>Cartu\u0219ul cu cerneal\u0103 special\u0103 neagr\u0103, rezistent la ap\u0103 \u0219i solven\u021bi, a fost dezvoltat pentru a asigura imprim\u0103ri de un negru intens.<\/td>\n<\/tr>\n<tr>\n<td style=\"height: 20px\"><\/td>\n<\/tr>\n<tr>\n<td><iframe title=\"COLOP e-mark portable inkjet printer: How to change the ink cartridge\" width=\"960\" height=\"540\" src=\"https:\/\/www.youtube.com\/embed\/pyOgxdGZx-M?feature=oembed\" frameborder=\"0\" allow=\"accelerometer; autoplay; clipboard-write; encrypted-media; gyroscope; picture-in-picture; web-share\" referrerpolicy=\"strict-origin-when-cross-origin\" allowfullscreen><\/iframe><\/td>\n<\/tr>\n<tr>\n<td style=\"height: 20px\"><\/td>\n<\/tr>\n<tr>\n<td style=\"font-family: verdana\">Produsul nu este compatibil cu urm\u0103toarele accesorii COLOP e-mark:<\/p>\n<ul>\n<li>Cardurile din plastic<\/li>\n<li>Rolele de etichete lucioase \u0219i transparente COLOP e-mark<\/li>\n<\/ul>\n<\/td>\n<\/tr>\n<tr>\n<td style=\"height: 20px\"><\/td>\n<\/tr>\n<tr>\n<td style=\"font-family: verdana\">\n<h4 style=\"text-align: center\">Pentru gama complet\u0103 de accesorii \u0219i consumabile acceseaz\u0103:<\/h4>\n<h4 style=\"text-align: center\"><a href=\"https:\/\/emark.colop.com\/ro\/e-mark\/accesorii\" target=\"_blank\" rel=\"noopener\">https:\/\/emark.colop.com\/ro\/e-mark\/accesorii<\/a><\/h4>\n<\/td>\n<\/tr>\n<tr>\n<td style=\"height: 20px\"><\/td>\n<\/tr>\n<tr>\n<td style=\"font-family: verdana\"><\/td>\n<\/tr>\n<\/tbody>\n<\/table>\n","protected":false},"excerpt":{"rendered":"<ul>\n<li>Negru intens<\/li>\n<li>Rezolu\u021bie: 600 dpi<\/li>\n<li>P\u00e2n\u0103 la 6500 de amprent\u0103ri (\u00een func\u021bie de gradul de acoperire al design-ului)<\/li>\n<li>U\u0219or de schimbat \u00een dor c\u00e2\u021biva pa\u0219i<\/li>\n<\/ul>\n<p>&nbsp;<\/p>\n<p><a class=\"single_add_to_cart_button button alt\" href=\"https:\/\/online.colop.ro\/produse\/colop-e-mark\/cartus-e-mark-negru.html\" target=\"_blank\" rel=\"noopener noreferrer\"><strong>Cump\u0103r\u0103 online<\/strong><\/a><\/p>\n","protected":false},"featured_media":36896,"template":"","meta":[],"product_cat":[236,98],"product_tag":[],"_links":{"self":[{"href":"https:\/\/newonline.colop.ro\/index.php?rest_route=\/wp\/v2\/product\/36876"}],"collection":[{"href":"https:\/\/newonline.colop.ro\/index.php?rest_route=\/wp\/v2\/product"}],"about":[{"href":"https:\/\/newonline.colop.ro\/index.php?rest_route=\/wp\/v2\/types\/product"}],"version-history":[{"count":4,"href":"https:\/\/newonline.colop.ro\/index.php?rest_route=\/wp\/v2\/product\/36876\/revisions"}],"predecessor-version":[{"id":40779,"href":"https:\/\/newonline.colop.ro\/index.php?rest_route=\/wp\/v2\/product\/36876\/revisions\/40779"}],"wp:featuredmedia":[{"embeddable":true,"href":"https:\/\/newonline.colop.ro\/index.php?rest_route=\/wp\/v2\/media\/36896"}],"wp:attachment":[{"href":"https:\/\/newonline.colop.ro\/index.php?rest_route=%2Fwp%2Fv2%2Fmedia&parent=36876"}],"wp:term":[{"taxonomy":"product_cat","embeddable":true,"href":"https:\/\/newonline.colop.ro\/index.php?rest_route=%2Fwp%2Fv2%2Fproduct_cat&post=36876"},{"taxonomy":"product_tag","embeddable":true,"href":"https:\/\/newonline.colop.ro\/index.php?rest_route=%2Fwp%2Fv2%2Fproduct_tag&post=36876"}],"curies":[{"name":"wp","href":"https:\/\/api.w.org\/{rel}","templated":true}]}}