{"id":36846,"date":"2024-05-09T21:52:38","date_gmt":"2024-05-09T19:52:38","guid":{"rendered":"https:\/\/online.colop.ro\/web2023\/?post_type=product&#038;p=36846"},"modified":"2025-07-31T22:21:29","modified_gmt":"2025-07-31T20:21:29","slug":"tusiera-top-pad-240-310","status":"publish","type":"product","link":"https:\/\/newonline.colop.ro\/?product=tusiera-top-pad-240-310","title":{"rendered":"Tu\u0219ier\u0103 TOP PAD 240\/310"},"content":{"rendered":"<p>Tu\u0219ier\u0103 XXL, ideal\u0103 pentru a fi folosit\u0103 cu \u0219tampile manuale de mari dimensiuni, \u0219tampile tip b\u0103rcu\u021b\u0103 sau cifriere.<\/p>\n<p>Noua tu\u0219ier\u0103 Top Pad dispune de o carcas\u0103 metalic\u0103 rezistent\u0103 \u0219i este realizat\u0103 din p\u00e2sl\u0103 de \u00eenalt\u0103 calitate specific\u0103 tu\u0219ierelor COLOP. Col\u021burile \u0219i marginile rotunjite permit \u00eenchiderea etan\u0219\u0103 a carcasei, ceea ce face din Top Pad tu\u0219iera ideal\u0103 pentru tu\u0219urile cu uscare rapid\u0103. Combina\u021bia de materiale folosite permite folosirea tu\u0219ierei cu oricare din tu\u0219urile existente (pe baz\u0103 de ulei sau ap\u0103).<\/p>\n","protected":false},"excerpt":{"rendered":"<p>Tu\u0219ier\u0103 XXL, ideal\u0103 pentru a fi folosit\u0103 cu \u0219tampile manuale de mari dimensiuni, \u0219tampile tip b\u0103rcu\u021b\u0103 sau cifriere. Noua tu\u0219ier\u0103 Top Pad dispune de o carcas\u0103 metalic\u0103 rezistent\u0103 \u0219i este realizat\u0103 din p\u00e2sl\u0103 de \u00eenalt\u0103 calitate specific\u0103 tu\u0219ierelor COLOP. Col\u021burile \u0219i marginile rotunjite permit \u00eenchiderea etan\u0219\u0103 a carcasei, ceea ce face din Top Pad tu\u0219iera<\/p>\n<div class=\"klb-readmore entry-button\"><a class=\"btn read-more\" href=\"https:\/\/newonline.colop.ro\/?product=tusiera-top-pad-240-310\">Afl\u0103 mai mult<\/a><\/div>\n","protected":false},"featured_media":36868,"template":"","meta":[],"product_cat":[305],"product_tag":[],"_links":{"self":[{"href":"https:\/\/newonline.colop.ro\/index.php?rest_route=\/wp\/v2\/product\/36846"}],"collection":[{"href":"https:\/\/newonline.colop.ro\/index.php?rest_route=\/wp\/v2\/product"}],"about":[{"href":"https:\/\/newonline.colop.ro\/index.php?rest_route=\/wp\/v2\/types\/product"}],"version-history":[{"count":1,"href":"https:\/\/newonline.colop.ro\/index.php?rest_route=\/wp\/v2\/product\/36846\/revisions"}],"predecessor-version":[{"id":40771,"href":"https:\/\/newonline.colop.ro\/index.php?rest_route=\/wp\/v2\/product\/36846\/revisions\/40771"}],"wp:featuredmedia":[{"embeddable":true,"href":"https:\/\/newonline.colop.ro\/index.php?rest_route=\/wp\/v2\/media\/36868"}],"wp:attachment":[{"href":"https:\/\/newonline.colop.ro\/index.php?rest_route=%2Fwp%2Fv2%2Fmedia&parent=36846"}],"wp:term":[{"taxonomy":"product_cat","embeddable":true,"href":"https:\/\/newonline.colop.ro\/index.php?rest_route=%2Fwp%2Fv2%2Fproduct_cat&post=36846"},{"taxonomy":"product_tag","embeddable":true,"href":"https:\/\/newonline.colop.ro\/index.php?rest_route=%2Fwp%2Fv2%2Fproduct_tag&post=36846"}],"curies":[{"name":"wp","href":"https:\/\/api.w.org\/{rel}","templated":true}]}}