{"id":36824,"date":"2024-05-09T21:52:12","date_gmt":"2024-05-09T19:52:12","guid":{"rendered":"https:\/\/online.colop.ro\/web2023\/?post_type=product&#038;p=36824"},"modified":"2025-07-31T22:21:25","modified_gmt":"2025-07-31T20:21:25","slug":"stampila-motivationala-bagheta-magica","status":"publish","type":"product","link":"https:\/\/newonline.colop.ro\/?product=stampila-motivationala-bagheta-magica","title":{"rendered":"\u0218tampila Motiva\u021bional\u0103 &#8211; Baghet\u0103 Magic\u0103"},"content":{"rendered":"<p>\u0218tampile de \u00eenalt\u0103 calitate cu mesaje pozitive, motiva\u021bionale, g\u00e2ndite pentru a fi utilizate \u00een \u0219coli sau \u00een campanii de fidelizare.<\/p>\n<p>\u0218tampilele sunt deja tu\u0219ate \u0219i nu necesit\u0103 o tu\u0219ier\u0103 suplimentar\u0103, put\u00e2nd fi retu\u0219ate ori de c\u00e2te ori este nevoie.<\/p>\n<p>\u0218tampilele motiva\u021bionale sunt disponibile \u00een 3 variante de culori pentru m\u00e2ner (albastru, ro\u0219u \u0219i alb) \u0219i 7 culori pentru tu\u0219ier\u0103 (ro\u0219u, mov, albastru, verde, galben, portocaliu \u0219i auriu).<\/p>\n","protected":false},"excerpt":{"rendered":"<table class=\"product-atributes-table\" border=\"0\" width=\"100%\">\n<tbody>\n<tr>\n<td align=\"left\" valign=\"middle\"><\/td>\n<td align=\"right\" valign=\"middle\"><\/td>\n<\/tr>\n<tr>\n<td colspan=\"2\"><strong>Informa\u021bii produs<\/strong><\/td>\n<\/tr>\n<tr>\n<td align=\"left\" valign=\"middle\">Dimensiune amprent\u0103:<\/td>\n<td align=\"right\" valign=\"middle\">\u00d8 22 mm<\/td>\n<\/tr>\n<tr>\n<td align=\"left\" valign=\"middle\"><\/td>\n<td align=\"right\" valign=\"middle\"><\/td>\n<\/tr>\n<\/tbody>\n<\/table>\n<p>&nbsp;<\/p>\n<p><img decoding=\"async\" class=\"alignnone size-full wp-image-19477\" src=\"https:\/\/online.colop.ro\/wp-content\/uploads\/2021\/03\/147163_imprint.jpg\" alt=\"\" width=\"200\" height=\"107\" \/><\/p>\n<p>&nbsp;<\/p>\n","protected":false},"featured_media":36856,"template":"","meta":[],"product_cat":[100],"product_tag":[],"_links":{"self":[{"href":"https:\/\/newonline.colop.ro\/index.php?rest_route=\/wp\/v2\/product\/36824"}],"collection":[{"href":"https:\/\/newonline.colop.ro\/index.php?rest_route=\/wp\/v2\/product"}],"about":[{"href":"https:\/\/newonline.colop.ro\/index.php?rest_route=\/wp\/v2\/types\/product"}],"version-history":[{"count":1,"href":"https:\/\/newonline.colop.ro\/index.php?rest_route=\/wp\/v2\/product\/36824\/revisions"}],"predecessor-version":[{"id":40761,"href":"https:\/\/newonline.colop.ro\/index.php?rest_route=\/wp\/v2\/product\/36824\/revisions\/40761"}],"wp:featuredmedia":[{"embeddable":true,"href":"https:\/\/newonline.colop.ro\/index.php?rest_route=\/wp\/v2\/media\/36856"}],"wp:attachment":[{"href":"https:\/\/newonline.colop.ro\/index.php?rest_route=%2Fwp%2Fv2%2Fmedia&parent=36824"}],"wp:term":[{"taxonomy":"product_cat","embeddable":true,"href":"https:\/\/newonline.colop.ro\/index.php?rest_route=%2Fwp%2Fv2%2Fproduct_cat&post=36824"},{"taxonomy":"product_tag","embeddable":true,"href":"https:\/\/newonline.colop.ro\/index.php?rest_route=%2Fwp%2Fv2%2Fproduct_tag&post=36824"}],"curies":[{"name":"wp","href":"https:\/\/api.w.org\/{rel}","templated":true}]}}