{"id":36818,"date":"2024-05-09T21:52:11","date_gmt":"2024-05-09T19:52:11","guid":{"rendered":"https:\/\/online.colop.ro\/web2023\/?post_type=product&#038;p=36818"},"modified":"2025-07-31T22:21:20","modified_gmt":"2025-07-31T20:21:20","slug":"datiera-numarator-reiner-nd6k","status":"publish","type":"product","link":"https:\/\/newonline.colop.ro\/?product=datiera-numarator-reiner-nd6k","title":{"rendered":"Datier\u0103-num\u0103r\u0103tor REINER ND6K"},"content":{"rendered":"<p>Datier\u0103-num\u0103r\u0103tor ND6K. Exteriorul este realizat din plastic dur, rezistent la \u0219ocuri. Aceast\u0103 \u0219tampil\u0103 este potrivit\u0103 pentru birouri.<\/p>\n<p>Produs\u0103 \u0219i asamblat\u0103 \u00een Germania, \u0219tampila ND6K se remarc\u0103 prin calitate, durabilitate \u0219i sustenabilitate.<\/p>\n","protected":false},"excerpt":{"rendered":"<table class=\"product-atributes-table\" border=\"0\" width=\"100%\">\n<tbody>\n<tr>\n<td align=\"left\" valign=\"middle\"><\/td>\n<td align=\"right\" valign=\"middle\"><\/td>\n<\/tr>\n<tr>\n<td colspan=\"2\"><strong>Informa\u021bii produs<\/strong><\/td>\n<\/tr>\n<tr>\n<td align=\"left\" valign=\"middle\">Amprent\u0103:<\/td>\n<td align=\"right\" valign=\"middle\">Cifre, Dat\u0103<\/td>\n<\/tr>\n<tr>\n<td align=\"left\" valign=\"middle\"><span class=\"product-attributes-text\">Ac\u021biune automat\u0103:<\/span><\/td>\n<td align=\"right\" valign=\"middle\">0x, 1\u20136x, 12x, 20x<\/td>\n<\/tr>\n<tr>\n<td align=\"left\" valign=\"middle\"><span class=\"product-attributes-text\">Benzi automate:<\/span><\/td>\n<td align=\"right\" valign=\"middle\">Primele 5 din dreapta<\/td>\n<\/tr>\n<tr>\n<td align=\"left\" valign=\"middle\"><span class=\"product-attributes-text\">Benzi \u0219i corp:<\/span><\/td>\n<td align=\"right\" valign=\"middle\">Zinc turnat<\/td>\n<\/tr>\n<tr>\n<td align=\"left\" valign=\"middle\"><span class=\"product-attributes-text\">Num\u0103r benzi:<\/span><\/td>\n<td align=\"right\" valign=\"middle\">6, f\u0103r\u0103 zero-uri care se pot anula<\/td>\n<\/tr>\n<tr>\n<td align=\"left\" valign=\"middle\"><span class=\"product-attributes-text\">\u00cen\u0103l\u021bimea caracterului:<\/span><\/td>\n<td align=\"right\" valign=\"middle\">4.5 mm<\/td>\n<\/tr>\n<tr>\n<td align=\"left\" valign=\"middle\"><span class=\"product-attributes-text\">Format dat\u0103:<\/span><\/td>\n<td align=\"right\" valign=\"middle\">DE, EN, ARAB, ISO, YY<\/td>\n<\/tr>\n<tr>\n<td align=\"left\" valign=\"middle\"><span class=\"product-attributes-text\">Font:<\/span><\/td>\n<td align=\"right\" valign=\"middle\">Antiqua (cifrele), Block (data)<\/td>\n<\/tr>\n<tr>\n<td align=\"left\" valign=\"middle\"><span class=\"product-attributes-text\">Greutate:<\/span><\/td>\n<td align=\"right\" valign=\"middle\">Aprox. 350 g<\/td>\n<\/tr>\n<tr>\n<td align=\"left\" valign=\"middle\"><\/td>\n<td align=\"right\" valign=\"middle\"><\/td>\n<\/tr>\n<\/tbody>\n<\/table>\n<p>&nbsp;<\/p>\n<p>&nbsp;<\/p>\n<p><img decoding=\"async\" class=\"alignnone wp-image-22824 size-medium\" src=\"https:\/\/online.colop.ro\/wp-content\/uploads\/2021\/11\/ND6K72dpi16766-desc-300x27.jpg\" alt=\"\" width=\"300\" height=\"27\" srcset=\"https:\/\/newonline.colop.ro\/wp-content\/uploads\/2021\/11\/ND6K72dpi16766-desc-300x27.jpg 300w, https:\/\/newonline.colop.ro\/wp-content\/uploads\/2021\/11\/ND6K72dpi16766-desc-1024x93.jpg 1024w, https:\/\/newonline.colop.ro\/wp-content\/uploads\/2021\/11\/ND6K72dpi16766-desc-768x70.jpg 768w, https:\/\/newonline.colop.ro\/wp-content\/uploads\/2021\/11\/ND6K72dpi16766-desc-600x55.jpg 600w, https:\/\/newonline.colop.ro\/wp-content\/uploads\/2021\/11\/ND6K72dpi16766-desc.jpg 1485w\" sizes=\"(max-width: 300px) 100vw, 300px\" \/><\/p>\n<p><img decoding=\"async\" class=\"alignnone size-medium wp-image-22826\" src=\"https:\/\/online.colop.ro\/wp-content\/uploads\/2021\/11\/ND6K72dpi16739-desc-300x28.jpg\" alt=\"\" width=\"300\" height=\"28\" srcset=\"https:\/\/newonline.colop.ro\/wp-content\/uploads\/2021\/11\/ND6K72dpi16739-desc-300x28.jpg 300w, https:\/\/newonline.colop.ro\/wp-content\/uploads\/2021\/11\/ND6K72dpi16739-desc-1024x95.jpg 1024w, https:\/\/newonline.colop.ro\/wp-content\/uploads\/2021\/11\/ND6K72dpi16739-desc-768x71.jpg 768w, https:\/\/newonline.colop.ro\/wp-content\/uploads\/2021\/11\/ND6K72dpi16739-desc-600x56.jpg 600w, https:\/\/newonline.colop.ro\/wp-content\/uploads\/2021\/11\/ND6K72dpi16739-desc.jpg 1456w\" sizes=\"(max-width: 300px) 100vw, 300px\" \/><\/p>\n<p>&nbsp;<\/p>\n","protected":false},"featured_media":36841,"template":"","meta":[],"product_cat":[104,326],"product_tag":[],"_links":{"self":[{"href":"https:\/\/newonline.colop.ro\/index.php?rest_route=\/wp\/v2\/product\/36818"}],"collection":[{"href":"https:\/\/newonline.colop.ro\/index.php?rest_route=\/wp\/v2\/product"}],"about":[{"href":"https:\/\/newonline.colop.ro\/index.php?rest_route=\/wp\/v2\/types\/product"}],"version-history":[{"count":1,"href":"https:\/\/newonline.colop.ro\/index.php?rest_route=\/wp\/v2\/product\/36818\/revisions"}],"predecessor-version":[{"id":40050,"href":"https:\/\/newonline.colop.ro\/index.php?rest_route=\/wp\/v2\/product\/36818\/revisions\/40050"}],"wp:featuredmedia":[{"embeddable":true,"href":"https:\/\/newonline.colop.ro\/index.php?rest_route=\/wp\/v2\/media\/36841"}],"wp:attachment":[{"href":"https:\/\/newonline.colop.ro\/index.php?rest_route=%2Fwp%2Fv2%2Fmedia&parent=36818"}],"wp:term":[{"taxonomy":"product_cat","embeddable":true,"href":"https:\/\/newonline.colop.ro\/index.php?rest_route=%2Fwp%2Fv2%2Fproduct_cat&post=36818"},{"taxonomy":"product_tag","embeddable":true,"href":"https:\/\/newonline.colop.ro\/index.php?rest_route=%2Fwp%2Fv2%2Fproduct_tag&post=36818"}],"curies":[{"name":"wp","href":"https:\/\/api.w.org\/{rel}","templated":true}]}}