{"id":36796,"date":"2024-05-09T21:51:49","date_gmt":"2024-05-09T19:51:49","guid":{"rendered":"https:\/\/online.colop.ro\/web2023\/?post_type=product&#038;p=36796"},"modified":"2025-07-31T22:21:18","modified_gmt":"2025-07-31T20:21:18","slug":"datiera-numarator-cu-placuta-de-text-reiner-dn65a","status":"publish","type":"product","link":"https:\/\/newonline.colop.ro\/?product=datiera-numarator-cu-placuta-de-text-reiner-dn65a","title":{"rendered":"Datier\u0103-num\u0103r\u0103tor cu pl\u0103cu\u021b\u0103 de text REINER DN65a"},"content":{"rendered":"<p>Datiera-num\u0103r\u0103tor DN65a dispune de o pl\u0103cu\u021b\u0103 de text din cupru de mari dimensiuni, care poate fi personalizat\u0103 conform cerin\u021belor individuale. Data poate avea benzile lunilor \u00een cifre sau \u00een litere (abrevieri) \u0219i anul complet.<\/p>\n<p>\u0218tampila este realizat\u0103 \u00een totalitate \u00een Germania. Toate componentele sunt produse \u0219i asamblate \u00een Germania. Carcasa \u0219i benzile sunt realizate din zinc turnat de \u00eenalt\u0103 calitate. Toate acestea fac \u0219tampila REINER un produs stabil \u0219i durabil.<\/p>\n","protected":false},"excerpt":{"rendered":"<table class=\"product-atributes-table\" border=\"0\" width=\"100%\">\n<tbody>\n<tr>\n<td align=\"left\" valign=\"middle\"><\/td>\n<td align=\"right\" valign=\"middle\"><\/td>\n<\/tr>\n<tr>\n<td colspan=\"2\"><strong>Informa\u021bii produs<\/strong><\/td>\n<\/tr>\n<tr>\n<td align=\"left\" valign=\"middle\">Amprent\u0103:<\/td>\n<td align=\"right\" valign=\"middle\">Cifre, Dat\u0103, Text<\/td>\n<\/tr>\n<tr>\n<td align=\"left\" valign=\"middle\"><span class=\"product-attributes-text\">Ac\u021biune automat\u0103:<\/span><\/td>\n<td align=\"right\" valign=\"middle\">Repet\u0103ri 0x, 1-4x<\/td>\n<\/tr>\n<tr>\n<td align=\"left\" valign=\"middle\"><span class=\"product-attributes-text\">Benzi automate:<\/span><\/td>\n<td align=\"right\" valign=\"middle\">Primele 4 din dreapta<\/td>\n<\/tr>\n<tr>\n<td align=\"left\" valign=\"middle\"><span class=\"product-attributes-text\">Dimensiune amprent\u0103:<\/span><\/td>\n<td align=\"right\" valign=\"middle\">65 x 30 mm<\/td>\n<\/tr>\n<tr>\n<td align=\"left\" valign=\"middle\"><span class=\"product-attributes-text\">Benzi \u0219i corp:<\/span><\/td>\n<td align=\"right\" valign=\"middle\">Zinc turnat<\/td>\n<\/tr>\n<tr>\n<td align=\"left\" valign=\"middle\"><span class=\"product-attributes-text\">Num\u0103r benzi:<\/span><\/td>\n<td align=\"right\" valign=\"middle\">6, 7, f\u0103r\u0103 zero-uri care se pot anula<\/td>\n<\/tr>\n<tr>\n<td align=\"left\" valign=\"middle\"><span class=\"product-attributes-text\">\u00cen\u0103l\u021bimea caracterului:<\/span><\/td>\n<td align=\"right\" valign=\"middle\">4 mm<\/td>\n<\/tr>\n<tr>\n<td align=\"left\" valign=\"middle\"><span class=\"product-attributes-text\">Format dat\u0103:<\/span><\/td>\n<td align=\"right\" valign=\"middle\">DE, EN, ARAB, ISO, YY, YYYY<\/td>\n<\/tr>\n<tr>\n<td align=\"left\" valign=\"middle\"><span class=\"product-attributes-text\">Font:<\/span><\/td>\n<td align=\"right\" valign=\"middle\">Antiqua (cifre), Block(cifre, dat\u0103)<\/td>\n<\/tr>\n<tr>\n<td align=\"left\" valign=\"middle\"><span class=\"product-attributes-text\">Greutate:<\/span><\/td>\n<td align=\"right\" valign=\"middle\">Aprox. 600 g<\/td>\n<\/tr>\n<tr>\n<td align=\"left\" valign=\"middle\"><\/td>\n<td align=\"right\" valign=\"middle\"><\/td>\n<\/tr>\n<\/tbody>\n<\/table>\n<p><img decoding=\"async\" class=\"alignnone size-medium wp-image-22846\" src=\"https:\/\/online.colop.ro\/wp-content\/uploads\/2021\/11\/DN65a72dpi16768-desc-300x138.jpg\" alt=\"\" width=\"300\" height=\"138\" srcset=\"https:\/\/newonline.colop.ro\/wp-content\/uploads\/2021\/11\/DN65a72dpi16768-desc-300x138.jpg 300w, https:\/\/newonline.colop.ro\/wp-content\/uploads\/2021\/11\/DN65a72dpi16768-desc-600x277.jpg 600w, https:\/\/newonline.colop.ro\/wp-content\/uploads\/2021\/11\/DN65a72dpi16768-desc.jpg 768w\" sizes=\"(max-width: 300px) 100vw, 300px\" \/><\/p>\n<p><img decoding=\"async\" class=\"alignnone size-medium wp-image-22848\" src=\"https:\/\/online.colop.ro\/wp-content\/uploads\/2021\/11\/DN65a72dpi16745-desc-300x138.jpg\" alt=\"\" width=\"300\" height=\"138\" srcset=\"https:\/\/newonline.colop.ro\/wp-content\/uploads\/2021\/11\/DN65a72dpi16745-desc-300x138.jpg 300w, https:\/\/newonline.colop.ro\/wp-content\/uploads\/2021\/11\/DN65a72dpi16745-desc-600x277.jpg 600w, https:\/\/newonline.colop.ro\/wp-content\/uploads\/2021\/11\/DN65a72dpi16745-desc.jpg 768w\" sizes=\"(max-width: 300px) 100vw, 300px\" \/><\/p>\n<p>&nbsp;<\/p>\n<p>&nbsp;<\/p>\n","protected":false},"featured_media":36839,"template":"","meta":[],"product_cat":[326,104,239],"product_tag":[],"_links":{"self":[{"href":"https:\/\/newonline.colop.ro\/index.php?rest_route=\/wp\/v2\/product\/36796"}],"collection":[{"href":"https:\/\/newonline.colop.ro\/index.php?rest_route=\/wp\/v2\/product"}],"about":[{"href":"https:\/\/newonline.colop.ro\/index.php?rest_route=\/wp\/v2\/types\/product"}],"version-history":[{"count":1,"href":"https:\/\/newonline.colop.ro\/index.php?rest_route=\/wp\/v2\/product\/36796\/revisions"}],"predecessor-version":[{"id":40133,"href":"https:\/\/newonline.colop.ro\/index.php?rest_route=\/wp\/v2\/product\/36796\/revisions\/40133"}],"wp:featuredmedia":[{"embeddable":true,"href":"https:\/\/newonline.colop.ro\/index.php?rest_route=\/wp\/v2\/media\/36839"}],"wp:attachment":[{"href":"https:\/\/newonline.colop.ro\/index.php?rest_route=%2Fwp%2Fv2%2Fmedia&parent=36796"}],"wp:term":[{"taxonomy":"product_cat","embeddable":true,"href":"https:\/\/newonline.colop.ro\/index.php?rest_route=%2Fwp%2Fv2%2Fproduct_cat&post=36796"},{"taxonomy":"product_tag","embeddable":true,"href":"https:\/\/newonline.colop.ro\/index.php?rest_route=%2Fwp%2Fv2%2Fproduct_tag&post=36796"}],"curies":[{"name":"wp","href":"https:\/\/api.w.org\/{rel}","templated":true}]}}