{"id":36792,"date":"2024-05-09T21:51:48","date_gmt":"2024-05-09T19:51:48","guid":{"rendered":"https:\/\/online.colop.ro\/web2023\/?post_type=product&#038;p=36792"},"modified":"2025-07-31T22:19:55","modified_gmt":"2025-07-31T20:19:55","slug":"tusiera-reiner-neagra-dn53a","status":"publish","type":"product","link":"https:\/\/newonline.colop.ro\/?product=tusiera-reiner-neagra-dn53a","title":{"rendered":"Tu\u0219ier\u0103 Reiner neagr\u0103 DN53A"},"content":{"rendered":"<p>Tu\u0219ier\u0103 Reiner neagr\u0103 pe baz\u0103 de ulei pentru datiera DN53A.<\/p>\n","protected":false},"excerpt":{"rendered":"<p>Tu\u0219ier\u0103 Reiner neagr\u0103 pe baz\u0103 de ulei pentru datiera DN53A.<\/p>\n","protected":false},"featured_media":36832,"template":"","meta":[],"product_cat":[97,338],"product_tag":[],"_links":{"self":[{"href":"https:\/\/newonline.colop.ro\/index.php?rest_route=\/wp\/v2\/product\/36792"}],"collection":[{"href":"https:\/\/newonline.colop.ro\/index.php?rest_route=\/wp\/v2\/product"}],"about":[{"href":"https:\/\/newonline.colop.ro\/index.php?rest_route=\/wp\/v2\/types\/product"}],"version-history":[{"count":0,"href":"https:\/\/newonline.colop.ro\/index.php?rest_route=\/wp\/v2\/product\/36792\/revisions"}],"wp:featuredmedia":[{"embeddable":true,"href":"https:\/\/newonline.colop.ro\/index.php?rest_route=\/wp\/v2\/media\/36832"}],"wp:attachment":[{"href":"https:\/\/newonline.colop.ro\/index.php?rest_route=%2Fwp%2Fv2%2Fmedia&parent=36792"}],"wp:term":[{"taxonomy":"product_cat","embeddable":true,"href":"https:\/\/newonline.colop.ro\/index.php?rest_route=%2Fwp%2Fv2%2Fproduct_cat&post=36792"},{"taxonomy":"product_tag","embeddable":true,"href":"https:\/\/newonline.colop.ro\/index.php?rest_route=%2Fwp%2Fv2%2Fproduct_tag&post=36792"}],"curies":[{"name":"wp","href":"https:\/\/api.w.org\/{rel}","templated":true}]}}