{"id":36559,"date":"2024-05-09T21:47:00","date_gmt":"2024-05-09T19:47:00","guid":{"rendered":"https:\/\/online.colop.ro\/web2023\/?post_type=product&#038;p=36559"},"modified":"2025-08-20T15:27:04","modified_gmt":"2025-08-20T13:27:04","slug":"stampila-woodies-save-the-date-we3007","status":"publish","type":"product","link":"https:\/\/newonline.colop.ro\/?product=stampila-woodies-save-the-date-we3007","title":{"rendered":"\u0218tampil\u0103 Woodies Save the date &#8211; WE3007"},"content":{"rendered":"<p><span style=\"font-family: helvetica, arial, sans-serif;color: #333399\">IA \u0218TAMPILA. AMPRENTEAZ\u0102. BUCURA-TE DE REZULTAT.<\/span><\/p>\n<p><span style=\"font-family: helvetica, arial, sans-serif\">Cu \u0219tampilele Woodies e\u0219ti preg\u0103tit pentru orice ocazie. Cei pasiona\u021bi de me\u0219te\u0219uguri, profesioni\u0219ti din industriile creative sau orice persoan\u0103 care dore\u0219te s\u0103 \u00eei \u00eenc\u00e2nte pe ceilal\u021bi vor \u00eendr\u0103gi seturile noastre tematice.<\/span><\/p>\n<p><span style=\"font-family: helvetica, arial, sans-serif\">Designurile atractive \u0219i tu\u0219ierele ingenioase, toate produse \u00een Europa, reprezint\u0103 un plus pentru aceste noi \u0219tampile. Diferitele seturi tematice acoper\u0103 cele mai importante evenimente festive de pe parcursul unui an.<\/span><\/p>\n","protected":false},"excerpt":{"rendered":"<p>IA \u0218TAMPILA. AMPRENTEAZ\u0102. BUCURA-TE DE REZULTAT. Cu \u0219tampilele Woodies e\u0219ti preg\u0103tit pentru orice ocazie. Cei pasiona\u021bi de me\u0219te\u0219uguri, profesioni\u0219ti din industriile creative sau orice persoan\u0103 care dore\u0219te s\u0103 \u00eei \u00eenc\u00e2nte pe ceilal\u021bi vor \u00eendr\u0103gi seturile noastre tematice. Designurile atractive \u0219i tu\u0219ierele ingenioase, toate produse \u00een Europa, reprezint\u0103 un plus pentru aceste noi \u0219tampile. Diferitele seturi<\/p>\n<div class=\"klb-readmore entry-button\"><a class=\"btn read-more\" href=\"https:\/\/newonline.colop.ro\/?product=stampila-woodies-save-the-date-we3007\">Afl\u0103 mai mult<\/a><\/div>\n","protected":false},"featured_media":36618,"template":"","meta":[],"product_cat":[345,553],"product_tag":[],"_links":{"self":[{"href":"https:\/\/newonline.colop.ro\/index.php?rest_route=\/wp\/v2\/product\/36559"}],"collection":[{"href":"https:\/\/newonline.colop.ro\/index.php?rest_route=\/wp\/v2\/product"}],"about":[{"href":"https:\/\/newonline.colop.ro\/index.php?rest_route=\/wp\/v2\/types\/product"}],"version-history":[{"count":2,"href":"https:\/\/newonline.colop.ro\/index.php?rest_route=\/wp\/v2\/product\/36559\/revisions"}],"predecessor-version":[{"id":40897,"href":"https:\/\/newonline.colop.ro\/index.php?rest_route=\/wp\/v2\/product\/36559\/revisions\/40897"}],"wp:featuredmedia":[{"embeddable":true,"href":"https:\/\/newonline.colop.ro\/index.php?rest_route=\/wp\/v2\/media\/36618"}],"wp:attachment":[{"href":"https:\/\/newonline.colop.ro\/index.php?rest_route=%2Fwp%2Fv2%2Fmedia&parent=36559"}],"wp:term":[{"taxonomy":"product_cat","embeddable":true,"href":"https:\/\/newonline.colop.ro\/index.php?rest_route=%2Fwp%2Fv2%2Fproduct_cat&post=36559"},{"taxonomy":"product_tag","embeddable":true,"href":"https:\/\/newonline.colop.ro\/index.php?rest_route=%2Fwp%2Fv2%2Fproduct_tag&post=36559"}],"curies":[{"name":"wp","href":"https:\/\/api.w.org\/{rel}","templated":true}]}}