{"id":36315,"date":"2024-05-09T19:13:12","date_gmt":"2024-05-09T17:13:12","guid":{"rendered":"https:\/\/online.colop.ro\/web2023\/?post_type=product&#038;p=36315"},"modified":"2025-08-20T15:27:23","modified_gmt":"2025-08-20T13:27:23","slug":"stampila-mini-woodies-inimi-wm0302","status":"publish","type":"product","link":"https:\/\/newonline.colop.ro\/?product=stampila-mini-woodies-inimi-wm0302","title":{"rendered":"\u0218tampil\u0103 Mini Woodies Inimi &#8211; WM0302"},"content":{"rendered":"<p>Locul \u0219tampilelor este \u00een birou? Nu chiar! Pentru copii sau pentru cei cu inima t\u00e2n\u0103r\u0103, \u0219tampilele noastre Mini Woodies sunt grozave pentru orice ocazie. 9 tematici ce cuprind 81 de modele diferite sunt tot ceea ce ai nevoie pentru decora\u021biunile de Cr\u0103ciun, felicit\u0103ri pentru bebelu\u0219, o scrisoare de dragoste sau doar pentru a face ceva frumos.<\/p>\n<p>Dac\u0103 \u00ee\u021bi plac artele, me\u0219te\u0219ugurile, decora\u021biunile \u0219i s\u0103 \u00eencerci lucruri noi, atunci Mini Woodies \u00ee\u021bi vor aduce nespus de mult\u0103 bucurie. Sunt ideale pentru a crea modele sau pentru a suplimenta gama de \u0219tampile mai mari Woodies.<\/p>\n<p>La fel ca fra\u021bii lor mai mari, Mini Woodies sunt realizate din resurse naturale \u0219i sustenabile. \u0218i, bine\u00een\u021beles, fiecare dintre cele 9 tematici dispune de un display asortat.<\/p>\n","protected":false},"excerpt":{"rendered":"<p>Locul \u0219tampilelor este \u00een birou? Nu chiar! Pentru copii sau pentru cei cu inima t\u00e2n\u0103r\u0103, \u0219tampilele noastre Mini Woodies sunt grozave pentru orice ocazie. 9 tematici ce cuprind 81 de modele diferite sunt tot ceea ce ai nevoie pentru decora\u021biunile de Cr\u0103ciun, felicit\u0103ri pentru bebelu\u0219, o scrisoare de dragoste sau doar pentru a face ceva<\/p>\n<div class=\"klb-readmore entry-button\"><a class=\"btn read-more\" href=\"https:\/\/newonline.colop.ro\/?product=stampila-mini-woodies-inimi-wm0302\">Afl\u0103 mai mult<\/a><\/div>\n","protected":false},"featured_media":36393,"template":"","meta":[],"product_cat":[344,565],"product_tag":[],"_links":{"self":[{"href":"https:\/\/newonline.colop.ro\/index.php?rest_route=\/wp\/v2\/product\/36315"}],"collection":[{"href":"https:\/\/newonline.colop.ro\/index.php?rest_route=\/wp\/v2\/product"}],"about":[{"href":"https:\/\/newonline.colop.ro\/index.php?rest_route=\/wp\/v2\/types\/product"}],"version-history":[{"count":0,"href":"https:\/\/newonline.colop.ro\/index.php?rest_route=\/wp\/v2\/product\/36315\/revisions"}],"wp:featuredmedia":[{"embeddable":true,"href":"https:\/\/newonline.colop.ro\/index.php?rest_route=\/wp\/v2\/media\/36393"}],"wp:attachment":[{"href":"https:\/\/newonline.colop.ro\/index.php?rest_route=%2Fwp%2Fv2%2Fmedia&parent=36315"}],"wp:term":[{"taxonomy":"product_cat","embeddable":true,"href":"https:\/\/newonline.colop.ro\/index.php?rest_route=%2Fwp%2Fv2%2Fproduct_cat&post=36315"},{"taxonomy":"product_tag","embeddable":true,"href":"https:\/\/newonline.colop.ro\/index.php?rest_route=%2Fwp%2Fv2%2Fproduct_tag&post=36315"}],"curies":[{"name":"wp","href":"https:\/\/api.w.org\/{rel}","templated":true}]}}