{"id":36142,"date":"2024-05-09T19:11:08","date_gmt":"2024-05-09T17:11:08","guid":{"rendered":"https:\/\/online.colop.ro\/web2023\/?post_type=product&#038;p=36142"},"modified":"2025-07-31T22:13:15","modified_gmt":"2025-07-31T20:13:15","slug":"strasuri-tatuaje-temporare-ladot-cosmetics-2","status":"publish","type":"product","link":"https:\/\/newonline.colop.ro\/?product=strasuri-tatuaje-temporare-ladot-cosmetics-2","title":{"rendered":"\u0218trasuri tatuaje temporare LaDot Cosmetics"},"content":{"rendered":"<h2><span style=\"color: #333399\"><em>Crea\u021bi-v\u0103 propriul stil!<\/em><\/span><\/h2>\n<h1><span style=\"font-size: 36pt;color: #ffcc99\"><em>\u02dc\u02dc<\/em><\/span><span style=\"font-size: 36pt;color: #ffcc99\"><em>\u02dc\u02dc<\/em><\/span><span style=\"font-size: 36pt;color: #ffcc99\"><em>\u02dc\u02dc<\/em><\/span><span style=\"font-size: 36pt;color: #ffcc99\"><em>\u02dc\u02dc<\/em><\/span><span style=\"font-size: 36pt;color: #ffcc99\"><em>\u02dc\u02dc<\/em><\/span><span style=\"font-size: 36pt;color: #ffcc99\"><em>\u02dc\u02dc<\/em><\/span><\/h1>\n<p>Dac\u0103 vrei s\u0103-\u021bi decorezi pielea cu modele atractive, dar nu vrei un tatuaj permanent, LaDot este produsul potrivit pentru tine. Tatuajele LaDot v\u0103 vor oferi un aspect autentic, f\u0103r\u0103 angajament pe via\u021b\u0103.<\/p>\n<p>\u0218tampilele ceramice LaDot sunt hipoalergenice \u0219i au o durat\u0103 lung\u0103 de via\u021b\u0103. Tatuajele sunt pe baz\u0103 de cosmetice, rezistente la ap\u0103 \u0219i u\u0219or de \u00eendep\u0103rtat cu demachiant sau ulei pentru copii. Toate produsele LaDot sunt riguros testate \u0219i certificate, conform cerin\u021belor legale europene \u0219i, prin urmare, respect\u0103 Regulamentul privind cosmeticele EC Nr. 1223\/2009.<\/p>\n","protected":false},"excerpt":{"rendered":"<p>Crea\u021bi-v\u0103 propriul stil! \u02dc\u02dc\u02dc\u02dc\u02dc\u02dc\u02dc\u02dc\u02dc\u02dc\u02dc\u02dc Dac\u0103 vrei s\u0103-\u021bi decorezi pielea cu modele atractive, dar nu vrei un tatuaj permanent, LaDot este produsul potrivit pentru tine. Tatuajele LaDot v\u0103 vor oferi un aspect autentic, f\u0103r\u0103 angajament pe via\u021b\u0103. \u0218tampilele ceramice LaDot sunt hipoalergenice \u0219i au o durat\u0103 lung\u0103 de via\u021b\u0103. Tatuajele sunt pe baz\u0103 de cosmetice, rezistente<\/p>\n<div class=\"klb-readmore entry-button\"><a class=\"btn read-more\" href=\"https:\/\/newonline.colop.ro\/?product=strasuri-tatuaje-temporare-ladot-cosmetics-2\">Afl\u0103 mai mult<\/a><\/div>\n","protected":false},"featured_media":36254,"template":"","meta":[],"product_cat":[369],"product_tag":[],"_links":{"self":[{"href":"https:\/\/newonline.colop.ro\/index.php?rest_route=\/wp\/v2\/product\/36142"}],"collection":[{"href":"https:\/\/newonline.colop.ro\/index.php?rest_route=\/wp\/v2\/product"}],"about":[{"href":"https:\/\/newonline.colop.ro\/index.php?rest_route=\/wp\/v2\/types\/product"}],"version-history":[{"count":1,"href":"https:\/\/newonline.colop.ro\/index.php?rest_route=\/wp\/v2\/product\/36142\/revisions"}],"predecessor-version":[{"id":40618,"href":"https:\/\/newonline.colop.ro\/index.php?rest_route=\/wp\/v2\/product\/36142\/revisions\/40618"}],"wp:featuredmedia":[{"embeddable":true,"href":"https:\/\/newonline.colop.ro\/index.php?rest_route=\/wp\/v2\/media\/36254"}],"wp:attachment":[{"href":"https:\/\/newonline.colop.ro\/index.php?rest_route=%2Fwp%2Fv2%2Fmedia&parent=36142"}],"wp:term":[{"taxonomy":"product_cat","embeddable":true,"href":"https:\/\/newonline.colop.ro\/index.php?rest_route=%2Fwp%2Fv2%2Fproduct_cat&post=36142"},{"taxonomy":"product_tag","embeddable":true,"href":"https:\/\/newonline.colop.ro\/index.php?rest_route=%2Fwp%2Fv2%2Fproduct_tag&post=36142"}],"curies":[{"name":"wp","href":"https:\/\/api.w.org\/{rel}","templated":true}]}}