{"id":36033,"date":"2024-05-09T19:09:54","date_gmt":"2024-05-09T17:09:54","guid":{"rendered":"https:\/\/online.colop.ro\/web2023\/?post_type=product&#038;p=36033"},"modified":"2025-07-31T22:12:37","modified_gmt":"2025-07-31T20:12:37","slug":"pachet-colop-e-mark-create","status":"publish","type":"product","link":"https:\/\/newonline.colop.ro\/?product=pachet-colop-e-mark-create","title":{"rendered":"Pachet imprimant\u0103 portabil\u0103 COLOP e-mark Basic"},"content":{"rendered":"<table style=\"border-collapse: collapse; width: 100%;\">\n<tbody>\n<tr>\n<td style=\"width: 100%;\" colspan=\"2\"><strong>Pachetul COLOP e-mark Basic<\/strong> este solu\u021bia ideal\u0103 pentru cei care doresc s\u0103-\u021bi transforme ideile creative \u00een realitate sau s\u0103 aduc\u0103 un plus de profesionalism \u00een proiectele lor. Include toate accesoriile esen\u021biale pentru a \u00eencepe utilizarea acestei imprimante portabile inovatoare, oferind\u00a0 o solu\u021bie versatil\u0103 pentru personalizare \u0219i organizare.<\/p>\n<p>&nbsp;<\/td>\n<\/tr>\n<tr>\n<td style=\"width: 50%;\"><strong>Imprimanta mobil\u0103 COLOP e-mark<\/strong> este dispozitivul ideal pentru a crea obiecte personalizate, pentru etichetare \u0219i organizare. Inovativul COLOP e-mark create este portabil, u\u0219or de transportat \u00eentr-o geant\u0103 \u0219i poate imprima pe aproape orice suprafa\u021b\u0103 absorbant\u0103.<\/p>\n<p>Folose\u0219te tehnologia inkjet \u0219i se conecteaz\u0103 prin Blootooth la o aplica\u021bie mobil\u0103, disponibil\u0103 100% gratuit, care permite personalizarea textelor, simbolurilor, codurilor QR \u00eenainte de imprimare.<\/td>\n<td style=\"width: 50%;\"><a href=\"https:\/\/online.colop.ro\/wp-content\/uploads\/2024\/05\/e-mark_desktop_blackandwhite.jpg\" target=\"_blank\" rel=\"noopener\"><img fetchpriority=\"high\" decoding=\"async\" class=\"alignnone size-large wp-image-39618\" src=\"https:\/\/online.colop.ro\/wp-content\/uploads\/2024\/05\/e-mark_desktop_blackandwhite-1024x683.jpg\" alt=\"\" width=\"960\" height=\"640\" srcset=\"https:\/\/newonline.colop.ro\/wp-content\/uploads\/2024\/05\/e-mark_desktop_blackandwhite-1024x683.jpg 1024w, https:\/\/newonline.colop.ro\/wp-content\/uploads\/2024\/05\/e-mark_desktop_blackandwhite-300x200.jpg 300w, https:\/\/newonline.colop.ro\/wp-content\/uploads\/2024\/05\/e-mark_desktop_blackandwhite-768x512.jpg 768w, https:\/\/newonline.colop.ro\/wp-content\/uploads\/2024\/05\/e-mark_desktop_blackandwhite-1536x1025.jpg 1536w, https:\/\/newonline.colop.ro\/wp-content\/uploads\/2024\/05\/e-mark_desktop_blackandwhite-2048x1366.jpg 2048w, https:\/\/newonline.colop.ro\/wp-content\/uploads\/2024\/05\/e-mark_desktop_blackandwhite-600x400.jpg 600w, https:\/\/newonline.colop.ro\/wp-content\/uploads\/2024\/05\/e-mark_desktop_blackandwhite-81x54.jpg 81w\" sizes=\"(max-width: 960px) 100vw, 960px\" \/><\/a><\/td>\n<\/tr>\n<tr>\n<td style=\"width: 50%;\"><a href=\"https:\/\/online.colop.ro\/wp-content\/uploads\/2024\/11\/C2_cartridge-960x540-1.jpg\" target=\"_blank\" rel=\"noopener\"><img decoding=\"async\" class=\"aligncenter wp-image-39606 size-medium\" src=\"https:\/\/online.colop.ro\/wp-content\/uploads\/2024\/11\/C2_cartridge-960x540-1-268x300.jpg\" alt=\"\" width=\"268\" height=\"300\" srcset=\"https:\/\/newonline.colop.ro\/wp-content\/uploads\/2024\/11\/C2_cartridge-960x540-1-268x300.jpg 268w, https:\/\/newonline.colop.ro\/wp-content\/uploads\/2024\/11\/C2_cartridge-960x540-1-48x54.jpg 48w, https:\/\/newonline.colop.ro\/wp-content\/uploads\/2024\/11\/C2_cartridge-960x540-1.jpg 482w\" sizes=\"(max-width: 268px) 100vw, 268px\" \/><\/a><\/td>\n<td style=\"width: 50%;\">Imprimanta este echipat\u0103 cu un\u00a0<strong>cartu\u0219 C2<\/strong>, care permite realizarea de p\u00e2n\u0103 la 1500 amprente color. Cartu\u0219ul tricolor revolu\u021bionar C2 este fabricat cu aten\u021bie pentru o experien\u021b\u0103 de printare mobil\u0103 irepro\u0219abil\u0103. Proiectat cu precizie, acest cartu\u0219 con\u021bine o cerneal\u0103 cu o formula special\u0103, care asigur\u0103 imprim\u0103ri luminoase \u0219i calitative, garant\u00e2nd rezultate impresionante \u00eenc\u0103 de la prima amprent\u0103.<\/td>\n<\/tr>\n<tr>\n<td style=\"width: 100%;\" colspan=\"2\">Pachetul con\u021bine \u0219i c\u00e2teva dintre <strong>accesoriile esen\u021biale<\/strong> care s\u0103 te ajute \u00een procesul creativ \u0219i care vor face ca toat\u0103 treaba s\u0103 devin\u0103 floare la ureche.<\/td>\n<\/tr>\n<tr>\n<td style=\"width: 50%;\"><a href=\"https:\/\/online.colop.ro\/wp-content\/uploads\/2024\/05\/e-mark_ruler_use_case_discount-1.jpg\" target=\"_blank\" rel=\"noopener\"><img decoding=\"async\" class=\"alignnone size-large wp-image-39620\" src=\"https:\/\/online.colop.ro\/wp-content\/uploads\/2024\/05\/e-mark_ruler_use_case_discount-1-1024x683.jpg\" alt=\"\" width=\"960\" height=\"640\" srcset=\"https:\/\/newonline.colop.ro\/wp-content\/uploads\/2024\/05\/e-mark_ruler_use_case_discount-1-1024x683.jpg 1024w, https:\/\/newonline.colop.ro\/wp-content\/uploads\/2024\/05\/e-mark_ruler_use_case_discount-1-300x200.jpg 300w, https:\/\/newonline.colop.ro\/wp-content\/uploads\/2024\/05\/e-mark_ruler_use_case_discount-1-768x512.jpg 768w, https:\/\/newonline.colop.ro\/wp-content\/uploads\/2024\/05\/e-mark_ruler_use_case_discount-1-1536x1024.jpg 1536w, https:\/\/newonline.colop.ro\/wp-content\/uploads\/2024\/05\/e-mark_ruler_use_case_discount-1-2048x1366.jpg 2048w, https:\/\/newonline.colop.ro\/wp-content\/uploads\/2024\/05\/e-mark_ruler_use_case_discount-1-600x400.jpg 600w, https:\/\/newonline.colop.ro\/wp-content\/uploads\/2024\/05\/e-mark_ruler_use_case_discount-1-81x54.jpg 81w\" sizes=\"(max-width: 960px) 100vw, 960px\" \/><\/a><\/td>\n<td style=\"width: 50%;\">Cu ajutorul <strong>riglei<\/strong> speciale e-mark vei putea imprima drept de-a lungul unei laturi sau vei pozi\u021biona cu u\u0219urin\u021b\u0103 textul sau elementele decorative pe suprafa\u021ba de lucru.<\/td>\n<\/tr>\n<tr>\n<td style=\"width: 50%;\"><strong>Setul de ghidaje pentru panglici<\/strong> este ideal dac\u0103 dore\u0219ti s\u0103 imprimi role de panglic\u0103 de bumbac sau etichete de h\u00e2rtie. Doar inserezi cap\u0103tul panglicii \u00een spa\u021biul special, pozi\u021bionezi e-mark \u0219i glisezi. Este at\u00e2t de u\u0219or acum s\u0103 decorezi buchete, s\u0103 scrii mesaje personale pe fundi\u021bele cadourilor sau s\u0103 realizezi m\u0103rturii unice.<\/td>\n<td style=\"width: 50%;\"><a href=\"https:\/\/online.colop.ro\/wp-content\/uploads\/2024\/05\/e-mark_ribbon_use_case_woodbackground2.jpg\" target=\"_blank\" rel=\"noopener\"><img loading=\"lazy\" decoding=\"async\" class=\"alignnone size-large wp-image-39623\" src=\"https:\/\/online.colop.ro\/wp-content\/uploads\/2024\/05\/e-mark_ribbon_use_case_woodbackground2-1024x684.jpg\" alt=\"\" width=\"960\" height=\"641\" srcset=\"https:\/\/newonline.colop.ro\/wp-content\/uploads\/2024\/05\/e-mark_ribbon_use_case_woodbackground2-1024x684.jpg 1024w, https:\/\/newonline.colop.ro\/wp-content\/uploads\/2024\/05\/e-mark_ribbon_use_case_woodbackground2-300x200.jpg 300w, https:\/\/newonline.colop.ro\/wp-content\/uploads\/2024\/05\/e-mark_ribbon_use_case_woodbackground2-768x513.jpg 768w, https:\/\/newonline.colop.ro\/wp-content\/uploads\/2024\/05\/e-mark_ribbon_use_case_woodbackground2-1536x1026.jpg 1536w, https:\/\/newonline.colop.ro\/wp-content\/uploads\/2024\/05\/e-mark_ribbon_use_case_woodbackground2-2048x1367.jpg 2048w, https:\/\/newonline.colop.ro\/wp-content\/uploads\/2024\/05\/e-mark_ribbon_use_case_woodbackground2-600x401.jpg 600w, https:\/\/newonline.colop.ro\/wp-content\/uploads\/2024\/05\/e-mark_ribbon_use_case_woodbackground2-81x54.jpg 81w\" sizes=\"(max-width: 960px) 100vw, 960px\" \/><\/a><\/td>\n<\/tr>\n<tr>\n<td style=\"width: 50%;\"><a href=\"https:\/\/online.colop.ro\/wp-content\/uploads\/2024\/05\/154921___COLOP-e-mark-Ribbon-15.jpg\" target=\"_blank\" rel=\"noopener\"><img loading=\"lazy\" decoding=\"async\" class=\"aligncenter wp-image-36956 size-medium\" src=\"https:\/\/online.colop.ro\/wp-content\/uploads\/2024\/05\/154921___COLOP-e-mark-Ribbon-15-300x300.jpg\" alt=\"\" width=\"300\" height=\"300\" srcset=\"https:\/\/newonline.colop.ro\/wp-content\/uploads\/2024\/05\/154921___COLOP-e-mark-Ribbon-15-300x300.jpg 300w, https:\/\/newonline.colop.ro\/wp-content\/uploads\/2024\/05\/154921___COLOP-e-mark-Ribbon-15-150x150.jpg 150w, https:\/\/newonline.colop.ro\/wp-content\/uploads\/2024\/05\/154921___COLOP-e-mark-Ribbon-15-768x768.jpg 768w, https:\/\/newonline.colop.ro\/wp-content\/uploads\/2024\/05\/154921___COLOP-e-mark-Ribbon-15-450x450.jpg 450w, https:\/\/newonline.colop.ro\/wp-content\/uploads\/2024\/05\/154921___COLOP-e-mark-Ribbon-15-32x32.jpg 32w, https:\/\/newonline.colop.ro\/wp-content\/uploads\/2024\/05\/154921___COLOP-e-mark-Ribbon-15-90x90.jpg 90w, https:\/\/newonline.colop.ro\/wp-content\/uploads\/2024\/05\/154921___COLOP-e-mark-Ribbon-15-600x600.jpg 600w, https:\/\/newonline.colop.ro\/wp-content\/uploads\/2024\/05\/154921___COLOP-e-mark-Ribbon-15-54x54.jpg 54w, https:\/\/newonline.colop.ro\/wp-content\/uploads\/2024\/05\/154921___COLOP-e-mark-Ribbon-15-50x50.jpg 50w, https:\/\/newonline.colop.ro\/wp-content\/uploads\/2024\/05\/154921___COLOP-e-mark-Ribbon-15-100x100.jpg 100w, https:\/\/newonline.colop.ro\/wp-content\/uploads\/2024\/05\/154921___COLOP-e-mark-Ribbon-15-64x64.jpg 64w, https:\/\/newonline.colop.ro\/wp-content\/uploads\/2024\/05\/154921___COLOP-e-mark-Ribbon-15.jpg 1000w\" sizes=\"(max-width: 300px) 100vw, 300px\" \/><\/a><\/td>\n<td style=\"width: 50%;\"><strong>Panglica e-mark 15 mm<\/strong> \u2013 este o panglic\u0103 de bumbac de \u00eenalt\u0103 calitate g\u00e2ndit\u0103 pentru personaliz\u0103ri perfecte. Fabricat\u0103 din bumbac 100%, produsul \u00eembin\u0103 aspectul premium cu sustenabilitatea, fiind o alternativ\u0103 elegant\u0103 \u0219i ecologic\u0103 pentru panglicile sintetice.Aceast\u0103 panglic\u0103 este optimizat\u0103 pentru ghidajele e-mark \u0219i asigur\u0103 o aplicare precis\u0103 \u0219i f\u0103r\u0103 efort. Cu o l\u0103\u021bime de 15 mm \u0219i o lungime generoas\u0103 de 25 m, ofer\u0103 sufficient material pentru toate proiectele tale creative. Culoarea alb\u0103 imaculat\u0103 poten\u021beaz\u0103 versatilitatea panglicii, f\u0103c\u00e2nd din ea o p\u00e2nz\u0103 perfecta pentru design-urile tale.<\/p>\n<p>Panglicile e-mark sunt special g\u00e2ndite pentru a fi folosite cu imprimantele mobile COLOP e-mark \u0219i \u00ee\u021bi permit s\u0103 creezi propriile modele personalizate, oriunde te-ai afla. Exprim\u0103-te prin slogane, logo-uri, simboluri sau text \u0219i prive\u0219te cum toate ideile tale prind via\u021b\u0103 \u00een doar c\u00e2teva secunde.<\/td>\n<\/tr>\n<tr>\n<td style=\"width: 50%;\"><strong>CADOU &#8211; Clips de protec\u021bie pentru cartu\u0219<\/strong><\/p>\n<p>Inser\u021bia special din silicon (partea albastr\u0103) protejeaz\u0103 capul de imprmare al cartu\u0219ului de ac\u021biunea factorilor de mediu, cum ar fi zg\u00e2rieturile \u0219i previne uscarea acestuia \u00een orice condi\u021bii.<\/td>\n<td style=\"width: 50%;\"><strong><a href=\"https:\/\/online.colop.ro\/wp-content\/uploads\/2024\/05\/clips.png\" target=\"_blank\" rel=\"noopener\"><img loading=\"lazy\" decoding=\"async\" class=\"aligncenter wp-image-39625 size-medium\" src=\"https:\/\/online.colop.ro\/wp-content\/uploads\/2024\/05\/clips-300x202.png\" alt=\"\" width=\"300\" height=\"202\" srcset=\"https:\/\/newonline.colop.ro\/wp-content\/uploads\/2024\/05\/clips-300x202.png 300w, https:\/\/newonline.colop.ro\/wp-content\/uploads\/2024\/05\/clips-600x404.png 600w, https:\/\/newonline.colop.ro\/wp-content\/uploads\/2024\/05\/clips-80x54.png 80w, https:\/\/newonline.colop.ro\/wp-content\/uploads\/2024\/05\/clips.png 618w\" sizes=\"(max-width: 300px) 100vw, 300px\" \/><\/a><\/strong><\/td>\n<\/tr>\n<\/tbody>\n<\/table>\n<p>&nbsp;<\/p>\n","protected":false},"excerpt":{"rendered":"<p><strong>Pachetul con\u021bine:<\/strong><\/p>\n<ul>\n<li>1 x imprimant\u0103 portabil\u0103 e-mark alb\/negru (include cartu\u0219)<\/li>\n<li>1 x rigl\u0103 e-mark<\/li>\n<li>1 x set ghidaj panglici e-mark<\/li>\n<li>1 x rol\u0103 bumbac alb\u0103 15 mm e-mark<\/li>\n<li>1 x clips de protec\u021bie CADOU<\/li>\n<\/ul>\n","protected":false},"featured_media":39631,"template":"","meta":[],"product_cat":[388],"product_tag":[],"_links":{"self":[{"href":"https:\/\/newonline.colop.ro\/index.php?rest_route=\/wp\/v2\/product\/36033"}],"collection":[{"href":"https:\/\/newonline.colop.ro\/index.php?rest_route=\/wp\/v2\/product"}],"about":[{"href":"https:\/\/newonline.colop.ro\/index.php?rest_route=\/wp\/v2\/types\/product"}],"version-history":[{"count":8,"href":"https:\/\/newonline.colop.ro\/index.php?rest_route=\/wp\/v2\/product\/36033\/revisions"}],"predecessor-version":[{"id":39628,"href":"https:\/\/newonline.colop.ro\/index.php?rest_route=\/wp\/v2\/product\/36033\/revisions\/39628"}],"wp:featuredmedia":[{"embeddable":true,"href":"https:\/\/newonline.colop.ro\/index.php?rest_route=\/wp\/v2\/media\/39631"}],"wp:attachment":[{"href":"https:\/\/newonline.colop.ro\/index.php?rest_route=%2Fwp%2Fv2%2Fmedia&parent=36033"}],"wp:term":[{"taxonomy":"product_cat","embeddable":true,"href":"https:\/\/newonline.colop.ro\/index.php?rest_route=%2Fwp%2Fv2%2Fproduct_cat&post=36033"},{"taxonomy":"product_tag","embeddable":true,"href":"https:\/\/newonline.colop.ro\/index.php?rest_route=%2Fwp%2Fv2%2Fproduct_tag&post=36033"}],"curies":[{"name":"wp","href":"https:\/\/api.w.org\/{rel}","templated":true}]}}