{"id":36032,"date":"2024-05-09T19:09:54","date_gmt":"2024-05-09T17:09:54","guid":{"rendered":"https:\/\/online.colop.ro\/web2023\/?post_type=product&#038;p=36032"},"modified":"2025-07-31T22:12:37","modified_gmt":"2025-07-31T20:12:37","slug":"pachet-colop-e-mark-print","status":"publish","type":"product","link":"https:\/\/newonline.colop.ro\/?product=pachet-colop-e-mark-print","title":{"rendered":"Pachet imprimant\u0103 portabil\u0103 COLOP e-mark &#8211; Print"},"content":{"rendered":"<p>\u200b<\/p>\n<table style=\"border-collapse: collapse; width: 100%; height: 2573px;\">\n<tbody>\n<tr style=\"height: 120px;\">\n<td style=\"width: 100%; height: 120px;\" colspan=\"2\"><strong>Pachetul COLOP e-mark Print<\/strong> este destinat tuturor celor care activeaz\u0103 \u00een domeniul obiectelor personalizate, promo\u021bionalelor sau \u00een cel al organiz\u0103rii de evenimente.\u00a0 Pachetul include toate accesoriile necesare pentru a \u00eencepe utilizarea imediat\u0103, fiind ideal pentru aplica\u021bii creative, profesionale sau industriale.<\/p>\n<p>&nbsp;<\/td>\n<\/tr>\n<tr style=\"height: 527px;\">\n<td style=\"width: 50%; height: 527px;\"><strong>Imprimanta mobil\u0103 COLOP e-mark<\/strong> este dispozitivul ideal pentru a personaliza panglici, ecusoane, c\u0103r\u021bi de vizit\u0103, lanyard-uri, br\u0103\u021b\u0103ri pentru evenimente etc. Inovativul COLOP e-mark create este portabil, u\u0219or de transportat \u00eentr-o geant\u0103 \u0219i poate imprima pe aproape orice suprafa\u021b\u0103 absorbant\u0103.<\/p>\n<p>Folose\u0219te tehnologia inkjet \u0219i se conecteaz\u0103 prin Blootooth la o aplica\u021bie mobil\u0103, disponibil\u0103 100% gratuit, care permite personalizarea textelor, simbolurilor, codurilor QR \u00eenainte de imprimare.<\/td>\n<td style=\"width: 50%; height: 527px;\"><a href=\"https:\/\/online.colop.ro\/wp-content\/uploads\/2024\/05\/e-mark_desktop_blackandwhite.jpg\" target=\"_blank\" rel=\"noopener\"><img fetchpriority=\"high\" decoding=\"async\" class=\"alignnone size-large wp-image-39618\" src=\"https:\/\/online.colop.ro\/wp-content\/uploads\/2024\/05\/e-mark_desktop_blackandwhite-1024x683.jpg\" alt=\"\" width=\"960\" height=\"640\" srcset=\"https:\/\/newonline.colop.ro\/wp-content\/uploads\/2024\/05\/e-mark_desktop_blackandwhite-1024x683.jpg 1024w, https:\/\/newonline.colop.ro\/wp-content\/uploads\/2024\/05\/e-mark_desktop_blackandwhite-300x200.jpg 300w, https:\/\/newonline.colop.ro\/wp-content\/uploads\/2024\/05\/e-mark_desktop_blackandwhite-768x512.jpg 768w, https:\/\/newonline.colop.ro\/wp-content\/uploads\/2024\/05\/e-mark_desktop_blackandwhite-1536x1025.jpg 1536w, https:\/\/newonline.colop.ro\/wp-content\/uploads\/2024\/05\/e-mark_desktop_blackandwhite-2048x1366.jpg 2048w, https:\/\/newonline.colop.ro\/wp-content\/uploads\/2024\/05\/e-mark_desktop_blackandwhite-600x400.jpg 600w, https:\/\/newonline.colop.ro\/wp-content\/uploads\/2024\/05\/e-mark_desktop_blackandwhite-81x54.jpg 81w\" sizes=\"(max-width: 960px) 100vw, 960px\" \/><\/a><\/td>\n<\/tr>\n<tr style=\"height: 347px;\">\n<td style=\"width: 50%; height: 347px;\"><a href=\"https:\/\/online.colop.ro\/wp-content\/uploads\/2024\/11\/C2_cartridge-960x540-1.jpg\" target=\"_blank\" rel=\"noopener\"><img decoding=\"async\" class=\"aligncenter wp-image-39606 size-medium\" src=\"https:\/\/online.colop.ro\/wp-content\/uploads\/2024\/11\/C2_cartridge-960x540-1-268x300.jpg\" alt=\"\" width=\"268\" height=\"300\" srcset=\"https:\/\/newonline.colop.ro\/wp-content\/uploads\/2024\/11\/C2_cartridge-960x540-1-268x300.jpg 268w, https:\/\/newonline.colop.ro\/wp-content\/uploads\/2024\/11\/C2_cartridge-960x540-1-48x54.jpg 48w, https:\/\/newonline.colop.ro\/wp-content\/uploads\/2024\/11\/C2_cartridge-960x540-1.jpg 482w\" sizes=\"(max-width: 268px) 100vw, 268px\" \/><\/a><\/td>\n<td style=\"width: 50%; height: 347px;\">Imprimanta este echipat\u0103 cu un\u00a0<strong>cartu\u0219 C2<\/strong>, care permite realizarea de p\u00e2n\u0103 la 1500 amprente color. Cartu\u0219ul tricolor revolu\u021bionar C2 este fabricat cu aten\u021bie pentru o experien\u021b\u0103 de printare mobil\u0103 irepro\u0219abil\u0103. Proiectat cu precizie, acest cartu\u0219 con\u021bine o cerneal\u0103 cu o formula special\u0103, care asigur\u0103 imprim\u0103ri luminoase \u0219i calitative, garant\u00e2nd rezultate impresionante \u00eenc\u0103 de la prima amprent\u0103.<\/td>\n<\/tr>\n<tr style=\"height: 24px;\">\n<td style=\"width: 100%; height: 24px;\" colspan=\"2\">Pachetul con\u021bine \u0219i c\u00e2teva dintre <strong>accesoriile esen\u021biale<\/strong> care te vor ajuta s\u0103 personalizezi cu u\u0219urin\u021b\u0103 diverse materiale promo\u021bionale.<\/td>\n<\/tr>\n<tr style=\"height: 527px;\">\n<td style=\"width: 50%; height: 527px;\">\u00a0<img decoding=\"async\" class=\"alignnone size-large wp-image-20062\" style=\"font-family: inherit; font-size: inherit;\" src=\"https:\/\/online.colop.ro\/wp-content\/uploads\/2021\/05\/ribbon-station_2-1024x635.jpg\" alt=\"\" width=\"960\" height=\"595\" srcset=\"https:\/\/newonline.colop.ro\/wp-content\/uploads\/2021\/05\/ribbon-station_2-1024x635.jpg 1024w, https:\/\/newonline.colop.ro\/wp-content\/uploads\/2021\/05\/ribbon-station_2-300x186.jpg 300w, https:\/\/newonline.colop.ro\/wp-content\/uploads\/2021\/05\/ribbon-station_2-768x476.jpg 768w, https:\/\/newonline.colop.ro\/wp-content\/uploads\/2021\/05\/ribbon-station_2-600x372.jpg 600w, https:\/\/newonline.colop.ro\/wp-content\/uploads\/2021\/05\/ribbon-station_2.jpg 1200w\" sizes=\"(max-width: 960px) 100vw, 960px\" \/><\/td>\n<td style=\"width: 50%; height: 527px;\"><strong>Sta\u021bia pentru imprimare a panglicilor<\/strong> este un sistem profesional g\u00e2ndit pentru a-\u021bi \u00eembun\u0103t\u0103\u021bi experien\u021ba de utilizare a imprimantei e-mark. Fabricat\u0103 din lemn de fag de \u00eenalt\u0103 calitate, certificate FSC, aceast\u0103 sta\u021bie combin\u0103 durabilitatea cu respectful fa\u021b\u0103 de mediu. Pachetul include <strong>ghidajele pentru panglici<\/strong> de 10, 15 \u0219i 25mm, oferind astfel solu\u021bii versatile pentru toate nevoile tale. Cu dimensiunile de 150 x 400 x 119.5 mm, sta\u021bia de imprimare pentru panglici este o solu\u021bie compact\u0103.<\/p>\n<p>G\u00e2ndit\u0103 pentru a fi folosit\u0103 \u00eempreunp cu aplica\u021bia COLOP e-mark, sta\u021bia vine cu o categorie de modele dedicate, pentru personalizare f\u0103r\u0103 efort. Nu este compatibil\u0103 cu e-mark go.<\/p>\n<p>Ideal\u0103 pentru profesioni\u0219ti \u0219i pasiona\u021bi de artizanat, sta\u021bia v\u0103 ajut\u0103 s\u0103 imprima\u021bi cu u\u0219urin\u021b\u0103 o rol\u0103 \u00eentreag\u0103 de panglic\u0103 sau cantitatea dorit\u0103 de etichete. Pentru rezultate optime, folosi\u021bi sta\u021bia de imprimare \u00eempreun\u0103 cu panglicile de bumbac \u0219i rolele de etichete COLOP e-mark.<\/td>\n<\/tr>\n<tr style=\"height: 527px;\">\n<td style=\"width: 50%; height: 527px;\"><strong>Accesoriul e-mark de imprimare pe linii multiple<\/strong> este un obiect revolu\u021bionar pentru personalizarea c\u0103r\u021bilor de vizit\u0103. \u00cen aplica\u021bia e-mark vei g\u0103si o categorie dedicat\u0103 de modele pentru a personaliza cu u\u0219urin\u021b\u0103 c\u0103r\u021bile de vizit\u0103.Cu accesoriul e-mark de imprimare pe linii multiple, crearea cardurilor \u00een format de carte de vizit\u0103 este floare la ureche. Ob\u021bine precizie \u0219i imprim\u0103ri viu-colorate f\u0103r\u0103 effort, mul\u021bumit\u0103 sistemului de ghidaj g\u00e2ndit pentru a asigura o pozi\u021bionare exacta a cardului. Pentru rezultate optime, folose\u0219te acest accesoriu \u00eempreun\u0103 cu cardurile e-mark din plastic sau h\u00e2rtie \u0219i descoper\u0103 posibilit\u0103\u021bile nelimitate de personalizare a c\u0103r\u021bilor de vizit\u0103.<\/td>\n<td style=\"width: 50%; height: 527px;\"><a href=\"https:\/\/online.colop.ro\/wp-content\/uploads\/2024\/05\/e-mark_multiline_use_case4.jpg\" target=\"_blank\" rel=\"noopener\"><img loading=\"lazy\" decoding=\"async\" class=\"alignnone size-full wp-image-35955\" src=\"https:\/\/online.colop.ro\/wp-content\/uploads\/2024\/05\/e-mark_multiline_use_case4.jpg\" alt=\"\" width=\"1000\" height=\"667\" srcset=\"https:\/\/newonline.colop.ro\/wp-content\/uploads\/2024\/05\/e-mark_multiline_use_case4.jpg 1000w, https:\/\/newonline.colop.ro\/wp-content\/uploads\/2024\/05\/e-mark_multiline_use_case4-300x200.jpg 300w, https:\/\/newonline.colop.ro\/wp-content\/uploads\/2024\/05\/e-mark_multiline_use_case4-768x512.jpg 768w, https:\/\/newonline.colop.ro\/wp-content\/uploads\/2024\/05\/e-mark_multiline_use_case4-600x400.jpg 600w, https:\/\/newonline.colop.ro\/wp-content\/uploads\/2024\/05\/e-mark_multiline_use_case4-81x54.jpg 81w, https:\/\/newonline.colop.ro\/wp-content\/uploads\/2024\/05\/e-mark_multiline_use_case4-64x43.jpg 64w\" sizes=\"(max-width: 1000px) 100vw, 1000px\" \/><\/a><\/td>\n<\/tr>\n<tr style=\"height: 300px;\">\n<td style=\"width: 50%; height: 300px;\"><a href=\"https:\/\/online.colop.ro\/wp-content\/uploads\/2024\/05\/154921___COLOP-e-mark-Ribbon-15.jpg\" target=\"_blank\" rel=\"noopener\"><img loading=\"lazy\" decoding=\"async\" class=\"aligncenter wp-image-36956 size-medium\" src=\"https:\/\/online.colop.ro\/wp-content\/uploads\/2024\/05\/154921___COLOP-e-mark-Ribbon-15-300x300.jpg\" alt=\"\" width=\"300\" height=\"300\" srcset=\"https:\/\/newonline.colop.ro\/wp-content\/uploads\/2024\/05\/154921___COLOP-e-mark-Ribbon-15-300x300.jpg 300w, https:\/\/newonline.colop.ro\/wp-content\/uploads\/2024\/05\/154921___COLOP-e-mark-Ribbon-15-150x150.jpg 150w, https:\/\/newonline.colop.ro\/wp-content\/uploads\/2024\/05\/154921___COLOP-e-mark-Ribbon-15-768x768.jpg 768w, https:\/\/newonline.colop.ro\/wp-content\/uploads\/2024\/05\/154921___COLOP-e-mark-Ribbon-15-450x450.jpg 450w, https:\/\/newonline.colop.ro\/wp-content\/uploads\/2024\/05\/154921___COLOP-e-mark-Ribbon-15-32x32.jpg 32w, https:\/\/newonline.colop.ro\/wp-content\/uploads\/2024\/05\/154921___COLOP-e-mark-Ribbon-15-90x90.jpg 90w, https:\/\/newonline.colop.ro\/wp-content\/uploads\/2024\/05\/154921___COLOP-e-mark-Ribbon-15-600x600.jpg 600w, https:\/\/newonline.colop.ro\/wp-content\/uploads\/2024\/05\/154921___COLOP-e-mark-Ribbon-15-54x54.jpg 54w, https:\/\/newonline.colop.ro\/wp-content\/uploads\/2024\/05\/154921___COLOP-e-mark-Ribbon-15-50x50.jpg 50w, https:\/\/newonline.colop.ro\/wp-content\/uploads\/2024\/05\/154921___COLOP-e-mark-Ribbon-15-100x100.jpg 100w, https:\/\/newonline.colop.ro\/wp-content\/uploads\/2024\/05\/154921___COLOP-e-mark-Ribbon-15-64x64.jpg 64w, https:\/\/newonline.colop.ro\/wp-content\/uploads\/2024\/05\/154921___COLOP-e-mark-Ribbon-15.jpg 1000w\" sizes=\"(max-width: 300px) 100vw, 300px\" \/><\/a><\/td>\n<td style=\"width: 50%; height: 300px;\"><strong>Panglica e-mark 15 mm<\/strong> \u2013 este o panglic\u0103 de bumbac de \u00eenalt\u0103 calitate g\u00e2ndit\u0103 pentru personaliz\u0103ri perfecte. Fabricat\u0103 din bumbac 100%, produsul \u00eembin\u0103 aspectul premium cu sustenabilitatea, fiind o alternativ\u0103 elegant\u0103 \u0219i ecologic\u0103 pentru panglicile sintetice.Aceast\u0103 panglic\u0103 este optimizat\u0103 pentru ghidajele e-mark \u0219i asigur\u0103 o aplicare precis\u0103 \u0219i f\u0103r\u0103 efort. Cu o l\u0103\u021bime de 15 mm \u0219i o lungime generoas\u0103 de 25 m, ofer\u0103 sufficient material pentru toate proiectele tale creative. Culoarea alb\u0103 imaculat\u0103 poten\u021beaz\u0103 versatilitatea panglicii, f\u0103c\u00e2nd din ea o p\u00e2nz\u0103 perfecta pentru design-urile tale.<\/p>\n<p>Panglicile e-mark sunt special g\u00e2ndite pentru a fi folosite cu imprimantele mobile COLOP e-mark \u0219i \u00ee\u021bi permit s\u0103 creezi propriile modele personalizate, oriunde te-ai afla. Exprim\u0103-te prin slogane, logo-uri, simboluri sau text \u0219i prive\u0219te cum toate ideile tale prind via\u021b\u0103 \u00een doar c\u00e2teva secunde.<\/td>\n<\/tr>\n<tr>\n<td style=\"width: 50%;\"><strong>Cardurile imprimabile din h\u00e2rtie<\/strong> \u2013 un set de 100 de carduri versatile g\u00e2ndite pentru toate nevoie tale creative. Aceste carduri sunt realizare din h\u00e2rtie cartonat\u0103 durabil\u0103 cu grosimea de 300 g\/m2 \u0219i sunt perfecte pentru o varietate de proiecte. Masur\u00e2nd 85.5 x 54 mm, sunt potrivite pentru formatul standard de carte de vizit\u0103 \u0219i ofer\u0103 sufficient spa\u021biu pentru design. Cardurile pot fi imprimate pe ambele fe\u021be, pe care le po\u021bi folosi pentru a afi\u0219a diverse informa\u021bii. Sunt compatibile cu<strong> Accesoriul de imprimare pe linii multiple<\/strong>, fiind perfecte pentru crearea propriilor c\u0103r\u021bi de vizit\u0103.<\/td>\n<td style=\"width: 50%;\"><strong><a href=\"https:\/\/online.colop.ro\/wp-content\/uploads\/2024\/05\/e-mark_paper-cards.jpg\" target=\"_blank\" rel=\"noopener\"><img loading=\"lazy\" decoding=\"async\" class=\"aligncenter wp-image-39634 size-medium\" src=\"https:\/\/online.colop.ro\/wp-content\/uploads\/2024\/05\/e-mark_paper-cards-300x269.jpg\" alt=\"\" width=\"300\" height=\"269\" srcset=\"https:\/\/newonline.colop.ro\/wp-content\/uploads\/2024\/05\/e-mark_paper-cards-300x269.jpg 300w, https:\/\/newonline.colop.ro\/wp-content\/uploads\/2024\/05\/e-mark_paper-cards-1024x919.jpg 1024w, https:\/\/newonline.colop.ro\/wp-content\/uploads\/2024\/05\/e-mark_paper-cards-768x689.jpg 768w, https:\/\/newonline.colop.ro\/wp-content\/uploads\/2024\/05\/e-mark_paper-cards-1536x1379.jpg 1536w, https:\/\/newonline.colop.ro\/wp-content\/uploads\/2024\/05\/e-mark_paper-cards-2048x1838.jpg 2048w, https:\/\/newonline.colop.ro\/wp-content\/uploads\/2024\/05\/e-mark_paper-cards-600x539.jpg 600w, https:\/\/newonline.colop.ro\/wp-content\/uploads\/2024\/05\/e-mark_paper-cards-60x54.jpg 60w\" sizes=\"(max-width: 300px) 100vw, 300px\" \/><\/a><\/strong><\/td>\n<\/tr>\n<tr style=\"height: 201px;\">\n<td style=\"width: 50%; height: 201px;\"><strong><br \/>\n<a href=\"https:\/\/online.colop.ro\/wp-content\/uploads\/2024\/05\/clips.png\" target=\"_blank\" rel=\"noopener\"><img loading=\"lazy\" decoding=\"async\" class=\"aligncenter wp-image-39625 size-medium\" src=\"https:\/\/online.colop.ro\/wp-content\/uploads\/2024\/05\/clips-300x202.png\" alt=\"\" width=\"300\" height=\"202\" srcset=\"https:\/\/newonline.colop.ro\/wp-content\/uploads\/2024\/05\/clips-300x202.png 300w, https:\/\/newonline.colop.ro\/wp-content\/uploads\/2024\/05\/clips-600x404.png 600w, https:\/\/newonline.colop.ro\/wp-content\/uploads\/2024\/05\/clips-80x54.png 80w, https:\/\/newonline.colop.ro\/wp-content\/uploads\/2024\/05\/clips.png 618w\" sizes=\"(max-width: 300px) 100vw, 300px\" \/><\/a><\/strong><\/td>\n<td style=\"width: 50%; height: 201px;\"><strong>CADOU &#8211; Clips de protec\u021bie pentru cartu\u0219<\/strong><\/p>\n<p>Inser\u021bia special din silicon (partea albastr\u0103) protejeaz\u0103 capul de imprmare al cartu\u0219ului de ac\u021biunea factorilor de mediu, cum ar fi zg\u00e2rieturile \u0219i previne uscarea acestuia \u00een orice condi\u021bii.<\/td>\n<\/tr>\n<\/tbody>\n<\/table>\n<p>&nbsp;<\/p>\n","protected":false},"excerpt":{"rendered":"<p><strong>Pachetul con\u021bine:<\/strong><\/p>\n<ul>\n<li>1 x e-mark alb\/negru<\/li>\n<li>1 x sta\u021bie panglici e-mark<\/li>\n<li>1 x rol\u0103 bumbac alb\u0103 15 mm e-mark<\/li>\n<li>1 x accesoriu linii multiple e-mark<\/li>\n<li>100 x carduri de h\u00e2rtie e-mark<\/li>\n<li>1 x clips de protec\u021bie CADOU<\/li>\n<\/ul>\n","protected":false},"featured_media":39742,"template":"","meta":[],"product_cat":[388],"product_tag":[],"_links":{"self":[{"href":"https:\/\/newonline.colop.ro\/index.php?rest_route=\/wp\/v2\/product\/36032"}],"collection":[{"href":"https:\/\/newonline.colop.ro\/index.php?rest_route=\/wp\/v2\/product"}],"about":[{"href":"https:\/\/newonline.colop.ro\/index.php?rest_route=\/wp\/v2\/types\/product"}],"version-history":[{"count":5,"href":"https:\/\/newonline.colop.ro\/index.php?rest_route=\/wp\/v2\/product\/36032\/revisions"}],"predecessor-version":[{"id":39637,"href":"https:\/\/newonline.colop.ro\/index.php?rest_route=\/wp\/v2\/product\/36032\/revisions\/39637"}],"wp:featuredmedia":[{"embeddable":true,"href":"https:\/\/newonline.colop.ro\/index.php?rest_route=\/wp\/v2\/media\/39742"}],"wp:attachment":[{"href":"https:\/\/newonline.colop.ro\/index.php?rest_route=%2Fwp%2Fv2%2Fmedia&parent=36032"}],"wp:term":[{"taxonomy":"product_cat","embeddable":true,"href":"https:\/\/newonline.colop.ro\/index.php?rest_route=%2Fwp%2Fv2%2Fproduct_cat&post=36032"},{"taxonomy":"product_tag","embeddable":true,"href":"https:\/\/newonline.colop.ro\/index.php?rest_route=%2Fwp%2Fv2%2Fproduct_tag&post=36032"}],"curies":[{"name":"wp","href":"https:\/\/api.w.org\/{rel}","templated":true}]}}