{"id":36031,"date":"2024-05-09T19:09:54","date_gmt":"2024-05-09T17:09:54","guid":{"rendered":"https:\/\/online.colop.ro\/web2023\/?post_type=product&#038;p=36031"},"modified":"2025-07-31T22:12:30","modified_gmt":"2025-07-31T20:12:30","slug":"pachet-colop-e-mark-advanced","status":"publish","type":"product","link":"https:\/\/newonline.colop.ro\/?product=pachet-colop-e-mark-advanced","title":{"rendered":"Pachet COLOP e-mark Advanced"},"content":{"rendered":"<p>Pachetul COLOP e-mark Advanced este un pachet complex, ce con\u021bine mare parte a accesoriilor \u0219i consumabilelor dedicate. Destinat celor care \u00ee\u0219i doresc s\u0103 exploreze la maxim toate func\u021biile pe care le ofer\u0103 e-mark.<\/p>\n<p>Acesta con\u021bine printerul mobil COLOP e-mark, dispozitivul ideal pentru a personaliza panglici, ecusoane, c\u0103r\u021bi de vizit\u0103, lanyard-uri, br\u0103\u021b\u0103ri pentru evenimente etc. Inovativul COLOP e-mark este portabil, u\u0219or de transportat \u00eentr-o geant\u0103 \u0219i poate imprima pe aproape orice suprafa\u021b\u0103 absorbant\u0103. Cu ajutorul aplica\u021biei dedicate, utilizatorul poate crea modelul dorit \u0219i trimite cu doar un singur click c\u0103tre dispozitiv.<\/p>\n<p>Accesoriile incluse \u00een pachet \u00ee\u021bi vor oferi o multitudine de posibilit\u0103\u021bi indiferent de sectorul creativ \u00een care activezi.<\/p>\n<p>Etichetele e-mark la coal\u0103 se num\u0103r\u0103 printre primele consumabile ap\u0103rute \u00een gam\u0103 \u0219i sunt extrem de utile fie c\u0103 \u00ee\u021bi dore\u0219ti s\u0103 organizezi spa\u021biul de lucru, un magazin sau s\u0103 imprimi un cod de bare sau o etichet\u0103 pentru un produs.<\/p>\n<p>Bra\u021barile de h\u00e2rtie pentru evenimente se pot personaliza cu u\u0219urin\u021b\u0103 \u0219i reprezint\u0103 o alternativ\u0103 extrem de avantajoas\u0103 pentru br\u0103\u021b\u0103rile de acces destinate evenimentelor cu un num\u0103r restr\u00e2ns de invita\u021bi (ex: seri tematice \u00een cluburi, petreceri, concerte indoor etc.)<\/p>\n<p>Pachetul con\u021bine \u0219i 2 role de panglic\u0103 de bumbac e-mark de culoare alb\u0103 \u0219i l\u0103\u021bimea de 15\/25 mm, pe care le po\u021bi personaliza a\u0219a cum dore\u0219ti &#8211; pot fi albe sau pot avea fundal, cu text sau logouri \u0219i elemente decorative. Panglicile se potrivesc cu ghidajele marcate cu 15\/25 pe care le vei g\u0103si \u00een setul de ghidaje care vine \u00eempreun\u0103 cu sta\u021bia de printare.<\/p>\n<p>Etichetele adezive la coal\u0103 sunt grozave, \u00eens\u0103 au o singur\u0103 dimensiune. De aceea noi am ad\u0103ugat pachetului \u0219i 2 role de etichete autoadezive albe \u0219i transparente pe care le po\u021bi imprima folosind ghidajul marcat cu 15.<\/p>\n<p>Sta\u021bia de printare pentru panglici este ideal\u0103 dac\u0103 dore\u0219ti s\u0103 imprimi role de panglic\u0103 de bumbac sau etichete de h\u00e2rtie, f\u0103r\u0103 a avea o limit\u0103 de lungime. Creeaz\u0103 modelul dorit \u00een aplica\u021bia dedicat\u0103 cu ajutorul \u0219ablonului pentru panglici, seteaz\u0103 lungimea sau num\u0103rul de imprim\u0103ri dorite \u0219i transmite grafica c\u0103tre e-mark. Pozi\u021bioneaz\u0103 panglica conform instruc\u021biunilor \u0219i imprim\u0103 super u\u0219or!<\/p>\n<p>Un alt instrument care \u00ee\u021bi u\u0219ureaz\u0103 munca este accesoriul de imprimare pentru linii multiple. Acum grafica pe trei r\u00e2nduri va ar\u0103ta impecabil f\u0103r\u0103 grija c\u0103 unul din r\u00e2nduri nu este drept sau este decalat. \u00cen plus, este mult mai rapid! Este ideal pentru a imprima ecusoane, c\u0103r\u021bi de vizit\u0103 sau diverse mesaje de mul\u021bumire pentru clien\u021bii t\u0103i.<\/p>\n<p>Personalizeaz\u0103 cele 100 de carduri de h\u00e2rtie cu datele tale de contact \u0219i vei avea la \u00eendem\u00e2n\u0103 o carte de vizit\u0103 la urm\u0103toarea \u00eent\u00e2lnire de afaceri.<\/p>\n<p>Un pachet ideal pentru orice business sau eveniment!<\/p>\n","protected":false},"excerpt":{"rendered":"<p>Pachetul con\u021bine:<\/p>\n<p>1 x e-mark alb\/negru<\/p>\n<p>10 coli x etichete e-mark<\/p>\n<p>100 x bratari pentru eveniment 19&#215;250 mm<\/p>\n<p>1 x rol\u0103 bumbac alb\u0103 15 mm e-mark<\/p>\n<p>1 x rol\u0103 bumbac alb\u0103 25 mm e-mark<\/p>\n<p>1 x e<span data-sheets-value=\"{&quot;1&quot;:2,&quot;2&quot;:&quot;Etichete E-mark transparente 14 mm x 8 m, PET&quot;}\" data-sheets-userformat=\"{&quot;2&quot;:14461,&quot;3&quot;:{&quot;1&quot;:0,&quot;3&quot;:1},&quot;5&quot;:{&quot;1&quot;:[{&quot;1&quot;:2,&quot;2&quot;:0,&quot;5&quot;:{&quot;1&quot;:2,&quot;2&quot;:0}},{&quot;1&quot;:0,&quot;2&quot;:0,&quot;3&quot;:3},{&quot;1&quot;:1,&quot;2&quot;:0,&quot;4&quot;:1}]},&quot;6&quot;:{&quot;1&quot;:[{&quot;1&quot;:2,&quot;2&quot;:0,&quot;5&quot;:{&quot;1&quot;:2,&quot;2&quot;:0}},{&quot;1&quot;:0,&quot;2&quot;:0,&quot;3&quot;:3},{&quot;1&quot;:1,&quot;2&quot;:0,&quot;4&quot;:1}]},&quot;7&quot;:{&quot;1&quot;:[{&quot;1&quot;:2,&quot;2&quot;:0,&quot;5&quot;:{&quot;1&quot;:2,&quot;2&quot;:0}},{&quot;1&quot;:0,&quot;2&quot;:0,&quot;3&quot;:3},{&quot;1&quot;:1,&quot;2&quot;:0,&quot;4&quot;:1}]},&quot;8&quot;:{&quot;1&quot;:[{&quot;1&quot;:2,&quot;2&quot;:0,&quot;5&quot;:{&quot;1&quot;:2,&quot;2&quot;:0}},{&quot;1&quot;:0,&quot;2&quot;:0,&quot;3&quot;:3},{&quot;1&quot;:1,&quot;2&quot;:0,&quot;4&quot;:1}]},&quot;9&quot;:1,&quot;14&quot;:{&quot;1&quot;:3,&quot;3&quot;:1},&quot;15&quot;:&quot;Calibri&quot;,&quot;16&quot;:14}\">tichete e-mark transparente 14 mm x 8 m, PET<\/span><\/p>\n<p><span data-sheets-value=\"{&quot;1&quot;:2,&quot;2&quot;:&quot;Etichete E-mark lucioase 14 mm x 8 m, PP&quot;}\" data-sheets-userformat=\"{&quot;2&quot;:14461,&quot;3&quot;:{&quot;1&quot;:0,&quot;3&quot;:1},&quot;5&quot;:{&quot;1&quot;:[{&quot;1&quot;:2,&quot;2&quot;:0,&quot;5&quot;:{&quot;1&quot;:2,&quot;2&quot;:0}},{&quot;1&quot;:0,&quot;2&quot;:0,&quot;3&quot;:3},{&quot;1&quot;:1,&quot;2&quot;:0,&quot;4&quot;:1}]},&quot;6&quot;:{&quot;1&quot;:[{&quot;1&quot;:2,&quot;2&quot;:0,&quot;5&quot;:{&quot;1&quot;:2,&quot;2&quot;:0}},{&quot;1&quot;:0,&quot;2&quot;:0,&quot;3&quot;:3},{&quot;1&quot;:1,&quot;2&quot;:0,&quot;4&quot;:1}]},&quot;7&quot;:{&quot;1&quot;:[{&quot;1&quot;:2,&quot;2&quot;:0,&quot;5&quot;:{&quot;1&quot;:2,&quot;2&quot;:0}},{&quot;1&quot;:0,&quot;2&quot;:0,&quot;3&quot;:3},{&quot;1&quot;:1,&quot;2&quot;:0,&quot;4&quot;:1}]},&quot;8&quot;:{&quot;1&quot;:[{&quot;1&quot;:2,&quot;2&quot;:0,&quot;5&quot;:{&quot;1&quot;:2,&quot;2&quot;:0}},{&quot;1&quot;:0,&quot;2&quot;:0,&quot;3&quot;:3},{&quot;1&quot;:1,&quot;2&quot;:0,&quot;4&quot;:1}]},&quot;9&quot;:1,&quot;14&quot;:{&quot;1&quot;:3,&quot;3&quot;:1},&quot;15&quot;:&quot;Calibri&quot;,&quot;16&quot;:14}\">1 x etichete e-mark lucioase 14 mm x 8 m, PP<\/span><\/p>\n<p><span data-sheets-value=\"{&quot;1&quot;:2,&quot;2&quot;:&quot;Placuta PVC perforata E-mark 45 x18 mm (20 buc\/pachet)&quot;}\" data-sheets-userformat=\"{&quot;2&quot;:14461,&quot;3&quot;:{&quot;1&quot;:0,&quot;3&quot;:1},&quot;5&quot;:{&quot;1&quot;:[{&quot;1&quot;:2,&quot;2&quot;:0,&quot;5&quot;:{&quot;1&quot;:2,&quot;2&quot;:0}},{&quot;1&quot;:0,&quot;2&quot;:0,&quot;3&quot;:3},{&quot;1&quot;:1,&quot;2&quot;:0,&quot;4&quot;:1}]},&quot;6&quot;:{&quot;1&quot;:[{&quot;1&quot;:2,&quot;2&quot;:0,&quot;5&quot;:{&quot;1&quot;:2,&quot;2&quot;:0}},{&quot;1&quot;:0,&quot;2&quot;:0,&quot;3&quot;:3},{&quot;1&quot;:1,&quot;2&quot;:0,&quot;4&quot;:1}]},&quot;7&quot;:{&quot;1&quot;:[{&quot;1&quot;:2,&quot;2&quot;:0,&quot;5&quot;:{&quot;1&quot;:2,&quot;2&quot;:0}},{&quot;1&quot;:0,&quot;2&quot;:0,&quot;3&quot;:3},{&quot;1&quot;:1,&quot;2&quot;:0,&quot;4&quot;:1}]},&quot;8&quot;:{&quot;1&quot;:[{&quot;1&quot;:2,&quot;2&quot;:0,&quot;5&quot;:{&quot;1&quot;:2,&quot;2&quot;:0}},{&quot;1&quot;:0,&quot;2&quot;:0,&quot;3&quot;:3},{&quot;1&quot;:1,&quot;2&quot;:0,&quot;4&quot;:1}]},&quot;9&quot;:1,&quot;14&quot;:{&quot;1&quot;:3,&quot;3&quot;:1},&quot;15&quot;:&quot;Calibri&quot;,&quot;16&quot;:14}\">20 x pl\u0103cu\u021b\u0103 PVC perforat\u0103 e-mark 45 x 18 mm<\/span><\/p>\n<p><span data-sheets-value=\"{&quot;1&quot;:2,&quot;2&quot;:&quot;Placuta PVC adeziva E-mark 80 x18 mm (50 buc\/pachet)&quot;}\" data-sheets-userformat=\"{&quot;2&quot;:14461,&quot;3&quot;:{&quot;1&quot;:0,&quot;3&quot;:1},&quot;5&quot;:{&quot;1&quot;:[{&quot;1&quot;:2,&quot;2&quot;:0,&quot;5&quot;:{&quot;1&quot;:2,&quot;2&quot;:0}},{&quot;1&quot;:0,&quot;2&quot;:0,&quot;3&quot;:3},{&quot;1&quot;:1,&quot;2&quot;:0,&quot;4&quot;:1}]},&quot;6&quot;:{&quot;1&quot;:[{&quot;1&quot;:2,&quot;2&quot;:0,&quot;5&quot;:{&quot;1&quot;:2,&quot;2&quot;:0}},{&quot;1&quot;:0,&quot;2&quot;:0,&quot;3&quot;:3},{&quot;1&quot;:1,&quot;2&quot;:0,&quot;4&quot;:1}]},&quot;7&quot;:{&quot;1&quot;:[{&quot;1&quot;:2,&quot;2&quot;:0,&quot;5&quot;:{&quot;1&quot;:2,&quot;2&quot;:0}},{&quot;1&quot;:0,&quot;2&quot;:0,&quot;3&quot;:3},{&quot;1&quot;:1,&quot;2&quot;:0,&quot;4&quot;:1}]},&quot;8&quot;:{&quot;1&quot;:[{&quot;1&quot;:2,&quot;2&quot;:0,&quot;5&quot;:{&quot;1&quot;:2,&quot;2&quot;:0}},{&quot;1&quot;:0,&quot;2&quot;:0,&quot;3&quot;:3},{&quot;1&quot;:1,&quot;2&quot;:0,&quot;4&quot;:1}]},&quot;9&quot;:1,&quot;14&quot;:{&quot;1&quot;:3,&quot;3&quot;:1},&quot;15&quot;:&quot;Calibri&quot;,&quot;16&quot;:14}\">50 x pl\u0103cu\u021b\u0103 PVC adeziv\u0103 E-mark 80 x 18 mm<\/span><\/p>\n<p>1 x sta\u021bie panglici e-mark<\/p>\n<p>1 x accesoriu linii multiple e-mark<\/p>\n<p>100 x carduri de h\u00e2rtie e-mark<\/p>\n<p>1 x rigl\u0103 e-mark<\/p>\n","protected":false},"featured_media":39740,"template":"","meta":[],"product_cat":[388],"product_tag":[],"_links":{"self":[{"href":"https:\/\/newonline.colop.ro\/index.php?rest_route=\/wp\/v2\/product\/36031"}],"collection":[{"href":"https:\/\/newonline.colop.ro\/index.php?rest_route=\/wp\/v2\/product"}],"about":[{"href":"https:\/\/newonline.colop.ro\/index.php?rest_route=\/wp\/v2\/types\/product"}],"version-history":[{"count":1,"href":"https:\/\/newonline.colop.ro\/index.php?rest_route=\/wp\/v2\/product\/36031\/revisions"}],"predecessor-version":[{"id":39741,"href":"https:\/\/newonline.colop.ro\/index.php?rest_route=\/wp\/v2\/product\/36031\/revisions\/39741"}],"wp:featuredmedia":[{"embeddable":true,"href":"https:\/\/newonline.colop.ro\/index.php?rest_route=\/wp\/v2\/media\/39740"}],"wp:attachment":[{"href":"https:\/\/newonline.colop.ro\/index.php?rest_route=%2Fwp%2Fv2%2Fmedia&parent=36031"}],"wp:term":[{"taxonomy":"product_cat","embeddable":true,"href":"https:\/\/newonline.colop.ro\/index.php?rest_route=%2Fwp%2Fv2%2Fproduct_cat&post=36031"},{"taxonomy":"product_tag","embeddable":true,"href":"https:\/\/newonline.colop.ro\/index.php?rest_route=%2Fwp%2Fv2%2Fproduct_tag&post=36031"}],"curies":[{"name":"wp","href":"https:\/\/api.w.org\/{rel}","templated":true}]}}