{"id":35935,"date":"2024-05-09T19:09:06","date_gmt":"2024-05-09T17:09:06","guid":{"rendered":"https:\/\/online.colop.ro\/web2023\/?post_type=product&#038;p=35935"},"modified":"2025-08-20T14:34:18","modified_gmt":"2025-08-20T12:34:18","slug":"set-stampile-mayberry-floral","status":"publish","type":"product","link":"https:\/\/newonline.colop.ro\/?product=set-stampile-mayberry-floral","title":{"rendered":"Set \u0219tampile May&#038;Berry Floral"},"content":{"rendered":"<p>Online-ul \u00eent\u00e2lne\u0219te Offline-ul\u2026asta se \u00eent\u00e2mpl\u0103 c\u00e2nd doi bloggeri germani \u00ee\u0219i las\u0103 liber\u0103 creativitatea cu scopul de a crea cele mai frumoase \u0219tampile de pe pia\u021b\u0103. Iar rezultatul este pe m\u0103sur\u0103! Amprente cu designuri \u00eenc\u00e2nt\u0103toare, \u0219tampile \u00een culori pastelate \u0219i un display de prezentare super\u2026\u0219tampilele nu puteau fi mai frumoase!<\/p>\n","protected":false},"excerpt":{"rendered":"<p>1x p\u0103p\u0103die 45 x 45 mm<\/p>\n<p>1x crengu\u021b\u0103 35 x 45 mm<\/p>\n<p>1x aemon\u0103 \u00eenflorit\u0103 35 x 45 mm<\/p>\n<p>1x floare s\u0103lbatic\u0103 45 x 45 mm<\/p>\n<p>&nbsp;<\/p>\n","protected":false},"featured_media":35972,"template":"","meta":[],"product_cat":[396],"product_tag":[],"_links":{"self":[{"href":"https:\/\/newonline.colop.ro\/index.php?rest_route=\/wp\/v2\/product\/35935"}],"collection":[{"href":"https:\/\/newonline.colop.ro\/index.php?rest_route=\/wp\/v2\/product"}],"about":[{"href":"https:\/\/newonline.colop.ro\/index.php?rest_route=\/wp\/v2\/types\/product"}],"version-history":[{"count":0,"href":"https:\/\/newonline.colop.ro\/index.php?rest_route=\/wp\/v2\/product\/35935\/revisions"}],"wp:featuredmedia":[{"embeddable":true,"href":"https:\/\/newonline.colop.ro\/index.php?rest_route=\/wp\/v2\/media\/35972"}],"wp:attachment":[{"href":"https:\/\/newonline.colop.ro\/index.php?rest_route=%2Fwp%2Fv2%2Fmedia&parent=35935"}],"wp:term":[{"taxonomy":"product_cat","embeddable":true,"href":"https:\/\/newonline.colop.ro\/index.php?rest_route=%2Fwp%2Fv2%2Fproduct_cat&post=35935"},{"taxonomy":"product_tag","embeddable":true,"href":"https:\/\/newonline.colop.ro\/index.php?rest_route=%2Fwp%2Fv2%2Fproduct_tag&post=35935"}],"curies":[{"name":"wp","href":"https:\/\/api.w.org\/{rel}","templated":true}]}}