{"id":35927,"date":"2024-05-09T19:09:05","date_gmt":"2024-05-09T17:09:05","guid":{"rendered":"https:\/\/online.colop.ro\/web2023\/?post_type=product&#038;p=35927"},"modified":"2025-08-20T14:34:16","modified_gmt":"2025-08-20T12:34:16","slug":"accesoriu-linii-multiple-colop-e-mark","status":"publish","type":"product","link":"https:\/\/newonline.colop.ro\/?product=accesoriu-linii-multiple-colop-e-mark","title":{"rendered":"Accesoriu de imprimare pe linii multiple COLOP e-mark"},"content":{"rendered":"<p>Accesoriul e-mark de imprimare pe linii multiple este un obiect revolu\u021bionar pentru personalizarea c\u0103r\u021bilor de vizit\u0103. Acest set include 10 c\u0103r\u021bi de vizit\u0103 din PVC (0.76 mm) \u0219i 10 de h\u00e2rtie (340 g\/m2), toate \u00een formatul international standard ID1 de 85.5 x 54 mm. Ambalajul portabil cu dimensiunile de 210 x 170 x 22 mm face ca accesoriul s\u0103 poat\u0103 fi luat cu u\u0219urin\u021b\u0103 oriunde. \u00cen aplica\u021bia e-mark vei g\u0103si o categorie dedicat\u0103 de modele pentru a personaliza cu u\u0219urin\u021b\u0103 c\u0103r\u021bile de vizit\u0103.<\/p>\n<p>Cu accesoriul e-mark de imprimare pe linii multiple, crearea cardurilor \u00een format de carte de vizit\u0103 este floare la ureche. Ob\u021bine precizie \u0219i imprim\u0103ri viu-colorate f\u0103r\u0103 effort, mul\u021bumit\u0103 sistemului de ghidaj g\u00e2ndit pentru a asigura o pozi\u021bionare exacta a cardului. Pentru rezultate optime, folose\u0219te acest accesoriu \u00eempreun\u0103 cu cardurile e-mark din plastic sau h\u00e2rtie \u0219i descoper\u0103 posibilit\u0103\u021bile nelimitate de personalizare a c\u0103r\u021bilor de vizit\u0103.<\/p>\n<p>Acest accesoriu este compatibil doar cu COLOP e-mark \u0219i e-mark create.<\/p>\n<p>Urm\u0103re\u0219te videoclipul de mai jos pentru a descoperi cum po\u021bi imprima c\u0103r\u021bile de vizit\u0103 u\u0219or \u0219i rapid cu doar 3 mi\u0219c\u0103ri.<\/p>\n","protected":false},"excerpt":{"rendered":"<p>\u2022 1 x Accesoriu de imprimare pe linii multiple<br \/>\n\u2022 10 x carduri PVC (0.76 mm) \u00een formatul standard ID1: 85.5 x 54 mm<br \/>\n\u2022 10 x carduri PVC (340 g\/m2) \u00een formatul standard ID1: 85.5 x 54 mm<br \/>\n\u2022 Dimensiune (L x W x H): 210 x 170 x 22 mm<br \/>\n\u2022 Propria categorie de modele \u00een aplica\u021bia e-mark<br \/>\n<strong>\u2022 Nu este compatibil cu e-mark go!<\/strong><\/p>\n","protected":false},"featured_media":35953,"template":"","meta":[],"product_cat":[234,236],"product_tag":[],"_links":{"self":[{"href":"https:\/\/newonline.colop.ro\/index.php?rest_route=\/wp\/v2\/product\/35927"}],"collection":[{"href":"https:\/\/newonline.colop.ro\/index.php?rest_route=\/wp\/v2\/product"}],"about":[{"href":"https:\/\/newonline.colop.ro\/index.php?rest_route=\/wp\/v2\/types\/product"}],"version-history":[{"count":8,"href":"https:\/\/newonline.colop.ro\/index.php?rest_route=\/wp\/v2\/product\/35927\/revisions"}],"predecessor-version":[{"id":40841,"href":"https:\/\/newonline.colop.ro\/index.php?rest_route=\/wp\/v2\/product\/35927\/revisions\/40841"}],"wp:featuredmedia":[{"embeddable":true,"href":"https:\/\/newonline.colop.ro\/index.php?rest_route=\/wp\/v2\/media\/35953"}],"wp:attachment":[{"href":"https:\/\/newonline.colop.ro\/index.php?rest_route=%2Fwp%2Fv2%2Fmedia&parent=35927"}],"wp:term":[{"taxonomy":"product_cat","embeddable":true,"href":"https:\/\/newonline.colop.ro\/index.php?rest_route=%2Fwp%2Fv2%2Fproduct_cat&post=35927"},{"taxonomy":"product_tag","embeddable":true,"href":"https:\/\/newonline.colop.ro\/index.php?rest_route=%2Fwp%2Fv2%2Fproduct_tag&post=35927"}],"curies":[{"name":"wp","href":"https:\/\/api.w.org\/{rel}","templated":true}]}}