{"id":35889,"date":"2024-05-09T19:08:50","date_gmt":"2024-05-09T17:08:50","guid":{"rendered":"https:\/\/online.colop.ro\/web2023\/?post_type=product&#038;p=35889"},"modified":"2025-08-20T14:34:11","modified_gmt":"2025-08-20T12:34:11","slug":"stampila-mayberry-pahar-cafea","status":"publish","type":"product","link":"https:\/\/newonline.colop.ro\/?product=stampila-mayberry-pahar-cafea","title":{"rendered":"\u0218tampil\u0103 May&#038;Berry &#8211; Pahar cafea"},"content":{"rendered":"<p>Online-ul \u00eent\u00e2lne\u0219te Offline-ul&#8230;asta se \u00eent\u00e2mpl\u0103 c\u00e2nd doi bloggeri germani \u00ee\u0219i las\u0103 liber\u0103 creativitatea cu scopul de a crea cele mai frumoase \u0219tampile de pe pia\u021b\u0103. Iar rezultatul este pe m\u0103sur\u0103! Amprente cu designuri \u00eenc\u00e2nt\u0103toare, \u0219tampile \u00een culori pastelate \u0219i un display de prezentare super&#8230;\u0219tampilele nu puteau fi mai frumoase!<\/p>\n","protected":false},"excerpt":{"rendered":"<p>&nbsp;<\/p>\n<table class=\"product-atributes-table\" style=\"width: 100%; height: 48px;\" border=\"0\" width=\"100%\">\n<tbody>\n<tr style=\"height: 24px;\">\n<td style=\"height: 24px;\" colspan=\"2\"><strong>Informa\u021bii produs<\/strong><\/td>\n<\/tr>\n<tr style=\"height: 24px;\">\n<td style=\"height: 24px;\" align=\"left\" valign=\"middle\">Dimensiune amprent\u0103:<\/td>\n<td style=\"height: 24px;\" align=\"right\" valign=\"middle\">35 x 55 mm<\/td>\n<\/tr>\n<\/tbody>\n<\/table>\n","protected":false},"featured_media":35918,"template":"","meta":[],"product_cat":[347,566],"product_tag":[],"_links":{"self":[{"href":"https:\/\/newonline.colop.ro\/index.php?rest_route=\/wp\/v2\/product\/35889"}],"collection":[{"href":"https:\/\/newonline.colop.ro\/index.php?rest_route=\/wp\/v2\/product"}],"about":[{"href":"https:\/\/newonline.colop.ro\/index.php?rest_route=\/wp\/v2\/types\/product"}],"version-history":[{"count":0,"href":"https:\/\/newonline.colop.ro\/index.php?rest_route=\/wp\/v2\/product\/35889\/revisions"}],"wp:featuredmedia":[{"embeddable":true,"href":"https:\/\/newonline.colop.ro\/index.php?rest_route=\/wp\/v2\/media\/35918"}],"wp:attachment":[{"href":"https:\/\/newonline.colop.ro\/index.php?rest_route=%2Fwp%2Fv2%2Fmedia&parent=35889"}],"wp:term":[{"taxonomy":"product_cat","embeddable":true,"href":"https:\/\/newonline.colop.ro\/index.php?rest_route=%2Fwp%2Fv2%2Fproduct_cat&post=35889"},{"taxonomy":"product_tag","embeddable":true,"href":"https:\/\/newonline.colop.ro\/index.php?rest_route=%2Fwp%2Fv2%2Fproduct_tag&post=35889"}],"curies":[{"name":"wp","href":"https:\/\/api.w.org\/{rel}","templated":true}]}}