{"id":35454,"date":"2024-05-09T19:04:59","date_gmt":"2024-05-09T17:04:59","guid":{"rendered":"https:\/\/online.colop.ro\/web2023\/?post_type=product&#038;p=35454"},"modified":"2025-08-20T14:34:25","modified_gmt":"2025-08-20T12:34:25","slug":"jetstamp-graphic-970","status":"publish","type":"product","link":"https:\/\/newonline.colop.ro\/?product=jetstamp-graphic-970","title":{"rendered":"jetStamp graphic 970"},"content":{"rendered":"<div class=\"detaileinleitungstext\">\n<p>La \u00eendem\u00e2n\u0103 \u0219i u\u0219or de programat \u2013 <i class=\"jtstmp\">jetStamp\u00ae graphic<\/i> 970 este un dispozitiv de marcare inkjet care poate imprima pe documente \u0219i produse u\u0219or \u0219i rapid, la cea mai bun\u0103 calitate.<\/p>\n<p>Cartu\u0219ul special MP permite imprimarea pe diverse materiale.<\/p>\n<p>Dispozitivul este etan\u0219at \u00een sta\u021bie pentru a preveni uscarea tu\u0219ului atunci c\u00e2nd nu este folosit pentru o mai lung\u0103 perioad\u0103 de timp. Mobilitatea sa permite dispozitivului\u00a0<i class=\"jtstmp\">jetStamp\u00ae graphic<\/i>\u00a0970 s\u0103 fie integrat \u00een sistemul de produc\u021bie.<\/p>\n<p>Imaginile pot fi create cu u\u0219urin\u021b\u0103 pe computer, iar apoi sunt<\/p>\n<p>Op\u021biunea pentru memorie pentru p\u00e2n\u0103 la 4 imprim\u0103ri care pot fi schimbate cu u\u0219urin\u021b\u0103 cu ajutorul roti\u021bei pentru setareoptimizeaz\u0103 \u0219i salveaz\u0103 din timpul de lucru.<\/p>\n<\/div>\n","protected":false},"excerpt":{"rendered":"<h3><span style=\"color: #ff0000;\"><strong>Aten\u021bie! Pre\u021bul nu include cartu\u0219ul.<\/strong><\/span><\/h3>\n<p>Acesta se achizi\u021bioneaz\u0103 separat, \u00een func\u021bie de suprafa\u021ba de utilizare.<\/p>\n<table class=\"product-atributes-table\" border=\"0\" width=\"100%\">\n<tbody>\n<tr>\n<td align=\"left\" valign=\"middle\"><\/td>\n<td align=\"right\" valign=\"middle\"><\/td>\n<\/tr>\n<tr>\n<td colspan=\"2\"><strong>Informa\u021bii produs<\/strong><\/td>\n<\/tr>\n<tr>\n<td align=\"left\" valign=\"middle\">Amprent\u0103:<\/td>\n<td align=\"right\" valign=\"middle\">Numer\u0103tor, dat\u0103, or\u0103, text, cod de bare, grafic\u0103<\/td>\n<\/tr>\n<tr>\n<td align=\"left\" valign=\"middle\">Imprim\u0103 de pe:<\/td>\n<td align=\"right\" valign=\"middle\">PCset graphic, MOBILEset graphic, Word, Excel, Labelsoftware, ERP ca SAP, Oracle, Microsoft Dynamics, Lexware<\/td>\n<\/tr>\n<tr>\n<td align=\"left\" valign=\"middle\">Dimensiuni(L x l X h):<\/td>\n<td align=\"right\" valign=\"middle\">47 x 147 x 221 mm<\/td>\n<\/tr>\n<tr>\n<td align=\"left\" valign=\"middle\">Dimensiunea sta\u021biei de \u00eenc\u0103rcare(L x l X h):<\/td>\n<td align=\"right\" valign=\"middle\">155 x 140 x 30 mm<\/td>\n<\/tr>\n<tr>\n<td align=\"left\" valign=\"middle\">Greutate:<\/td>\n<td align=\"right\" valign=\"middle\">aprox. 520 g<\/td>\n<\/tr>\n<tr>\n<td align=\"left\" valign=\"middle\">Transfer date:<\/td>\n<td align=\"right\" valign=\"middle\">USB, Bluetooth<\/td>\n<\/tr>\n<tr>\n<td align=\"left\" valign=\"middle\">Tehnologie:<\/td>\n<td align=\"right\" valign=\"middle\">Inkjet<\/td>\n<\/tr>\n<tr>\n<td align=\"left\" valign=\"middle\">Dimensiunea maxim\u0103 de printare:<\/td>\n<td align=\"right\" valign=\"middle\">65 x 12,7 mm<\/td>\n<\/tr>\n<tr>\n<td align=\"left\" valign=\"middle\">Viteza maxim\u0103 de printare:<\/td>\n<td align=\"right\" valign=\"middle\">&lt; 1 s\/print<\/td>\n<\/tr>\n<tr>\n<td align=\"left\" valign=\"middle\">Rezolutie:<\/td>\n<td align=\"right\" valign=\"middle\">300 dpi<\/td>\n<\/tr>\n<tr>\n<td align=\"left\" valign=\"middle\">Capacitatea bateriei:<\/td>\n<td align=\"right\" valign=\"middle\">max. 1000 aprent\u0103ri<\/td>\n<\/tr>\n<tr>\n<td align=\"left\" valign=\"middle\"><\/td>\n<td align=\"right\" valign=\"middle\"><\/td>\n<\/tr>\n<\/tbody>\n<\/table>\n<p>&nbsp;<\/p>\n<p><img decoding=\"async\" class=\"alignnone size-full wp-image-17981\" src=\"https:\/\/online.colop.ro\/wp-content\/uploads\/2020\/09\/imprint_970.png\" alt=\"\" width=\"167\" height=\"43\" \/><\/p>\n","protected":false},"featured_media":35467,"template":"","meta":[],"product_cat":[314,98,235],"product_tag":[],"_links":{"self":[{"href":"https:\/\/newonline.colop.ro\/index.php?rest_route=\/wp\/v2\/product\/35454"}],"collection":[{"href":"https:\/\/newonline.colop.ro\/index.php?rest_route=\/wp\/v2\/product"}],"about":[{"href":"https:\/\/newonline.colop.ro\/index.php?rest_route=\/wp\/v2\/types\/product"}],"version-history":[{"count":4,"href":"https:\/\/newonline.colop.ro\/index.php?rest_route=\/wp\/v2\/product\/35454\/revisions"}],"predecessor-version":[{"id":40867,"href":"https:\/\/newonline.colop.ro\/index.php?rest_route=\/wp\/v2\/product\/35454\/revisions\/40867"}],"wp:featuredmedia":[{"embeddable":true,"href":"https:\/\/newonline.colop.ro\/index.php?rest_route=\/wp\/v2\/media\/35467"}],"wp:attachment":[{"href":"https:\/\/newonline.colop.ro\/index.php?rest_route=%2Fwp%2Fv2%2Fmedia&parent=35454"}],"wp:term":[{"taxonomy":"product_cat","embeddable":true,"href":"https:\/\/newonline.colop.ro\/index.php?rest_route=%2Fwp%2Fv2%2Fproduct_cat&post=35454"},{"taxonomy":"product_tag","embeddable":true,"href":"https:\/\/newonline.colop.ro\/index.php?rest_route=%2Fwp%2Fv2%2Fproduct_tag&post=35454"}],"curies":[{"name":"wp","href":"https:\/\/api.w.org\/{rel}","templated":true}]}}