{"id":34874,"date":"2024-05-09T19:01:12","date_gmt":"2024-05-09T17:01:12","guid":{"rendered":"https:\/\/online.colop.ro\/web2023\/?post_type=product&#038;p=34874"},"modified":"2025-07-31T22:10:17","modified_gmt":"2025-07-31T20:10:17","slug":"jetstamp-graphic-1025","status":"publish","type":"product","link":"https:\/\/newonline.colop.ro\/?product=jetstamp-graphic-1025","title":{"rendered":"jetStamp graphic 1025"},"content":{"rendered":"<div class=\"detaileinleitungstext\">\n<p>Dispozitivul mobil de marcare <i class=\"jtstmp\">jetStamp\u00ae<\/i> 1025 este solu\u021bia ideal\u0103 pentru a amprenta pe supfrafe\u021be mari, cum ar fi pale\u021bii, cartoanele sau pachetele de mari dimensiuni.<\/p>\n<p>F\u0103r\u0103 cablu \u0219i independent de o loca\u021bie fix\u0103, <i class=\"jtstmp\">jetStamp\u00ae<\/i> 1025 poate fi folosit oriunde este nevoie. Capacul integrat sigileaz\u0103 capul de printare pentru a preveni uscarea tu\u0219ului chiar dac\u0103 nu este folosit o vreme \u00eendelungat\u0103.<\/p>\n<p>The\u00a0<i class=\"jtstmp\">jetStamp\u00ae<\/i> 1025 face lucrul mai usor in foarte multe feluri. Displayul integrat afiseaza imaginea in permanenta.<\/p>\n<p>Grafica poate fi transmisa catre dispozitivul de marcare mobil prin Bluetooth sau USB.<\/p>\n<\/div>\n<div style=\"width: 640px;\" class=\"wp-video\"><!--[if lt IE 9]><script>document.createElement('video');<\/script><![endif]-->\n<video class=\"wp-video-shortcode\" id=\"video-34874-1\" width=\"640\" height=\"360\" preload=\"metadata\" controls=\"controls\"><source type=\"video\/mp4\" src=\"https:\/\/online.colop.ro\/wp-content\/uploads\/2020\/09\/jetStamp-1025-Advantages-32218.mp4?_=1\" \/><a href=\"https:\/\/online.colop.ro\/wp-content\/uploads\/2020\/09\/jetStamp-1025-Advantages-32218.mp4\" target=\"_blank\" rel=\"noopener\">https:\/\/online.colop.ro\/wp-content\/uploads\/2020\/09\/jetStamp-1025-Advantages-32218.mp4<\/a><\/video><\/div>\n<h2><\/h2>\n","protected":false},"excerpt":{"rendered":"<h3><span style=\"color: #ff0000;\"><strong>Aten\u021bie! Pre\u021bul nu include cartu\u0219ul.<\/strong><\/span><\/h3>\n<p>Acesta se achizi\u021bioneaz\u0103 separat, \u00een func\u021bie de suprafa\u021ba de utilizare.<\/p>\n<table class=\"product-atributes-table\" border=\"0\" width=\"100%\">\n<tbody>\n<tr>\n<td align=\"left\" valign=\"middle\"><\/td>\n<td align=\"right\" valign=\"middle\"><\/td>\n<\/tr>\n<tr>\n<td colspan=\"2\"><strong>Informa\u021bii produs<\/strong><\/td>\n<\/tr>\n<tr>\n<td align=\"left\" valign=\"middle\">Amprent\u0103:<\/td>\n<td align=\"right\" valign=\"middle\">Numer\u0103tor, dat\u0103, or\u0103, text, cod de bare, grafic\u0103<\/td>\n<\/tr>\n<tr>\n<td align=\"left\" valign=\"middle\">Imprim\u0103 de pe:<\/td>\n<td align=\"right\" valign=\"middle\">PCset graphic, MOBILEset graphic, Word, Excel, Labelsoftware, ERP ca SAP, Oracle, Microsoft Dynamics, Lexware<\/td>\n<\/tr>\n<tr>\n<td align=\"left\" valign=\"middle\">Dimensiuni(L x l X h):<\/td>\n<td align=\"right\" valign=\"middle\">194 x 200 x 98 mm<\/td>\n<\/tr>\n<tr>\n<td align=\"left\" valign=\"middle\">Greutate:<\/td>\n<td align=\"right\" valign=\"middle\">aprox. 900 g<\/td>\n<\/tr>\n<tr>\n<td align=\"left\" valign=\"middle\">Transfer date:<\/td>\n<td align=\"right\" valign=\"middle\">USB, Bluetooth<\/td>\n<\/tr>\n<tr>\n<td align=\"left\" valign=\"middle\">Imagini stocate:<\/td>\n<td align=\"right\" valign=\"middle\">255<\/td>\n<\/tr>\n<tr>\n<td align=\"left\" valign=\"middle\">Tehnologie:<\/td>\n<td align=\"right\" valign=\"middle\">Inkjet<\/td>\n<\/tr>\n<tr>\n<td align=\"left\" valign=\"middle\">Dimensiunea maxim\u0103 de printare:<\/td>\n<td align=\"right\" valign=\"middle\">85 x 25 mm<\/td>\n<\/tr>\n<tr>\n<td align=\"left\" valign=\"middle\">Viteza maxim\u0103 de printare:<\/td>\n<td align=\"right\" valign=\"middle\">&lt; 1 s\/print<\/td>\n<\/tr>\n<tr>\n<td align=\"left\" valign=\"middle\">Rezolutie:<\/td>\n<td align=\"right\" valign=\"middle\">300 dpi<\/td>\n<\/tr>\n<tr>\n<td align=\"left\" valign=\"middle\">Capacitatea bateriei:<\/td>\n<td align=\"right\" valign=\"middle\">max. 1000 aprent\u0103ri<\/td>\n<\/tr>\n<tr>\n<td align=\"left\" valign=\"middle\"><\/td>\n<td align=\"right\" valign=\"middle\"><\/td>\n<\/tr>\n<\/tbody>\n<\/table>\n<p>&nbsp;<\/p>\n<p><img decoding=\"async\" class=\"alignnone size-medium wp-image-19597\" src=\"https:\/\/online.colop.ro\/wp-content\/uploads\/2020\/09\/jetStamp1025300dpiPos.228-300x91.jpg\" alt=\"\" width=\"300\" height=\"91\" srcset=\"https:\/\/newonline.colop.ro\/wp-content\/uploads\/2020\/09\/jetStamp1025300dpiPos.228-300x91.jpg 300w, https:\/\/newonline.colop.ro\/wp-content\/uploads\/2020\/09\/jetStamp1025300dpiPos.228-768x233.jpg 768w, https:\/\/newonline.colop.ro\/wp-content\/uploads\/2020\/09\/jetStamp1025300dpiPos.228-600x182.jpg 600w, https:\/\/newonline.colop.ro\/wp-content\/uploads\/2020\/09\/jetStamp1025300dpiPos.228.jpg 948w\" sizes=\"(max-width: 300px) 100vw, 300px\" \/><\/p>\n<p><img decoding=\"async\" class=\"alignnone size-medium wp-image-19598\" src=\"https:\/\/online.colop.ro\/wp-content\/uploads\/2020\/09\/jetStamp1025300dpiPos.232-300x99.jpg\" alt=\"\" width=\"300\" height=\"99\" srcset=\"https:\/\/newonline.colop.ro\/wp-content\/uploads\/2020\/09\/jetStamp1025300dpiPos.232-300x99.jpg 300w, https:\/\/newonline.colop.ro\/wp-content\/uploads\/2020\/09\/jetStamp1025300dpiPos.232-768x254.jpg 768w, https:\/\/newonline.colop.ro\/wp-content\/uploads\/2020\/09\/jetStamp1025300dpiPos.232-600x198.jpg 600w, https:\/\/newonline.colop.ro\/wp-content\/uploads\/2020\/09\/jetStamp1025300dpiPos.232.jpg 908w\" sizes=\"(max-width: 300px) 100vw, 300px\" \/><\/p>\n<p><img decoding=\"async\" class=\"alignnone size-medium wp-image-19599\" src=\"https:\/\/online.colop.ro\/wp-content\/uploads\/2020\/09\/jetStamp1025300dpiPos.229-300x99.jpg\" alt=\"\" width=\"300\" height=\"99\" srcset=\"https:\/\/newonline.colop.ro\/wp-content\/uploads\/2020\/09\/jetStamp1025300dpiPos.229-300x99.jpg 300w, https:\/\/newonline.colop.ro\/wp-content\/uploads\/2020\/09\/jetStamp1025300dpiPos.229-768x253.jpg 768w, https:\/\/newonline.colop.ro\/wp-content\/uploads\/2020\/09\/jetStamp1025300dpiPos.229-600x198.jpg 600w, https:\/\/newonline.colop.ro\/wp-content\/uploads\/2020\/09\/jetStamp1025300dpiPos.229.jpg 962w\" sizes=\"(max-width: 300px) 100vw, 300px\" \/><\/p>\n<p><img loading=\"lazy\" decoding=\"async\" class=\"alignnone size-medium wp-image-19601\" src=\"https:\/\/online.colop.ro\/wp-content\/uploads\/2020\/09\/jetStamp1025300dpiPos.231-300x96.jpg\" alt=\"\" width=\"300\" height=\"96\" srcset=\"https:\/\/newonline.colop.ro\/wp-content\/uploads\/2020\/09\/jetStamp1025300dpiPos.231-300x96.jpg 300w, https:\/\/newonline.colop.ro\/wp-content\/uploads\/2020\/09\/jetStamp1025300dpiPos.231-768x246.jpg 768w, https:\/\/newonline.colop.ro\/wp-content\/uploads\/2020\/09\/jetStamp1025300dpiPos.231-600x193.jpg 600w, https:\/\/newonline.colop.ro\/wp-content\/uploads\/2020\/09\/jetStamp1025300dpiPos.231.jpg 960w\" sizes=\"(max-width: 300px) 100vw, 300px\" \/><\/p>\n","protected":false},"featured_media":34908,"template":"","meta":[],"product_cat":[314,98,235],"product_tag":[],"_links":{"self":[{"href":"https:\/\/newonline.colop.ro\/index.php?rest_route=\/wp\/v2\/product\/34874"}],"collection":[{"href":"https:\/\/newonline.colop.ro\/index.php?rest_route=\/wp\/v2\/product"}],"about":[{"href":"https:\/\/newonline.colop.ro\/index.php?rest_route=\/wp\/v2\/types\/product"}],"version-history":[{"count":3,"href":"https:\/\/newonline.colop.ro\/index.php?rest_route=\/wp\/v2\/product\/34874\/revisions"}],"predecessor-version":[{"id":40066,"href":"https:\/\/newonline.colop.ro\/index.php?rest_route=\/wp\/v2\/product\/34874\/revisions\/40066"}],"wp:featuredmedia":[{"embeddable":true,"href":"https:\/\/newonline.colop.ro\/index.php?rest_route=\/wp\/v2\/media\/34908"}],"wp:attachment":[{"href":"https:\/\/newonline.colop.ro\/index.php?rest_route=%2Fwp%2Fv2%2Fmedia&parent=34874"}],"wp:term":[{"taxonomy":"product_cat","embeddable":true,"href":"https:\/\/newonline.colop.ro\/index.php?rest_route=%2Fwp%2Fv2%2Fproduct_cat&post=34874"},{"taxonomy":"product_tag","embeddable":true,"href":"https:\/\/newonline.colop.ro\/index.php?rest_route=%2Fwp%2Fv2%2Fproduct_tag&post=34874"}],"curies":[{"name":"wp","href":"https:\/\/api.w.org\/{rel}","templated":true}]}}