{"id":34628,"date":"2024-05-09T18:59:48","date_gmt":"2024-05-09T16:59:48","guid":{"rendered":"https:\/\/online.colop.ro\/web2023\/?post_type=product&#038;p=34628"},"modified":"2025-07-31T22:35:41","modified_gmt":"2025-07-31T20:35:41","slug":"printer-s-226-numberer-green-line","status":"publish","type":"product","link":"https:\/\/newonline.colop.ro\/?product=printer-s-226-numberer-green-line","title":{"rendered":"Printer S 226 Numberer Green Line"},"content":{"rendered":"<p>Cifrier\u0103 cu 6 cifre de 4mm. Tu\u015fiera de mari dimensiuni asigur\u0103 un num\u0103r mare de amprent\u0103ri. Fiecare band\u0103 con\u0163ine cifre de la 0 la 9.<\/p>\n","protected":false},"excerpt":{"rendered":"<table class=\"product-atributes-table\" border=\"0\" width=\"100%\">\n<tbody>\n<tr>\n<td align=\"left\" valign=\"middle\"><\/td>\n<td align=\"right\" valign=\"middle\"><\/td>\n<\/tr>\n<tr>\n<td align=\"left\" valign=\"middle\"><span class=\"product-attributes-text\">\u00cen\u0103l\u021bime caracter:<\/span><\/td>\n<td align=\"right\" valign=\"middle\">4 mm<\/td>\n<\/tr>\n<tr>\n<td align=\"left\" valign=\"middle\"><span class=\"product-attributes-text\">Tu\u0219ier\u0103:<\/span><\/td>\n<td align=\"right\" valign=\"middle\">E\/200<\/td>\n<\/tr>\n<tr>\n<td align=\"left\" valign=\"middle\"><\/td>\n<td align=\"right\" valign=\"middle\"><\/td>\n<\/tr>\n<\/tbody>\n<\/table>\n<p>&nbsp;<\/p>\n<p><img decoding=\"async\" class=\"alignnone size-full wp-image-17078\" src=\"https:\/\/online.colop.ro\/wp-content\/uploads\/2020\/09\/imprints_printer_s226.jpg\" alt=\"\" width=\"91\" height=\"20\" \/><\/p>\n<p>&nbsp;<\/p>\n<p><a class=\"single_add_to_cart_button button alt\" href=\"https:\/\/online.colop.ro\/produse\/stampile-ecologice\/green-line\/printer-s-226-green-line-numberer.html\" target=\"_blank\" rel=\"noopener noreferrer\"><strong>Cump\u0103r\u0103 online<\/strong><\/a><\/p>\n","protected":false},"featured_media":37394,"template":"","meta":[],"product_cat":[101,282],"product_tag":[],"_links":{"self":[{"href":"https:\/\/newonline.colop.ro\/index.php?rest_route=\/wp\/v2\/product\/34628"}],"collection":[{"href":"https:\/\/newonline.colop.ro\/index.php?rest_route=\/wp\/v2\/product"}],"about":[{"href":"https:\/\/newonline.colop.ro\/index.php?rest_route=\/wp\/v2\/types\/product"}],"version-history":[{"count":0,"href":"https:\/\/newonline.colop.ro\/index.php?rest_route=\/wp\/v2\/product\/34628\/revisions"}],"wp:featuredmedia":[{"embeddable":true,"href":"https:\/\/newonline.colop.ro\/index.php?rest_route=\/wp\/v2\/media\/37394"}],"wp:attachment":[{"href":"https:\/\/newonline.colop.ro\/index.php?rest_route=%2Fwp%2Fv2%2Fmedia&parent=34628"}],"wp:term":[{"taxonomy":"product_cat","embeddable":true,"href":"https:\/\/newonline.colop.ro\/index.php?rest_route=%2Fwp%2Fv2%2Fproduct_cat&post=34628"},{"taxonomy":"product_tag","embeddable":true,"href":"https:\/\/newonline.colop.ro\/index.php?rest_route=%2Fwp%2Fv2%2Fproduct_tag&post=34628"}],"curies":[{"name":"wp","href":"https:\/\/api.w.org\/{rel}","templated":true}]}}