{"id":34622,"date":"2024-05-09T18:59:48","date_gmt":"2024-05-09T16:59:48","guid":{"rendered":"https:\/\/online.colop.ro\/web2023\/?post_type=product&#038;p=34622"},"modified":"2025-07-31T22:35:37","modified_gmt":"2025-07-31T20:35:37","slug":"printer-s-260-l-green-line","status":"publish","type":"product","link":"https:\/\/newonline.colop.ro\/?product=printer-s-260-l-green-line","title":{"rendered":"Printer S 260\/L Green Line"},"content":{"rendered":"<div class=\"\">\n<div class=\"description\">\n<div class=\"\">\n<div class=\"description\">\n<p>\u015etampil\u0103 cu dat\u0103 \u00een format zi\/lun\u0103\/an \u0219i un text standard pentru birou. Banda anilor este valabil\u0103 12 ani. Poate con\u0163ine unul dintre urm\u0103toarele texte: RECEP\u0162IONAT ACHITAT FAXAT<\/p>\n<\/div>\n<\/div>\n<div class=\"clear\"><\/div>\n<div class=\"addtocart\"><\/div>\n<\/div>\n<\/div>\n","protected":false},"excerpt":{"rendered":"<table class=\"product-atributes-table\" border=\"0\" width=\"100%\">\n<tbody>\n<tr>\n<td align=\"left\" valign=\"middle\"><\/td>\n<td align=\"right\" valign=\"middle\"><\/td>\n<\/tr>\n<tr>\n<td align=\"left\" valign=\"middle\"><span class=\"product-attributes-text\">Dimensiune amprent\u0103:<\/span><\/td>\n<td align=\"right\" valign=\"middle\">45 x 24 mm<\/td>\n<\/tr>\n<tr>\n<td align=\"left\" valign=\"middle\"><span class=\"product-attributes-text\">\u00cen\u0103l\u021bime caracter:<\/span><\/td>\n<td align=\"right\" valign=\"middle\">4 mm<\/td>\n<\/tr>\n<tr>\n<td align=\"left\" valign=\"middle\"><span class=\"product-attributes-text\">Num\u0103r r\u00e2nduri:<\/span><\/td>\n<td align=\"right\" valign=\"middle\">3<\/td>\n<\/tr>\n<tr>\n<td align=\"left\" valign=\"middle\"><span class=\"product-attributes-text\">Tu\u0219ier\u0103:<\/span><\/td>\n<td align=\"right\" valign=\"middle\">E\/200<\/td>\n<\/tr>\n<tr>\n<td align=\"left\" valign=\"middle\"><\/td>\n<td align=\"right\" valign=\"middle\"><\/td>\n<\/tr>\n<\/tbody>\n<\/table>\n<p>&nbsp;<\/p>\n<p><img decoding=\"async\" class=\"alignnone size-full wp-image-18081\" src=\"https:\/\/online.colop.ro\/wp-content\/uploads\/2020\/09\/imprint_s260L.jpg\" alt=\"\" width=\"160\" height=\"58\" \/><\/p>\n<p>&nbsp;<\/p>\n<p><a class=\"single_add_to_cart_button button alt\" href=\"https:\/\/online.colop.ro\/produse\/stampile-firma\/de-birou\/new-printer-30.html\" target=\"_blank\" rel=\"noopener noreferrer\"><strong>Cump\u0103r\u0103 online<\/strong><\/a><\/p>\n","protected":false},"featured_media":37380,"template":"","meta":[],"product_cat":[282,101],"product_tag":[],"_links":{"self":[{"href":"https:\/\/newonline.colop.ro\/index.php?rest_route=\/wp\/v2\/product\/34622"}],"collection":[{"href":"https:\/\/newonline.colop.ro\/index.php?rest_route=\/wp\/v2\/product"}],"about":[{"href":"https:\/\/newonline.colop.ro\/index.php?rest_route=\/wp\/v2\/types\/product"}],"version-history":[{"count":0,"href":"https:\/\/newonline.colop.ro\/index.php?rest_route=\/wp\/v2\/product\/34622\/revisions"}],"wp:featuredmedia":[{"embeddable":true,"href":"https:\/\/newonline.colop.ro\/index.php?rest_route=\/wp\/v2\/media\/37380"}],"wp:attachment":[{"href":"https:\/\/newonline.colop.ro\/index.php?rest_route=%2Fwp%2Fv2%2Fmedia&parent=34622"}],"wp:term":[{"taxonomy":"product_cat","embeddable":true,"href":"https:\/\/newonline.colop.ro\/index.php?rest_route=%2Fwp%2Fv2%2Fproduct_cat&post=34622"},{"taxonomy":"product_tag","embeddable":true,"href":"https:\/\/newonline.colop.ro\/index.php?rest_route=%2Fwp%2Fv2%2Fproduct_tag&post=34622"}],"curies":[{"name":"wp","href":"https:\/\/api.w.org\/{rel}","templated":true}]}}