{"id":34310,"date":"2024-05-09T18:58:02","date_gmt":"2024-05-09T16:58:02","guid":{"rendered":"https:\/\/online.colop.ro\/web2023\/?post_type=product&#038;p=34310"},"modified":"2025-08-20T14:18:13","modified_gmt":"2025-08-20T12:18:13","slug":"cartus-de-rezerva-colop-e-mark-c2","status":"publish","type":"product","link":"https:\/\/newonline.colop.ro\/?product=cartus-de-rezerva-colop-e-mark-c2","title":{"rendered":"Cartu\u0219 de rezerv\u0103 COLOP E-mark &#8211; C2"},"content":{"rendered":"<p>Cartu\u0219ul tricolor revolu\u021bionar C2 este fabricat cu aten\u021bie pentru o experien\u021b\u0103 de printare mobil\u0103 irepro\u0219abil\u0103. Proiectat cu precizie, acest cartu\u0219 con\u021bine o cerneal\u0103 cu o formula special\u0103, care asigur\u0103 imprim\u0103ri luminoase \u0219i calitative, garant\u00e2nd rezultate impresionante \u00eenc\u0103 de la prima amprent\u0103.<\/p>\n<p>Indiferent c\u0103 este folosit frecvent sau mai rar, cartu\u0219ul C2 este g\u00e2ndit pentru a func\u021biona optim, oferind imprim\u0103ri precise \u0219i vibrante la fiecare utilizare.<br \/>\nPe ce suprafe\u021be poate fi folosit?<br \/>\nCerneala pe baz\u0103 de ap\u0103 ofer\u0103 o varietate de posibilit\u0103\u021bi \u0219i \u00ee\u021bi permite s\u0103 imprimi pe o multitudine de suprafe\u021be absorbante. De la h\u00e2rtie \u0219i carton la textile \u0219i lemn, cartu\u0219ul C2 se adapteaz\u0103 f\u0103r\u0103 efort, ceea ce \u00eel face o alegere versatile pentru toate printurile tale. Compatibilitatea cu aproape toate materiale absorbante asigur\u0103 experiente creative f\u0103r\u0103 limite.<br \/>\n\u00cenlocuire rapid\u0103 \u0219i f\u0103r\u0103 efort<br \/>\nIndiferent c\u0103 folose\u0219ti e-mark, emark create sau e-mark go, sistemul e-mark permite schimbarea rapid\u0103 a cartu\u0219ului, astfel \u00eenc\u00e2t tu s\u0103 \u00ee\u021bi po\u021bi continua activitatea.<\/p>\n<p>Urm\u0103re\u0219te videoclipurile de mai jos pentru a vedea c\u00e2t este de simplu s\u0103 \u00eenlocuie\u0219ti cartu\u0219ul dispozitivelor COLOP e-mark:<\/p>\n<p><span style=\"display: inline-block;width: 0px;overflow: hidden;line-height: 0\" class=\"mce_SELRES_start\">\ufeff<\/span><\/p>\n","protected":false},"excerpt":{"rendered":"<ul>\n<li>Cartu\u0219 tricolor (Cyan, Magenta, Yellow) pentru imprim\u0103ri multicolore<\/li>\n<li>Rezolu\u021bie: 600 dpi<\/li>\n<li>P\u00e2n\u0103 la 1500 de amprent\u0103ri (\u00een func\u021bie de gradul de acoperire al design-ului)<\/li>\n<li>Potrivit pentru toate suprafe\u021bele absorbante (h\u00e2rtie, carton, lemn netratat, plut\u0103, textile etc.)<\/li>\n<li>Pe baz\u0103 de ap\u0103<\/li>\n<li>Compatibil cu e-mark, e-mark create \u0219i e-mark go<\/li>\n<\/ul>\n<p>&nbsp;<\/p>\n<p>&nbsp;<\/p>\n","protected":false},"featured_media":34317,"template":"","meta":[],"product_cat":[236,98],"product_tag":[],"_links":{"self":[{"href":"https:\/\/newonline.colop.ro\/index.php?rest_route=\/wp\/v2\/product\/34310"}],"collection":[{"href":"https:\/\/newonline.colop.ro\/index.php?rest_route=\/wp\/v2\/product"}],"about":[{"href":"https:\/\/newonline.colop.ro\/index.php?rest_route=\/wp\/v2\/types\/product"}],"version-history":[{"count":9,"href":"https:\/\/newonline.colop.ro\/index.php?rest_route=\/wp\/v2\/product\/34310\/revisions"}],"predecessor-version":[{"id":40840,"href":"https:\/\/newonline.colop.ro\/index.php?rest_route=\/wp\/v2\/product\/34310\/revisions\/40840"}],"wp:featuredmedia":[{"embeddable":true,"href":"https:\/\/newonline.colop.ro\/index.php?rest_route=\/wp\/v2\/media\/34317"}],"wp:attachment":[{"href":"https:\/\/newonline.colop.ro\/index.php?rest_route=%2Fwp%2Fv2%2Fmedia&parent=34310"}],"wp:term":[{"taxonomy":"product_cat","embeddable":true,"href":"https:\/\/newonline.colop.ro\/index.php?rest_route=%2Fwp%2Fv2%2Fproduct_cat&post=34310"},{"taxonomy":"product_tag","embeddable":true,"href":"https:\/\/newonline.colop.ro\/index.php?rest_route=%2Fwp%2Fv2%2Fproduct_tag&post=34310"}],"curies":[{"name":"wp","href":"https:\/\/api.w.org\/{rel}","templated":true}]}}