{"id":34059,"date":"2024-05-09T18:56:41","date_gmt":"2024-05-09T16:56:41","guid":{"rendered":"https:\/\/online.colop.ro\/web2023\/?post_type=product&#038;p=34059"},"modified":"2025-07-31T22:33:34","modified_gmt":"2025-07-31T20:33:34","slug":"eos-r-30","status":"publish","type":"product","link":"https:\/\/newonline.colop.ro\/?product=eos-r-30","title":{"rendered":"EOS R 30"},"content":{"rendered":"<div class=\"\">\n<div class=\"description\">\n<div class=\"\">\n<div class=\"description\">\n<div class=\"\">\n<div class=\"description\">\n<p>Cea mai popular\u0103 \u015ftampil\u0103 pentru firme.<\/p>\n<\/div>\n<\/div>\n<\/div>\n<\/div>\n<\/div>\n<\/div>\n","protected":false},"excerpt":{"rendered":"<table class=\"product-atributes-table\" border=\"0\" width=\"100%\">\n<tbody>\n<tr>\n<td align=\"left\" valign=\"middle\"><\/td>\n<td align=\"right\" valign=\"middle\"><\/td>\n<\/tr>\n<tr>\n<td colspan=\"2\"><strong>Informa\u021bii produs<\/strong><\/td>\n<\/tr>\n<tr>\n<td align=\"left\" valign=\"middle\">Dimensiune amprent\u0103:<\/td>\n<td align=\"right\" valign=\"middle\">\u00d8 30 mm<\/td>\n<\/tr>\n<tr>\n<td align=\"left\" valign=\"middle\"><span class=\"product-attributes-text\">Num\u0103r de linii:<\/span><\/td>\n<td align=\"right\" valign=\"middle\">5<\/td>\n<\/tr>\n<tr>\n<td align=\"left\" valign=\"middle\"><\/td>\n<td align=\"right\" valign=\"middle\"><\/td>\n<\/tr>\n<\/tbody>\n<\/table>\n<p>&nbsp;<\/p>\n<p><img decoding=\"async\" class=\"alignnone size-full wp-image-17579\" src=\"https:\/\/online.colop.ro\/wp-content\/uploads\/2020\/09\/imprints_eos_r30.jpg\" alt=\"\" width=\"73\" height=\"73\" srcset=\"https:\/\/newonline.colop.ro\/wp-content\/uploads\/2020\/09\/imprints_eos_r30.jpg 73w, https:\/\/newonline.colop.ro\/wp-content\/uploads\/2020\/09\/imprints_eos_r30-32x32.jpg 32w\" sizes=\"(max-width: 73px) 100vw, 73px\" \/><\/p>\n<p>&nbsp;<\/p>\n<p><a class=\"single_add_to_cart_button button alt\" href=\"https:\/\/online.colop.ro\/produse\/stampile-eos\/de-birou\/eos-r-30-kit.html\" target=\"_blank\" rel=\"noopener noreferrer\"><strong>Cump\u0103r\u0103 online<\/strong><\/a><\/p>\n","protected":false},"featured_media":37316,"template":"","meta":[],"product_cat":[287,93],"product_tag":[],"_links":{"self":[{"href":"https:\/\/newonline.colop.ro\/index.php?rest_route=\/wp\/v2\/product\/34059"}],"collection":[{"href":"https:\/\/newonline.colop.ro\/index.php?rest_route=\/wp\/v2\/product"}],"about":[{"href":"https:\/\/newonline.colop.ro\/index.php?rest_route=\/wp\/v2\/types\/product"}],"version-history":[{"count":1,"href":"https:\/\/newonline.colop.ro\/index.php?rest_route=\/wp\/v2\/product\/34059\/revisions"}],"predecessor-version":[{"id":40161,"href":"https:\/\/newonline.colop.ro\/index.php?rest_route=\/wp\/v2\/product\/34059\/revisions\/40161"}],"wp:featuredmedia":[{"embeddable":true,"href":"https:\/\/newonline.colop.ro\/index.php?rest_route=\/wp\/v2\/media\/37316"}],"wp:attachment":[{"href":"https:\/\/newonline.colop.ro\/index.php?rest_route=%2Fwp%2Fv2%2Fmedia&parent=34059"}],"wp:term":[{"taxonomy":"product_cat","embeddable":true,"href":"https:\/\/newonline.colop.ro\/index.php?rest_route=%2Fwp%2Fv2%2Fproduct_cat&post=34059"},{"taxonomy":"product_tag","embeddable":true,"href":"https:\/\/newonline.colop.ro\/index.php?rest_route=%2Fwp%2Fv2%2Fproduct_tag&post=34059"}],"curies":[{"name":"wp","href":"https:\/\/api.w.org\/{rel}","templated":true}]}}