{"id":34037,"date":"2024-05-09T18:56:30","date_gmt":"2024-05-09T16:56:30","guid":{"rendered":"https:\/\/online.colop.ro\/web2023\/?post_type=product&#038;p=34037"},"modified":"2025-07-31T22:33:32","modified_gmt":"2025-07-31T20:33:32","slug":"stampila-eos-130","status":"publish","type":"product","link":"https:\/\/newonline.colop.ro\/?product=stampila-eos-130","title":{"rendered":"\u0218tampila EOS 130"},"content":{"rendered":"<div class=\"\">\n<div class=\"description\">\n<div class=\"\">\n<div class=\"description\">\n<div class=\"\">\n<div class=\"description\">\n<div class=\"\">\n<div class=\"description\">\n<div class=\"\">\n<div class=\"description\">\n<p><strong>\u0218tampila EOS 130<\/strong> este o \u0219tampil\u0103 autotu\u0219ant\u0103 de mari dimensiuni de \u00eenalt\u0103 calitate, a c\u0103rei amprent\u0103 este personalizat\u0103 prin<strong> tehnologia flash<\/strong>. Acest lucru determin\u0103 o mai mare acurate\u021be \u0219i claritate, f\u0103c\u00e2nd ca aceast\u0103 \u0219tampil\u0103 s\u0103 fie ideal\u0103 pentru elementele vizuale complexe, cu detalii fine.<\/p>\n<p>Datorit\u0103 mecanismului inteligent, presiunea este distribuit\u0103 uniform pe suprafa\u021ba \u0219tampilei, astfel ve\u021bi ob\u021bine imagini perfecte la fiecare amprentare.<\/p>\n<p>&nbsp;<\/p>\n<h4><strong>Caracteristici principale:<\/strong><\/h4>\n<ul>\n<li><strong data-start=\"246\" data-end=\"277\">Suprafa\u021b\u0103 mare de imprimare<\/strong> \u2013 Dimensiunea de 114 x 89 mm permite aplicarea logo-ului, sloganului sau altor informa\u021bii relevante<\/li>\n<li><strong data-start=\"356\" data-end=\"381\" data-is-only-node=\"\">Claritate \u0219i precizie<\/strong> \u2013 ofer\u0103 o amprent\u0103 detaliat\u0103, ideal\u0103 pentru branding<\/li>\n<li><strong>Durabilitate<\/strong> &#8211; \u0218tampilele EOS sunt durabile \u00een timp, rezist\u00e2nd p\u00e2n\u0103 la 1500-2000 de amprent\u0103ri cu tu\u0219area ini\u021bial\u0103<\/li>\n<li><strong>Re\u00eenc\u0103rcare<\/strong> &#8211; \u0218tampilele EOS pot fi \u00eenc\u0103rcate rapid \u0219i economic, folosind <strong><a href=\"https:\/\/online.colop.ro\/produs\/tus-eos\/\" target=\"_blank\" rel=\"noopener\">tu\u0219ul EOS<\/a>, pe baz\u0103 de ulei<\/strong><\/li>\n<\/ul>\n<p>&nbsp;<\/p>\n<h4><strong>Cine folose\u0219te \u0219tampila EOS 130?<\/strong><\/h4>\n<p><strong>\u0218tampila EOS 130<\/strong> este utilizat\u0103 de diverse industrii \u0219i profesioni\u0219ti care au nevoie de o <strong data-start=\"94\" data-end=\"130\">amprent\u0103 mare, clar\u0103 \u0219i vizibil\u0103<\/strong>. Printre utilizatorii principali se num\u0103r\u0103:<\/p>\n<ul>\n<li><strong data-start=\"218\" data-end=\"247\">Magazine online \u0219i fizice<\/strong> \u2013 pentru personalizarea ambalajelor (pungi de h\u00e2rtie, cutii de carton, etichete)<\/li>\n<li><strong data-start=\"411\" data-end=\"438\">Cafenele \u0219i restaurante<\/strong> \u2013 branding pe pahare de cafea sau amblaje<\/li>\n<li><strong data-start=\"595\" data-end=\"617\">Institu\u021bii publice<\/strong> \u2013 utilizat\u0103 \u00een administra\u021bie, prim\u0103rii, arhive<\/li>\n<li><strong data-start=\"670\" data-end=\"703\">Cabinete medicale \u0219i farmacii<\/strong> \u2013 \u0219tampilarea re\u021betelor \u0219i actelor<\/li>\n<li><strong data-start=\"968\" data-end=\"1002\">Firme de transport \u0219i curierat<\/strong> \u2013 marcarea coletelor \u0219i documentelor<\/li>\n<li><strong>Birouri notariale<\/strong> &#8211; Legalizarea \u0219i autentificarea documentelor: acte notariale, contracte, declara\u021bii<\/li>\n<\/ul>\n<p>&nbsp;<\/p>\n<\/div>\n<\/div>\n<p>Urm\u0103re\u0219te <a href=\"https:\/\/www.youtube.com\/watch?v=tsLM86Uy9fA\" target=\"_blank\" rel=\"noopener\">acest videoclip<\/a> pentru a afla mai multe informa\u021bii despre procesul de personalizare \u0219i tu\u0219are a \u0219tampilelor EOS X-LARGE.<\/p>\n<\/div>\n<\/div>\n<\/div>\n<\/div>\n<\/div>\n<\/div>\n<\/div>\n<\/div>\n","protected":false},"excerpt":{"rendered":"<table class=\"product-atributes-table\" border=\"0\" width=\"100%\">\n<tbody>\n<tr>\n<td align=\"left\" valign=\"middle\"><\/td>\n<td align=\"right\" valign=\"middle\"><\/td>\n<\/tr>\n<tr>\n<td colspan=\"2\"><strong>Informa\u021bii produs<\/strong><\/td>\n<\/tr>\n<tr>\n<td align=\"left\" valign=\"middle\">Dimensiune amprent\u0103:<\/td>\n<td align=\"right\" valign=\"middle\">114 x 89 mm<\/td>\n<\/tr>\n<tr>\n<td align=\"left\" valign=\"middle\"><span class=\"product-attributes-text\">Num\u0103r de linii:<\/span><\/td>\n<td align=\"right\" valign=\"middle\">18<\/td>\n<\/tr>\n<tr>\n<td align=\"left\" valign=\"middle\"><\/td>\n<td align=\"right\" valign=\"middle\"><\/td>\n<\/tr>\n<\/tbody>\n<\/table>\n<p>&nbsp;<\/p>\n<p><img decoding=\"async\" class=\"alignnone size-full wp-image-17616\" src=\"https:\/\/online.colop.ro\/wp-content\/uploads\/2020\/09\/imprints_eos_130.jpg\" alt=\"\" width=\"192\" height=\"150\" \/><\/p>\n<p>&nbsp;<\/p>\n<p><a class=\"single_add_to_cart_button button alt\" href=\"https:\/\/online.colop.ro\/produse\/stampile-eos\/xtra-large\/eos-130-kit.html\" target=\"_blank\" rel=\"noopener noreferrer\"><strong>Cump\u0103r\u0103 online<\/strong><\/a><\/p>\n","protected":false},"featured_media":37309,"template":"","meta":[],"product_cat":[288,93],"product_tag":[],"_links":{"self":[{"href":"https:\/\/newonline.colop.ro\/index.php?rest_route=\/wp\/v2\/product\/34037"}],"collection":[{"href":"https:\/\/newonline.colop.ro\/index.php?rest_route=\/wp\/v2\/product"}],"about":[{"href":"https:\/\/newonline.colop.ro\/index.php?rest_route=\/wp\/v2\/types\/product"}],"version-history":[{"count":4,"href":"https:\/\/newonline.colop.ro\/index.php?rest_route=\/wp\/v2\/product\/34037\/revisions"}],"predecessor-version":[{"id":40284,"href":"https:\/\/newonline.colop.ro\/index.php?rest_route=\/wp\/v2\/product\/34037\/revisions\/40284"}],"wp:featuredmedia":[{"embeddable":true,"href":"https:\/\/newonline.colop.ro\/index.php?rest_route=\/wp\/v2\/media\/37309"}],"wp:attachment":[{"href":"https:\/\/newonline.colop.ro\/index.php?rest_route=%2Fwp%2Fv2%2Fmedia&parent=34037"}],"wp:term":[{"taxonomy":"product_cat","embeddable":true,"href":"https:\/\/newonline.colop.ro\/index.php?rest_route=%2Fwp%2Fv2%2Fproduct_cat&post=34037"},{"taxonomy":"product_tag","embeddable":true,"href":"https:\/\/newonline.colop.ro\/index.php?rest_route=%2Fwp%2Fv2%2Fproduct_tag&post=34037"}],"curies":[{"name":"wp","href":"https:\/\/api.w.org\/{rel}","templated":true}]}}