{"id":33858,"date":"2024-05-09T18:55:33","date_gmt":"2024-05-09T16:55:33","guid":{"rendered":"https:\/\/online.colop.ro\/web2023\/?post_type=product&#038;p=33858"},"modified":"2025-07-31T22:10:22","modified_gmt":"2025-07-31T20:10:22","slug":"mini-datiera-s-120","status":"publish","type":"product","link":"https:\/\/newonline.colop.ro\/?product=mini-datiera-s-120","title":{"rendered":"Mini Datier\u0103 S 120"},"content":{"rendered":"<p class=\"\" data-start=\"115\" data-end=\"407\"><strong data-start=\"115\" data-end=\"140\">Mini Datiera S120<\/strong> este cea mai mic\u0103 datier\u0103 autotu\u015fant\u0103 din gama COLOP, ideal\u0103 pentru utilizare zilnic\u0103 \u00een birouri, institu\u021bii sau spa\u021bii administrative. Datorit\u0103 dimensiunilor reduse \u0219i designului ergonomic, este solu\u021bia perfect\u0103 pentru marcarea rapid\u0103 \u0219i precis\u0103 a documentelor.<\/p>\n<p class=\"\" data-start=\"409\" data-end=\"655\">\u2714\ufe0f <strong data-start=\"412\" data-end=\"427\">Format dat\u0103<\/strong>: zi\/lun\u0103\/an<br data-start=\"439\" data-end=\"442\" \/>\u2714\ufe0f <strong data-start=\"445\" data-end=\"471\">\u00cen\u0103l\u021bimea caracterelor<\/strong>: 4 mm<br data-start=\"477\" data-end=\"480\" \/>\u2714\ufe0f <strong data-start=\"483\" data-end=\"507\">Durata benzii de ani<\/strong>: valabil\u0103 pentru o perioad\u0103 de 12 ani<br data-start=\"545\" data-end=\"548\" \/>\u2714\ufe0f <strong data-start=\"551\" data-end=\"574\">Mecanism autotu\u015fant<\/strong>: cu tu\u015fier\u0103 integrat\u0103, gata de utilizare<\/p>\n<p class=\"\" data-start=\"657\" data-end=\"858\">Compact\u0103, dar fiabil\u0103, mini datiera S120 ofer\u0103 rezultate clare \u0219i uniforme, fiind u\u0219or de utilizat \u0219i \u00eentre\u021binut. Este alegerea ideal\u0103 pentru profesioni\u0219ti care apreciaz\u0103 eficien\u021ba, precizia \u0219i organizarea.<\/p>\n<h3 class=\"\" data-start=\"1922\" data-end=\"1949\"><strong data-start=\"1926\" data-end=\"1949\">Recomand\u0103m Mini datiera S 120 pentru:<\/strong><\/h3>\n<ul data-start=\"1950\" data-end=\"2217\">\n<li class=\"\" data-start=\"1950\" data-end=\"2005\">\n<p class=\"\" data-start=\"1952\" data-end=\"2005\">Marcarea rapid\u0103 a documentelor oficiale sau interne<\/p>\n<\/li>\n<li class=\"\" data-start=\"2006\" data-end=\"2051\">\n<p class=\"\" data-start=\"2008\" data-end=\"2051\">Gestionarea arhivelor \u0219i a coresponden\u021bei<\/p>\n<\/li>\n<li class=\"\" data-start=\"2052\" data-end=\"2111\">\n<p class=\"\" data-start=\"2054\" data-end=\"2111\">Departamente de HR, financiar, logistic\u0103, administra\u021bie<\/p>\n<\/li>\n<li class=\"\" data-start=\"2112\" data-end=\"2217\">\n<p class=\"\" data-start=\"2114\" data-end=\"2217\">Freelanceri sau profesioni\u0219ti care lucreaz\u0103 remote \u0219i au nevoie de un instrument portabil \u0219i eficient<\/p>\n<\/li>\n<\/ul>\n<p>&nbsp;<\/p>\n<p>Urm\u0103re\u0219te <a href=\"https:\/\/www.youtube.com\/watch?v=tvMSvd7KZ8g\" target=\"_blank\" rel=\"noopener\">acest videoclip<\/a> pentru a afla cum po\u021bi schimba ziua, luna \u0219i anul pe mini datiera S120.<\/p>\n","protected":false},"excerpt":{"rendered":"<table class=\"product-atributes-table\" border=\"0\" width=\"100%\">\n<tbody>\n<tr>\n<td align=\"left\" valign=\"middle\"><\/td>\n<td align=\"right\" valign=\"middle\"><\/td>\n<\/tr>\n<tr>\n<td colspan=\"2\"><strong>Informa\u021bii produs<\/strong><\/td>\n<\/tr>\n<tr>\n<td align=\"left\" valign=\"middle\"><span class=\"product-attributes-text\">\u00cen\u0103l\u021bime dat\u0103:<\/span><\/td>\n<td align=\"right\" valign=\"middle\">4 mm<\/td>\n<\/tr>\n<tr>\n<td align=\"left\" valign=\"middle\"><span class=\"product-attributes-text\">Tu\u0219ier\u0103:<\/span><\/td>\n<td align=\"right\" valign=\"middle\">E\/10<\/td>\n<\/tr>\n<tr>\n<td align=\"left\" valign=\"middle\"><\/td>\n<td align=\"right\" valign=\"middle\"><\/td>\n<\/tr>\n<\/tbody>\n<\/table>\n<p>&nbsp;<\/p>\n<p><img decoding=\"async\" class=\"alignnone size-full wp-image-17087\" src=\"https:\/\/online.colop.ro\/wp-content\/uploads\/2020\/09\/imprints_printer_s120.jpg\" alt=\"\" width=\"160\" height=\"39\" \/><\/p>\n<p>&nbsp;<\/p>\n<p><a class=\"single_add_to_cart_button button alt\" href=\"https:\/\/online.colop.ro\/produse\/stampile-gata-de-utilizare\/stampile-cu-data\/s-120-mini-dater.html\" target=\"_blank\" rel=\"noopener noreferrer\"><strong>Cump\u0103r\u0103 online<\/strong><\/a><\/p>\n","protected":false},"featured_media":35289,"template":"","meta":[],"product_cat":[251,81],"product_tag":[],"_links":{"self":[{"href":"https:\/\/newonline.colop.ro\/index.php?rest_route=\/wp\/v2\/product\/33858"}],"collection":[{"href":"https:\/\/newonline.colop.ro\/index.php?rest_route=\/wp\/v2\/product"}],"about":[{"href":"https:\/\/newonline.colop.ro\/index.php?rest_route=\/wp\/v2\/types\/product"}],"version-history":[{"count":4,"href":"https:\/\/newonline.colop.ro\/index.php?rest_route=\/wp\/v2\/product\/33858\/revisions"}],"predecessor-version":[{"id":40343,"href":"https:\/\/newonline.colop.ro\/index.php?rest_route=\/wp\/v2\/product\/33858\/revisions\/40343"}],"wp:featuredmedia":[{"embeddable":true,"href":"https:\/\/newonline.colop.ro\/index.php?rest_route=\/wp\/v2\/media\/35289"}],"wp:attachment":[{"href":"https:\/\/newonline.colop.ro\/index.php?rest_route=%2Fwp%2Fv2%2Fmedia&parent=33858"}],"wp:term":[{"taxonomy":"product_cat","embeddable":true,"href":"https:\/\/newonline.colop.ro\/index.php?rest_route=%2Fwp%2Fv2%2Fproduct_cat&post=33858"},{"taxonomy":"product_tag","embeddable":true,"href":"https:\/\/newonline.colop.ro\/index.php?rest_route=%2Fwp%2Fv2%2Fproduct_tag&post=33858"}],"curies":[{"name":"wp","href":"https:\/\/api.w.org\/{rel}","templated":true}]}}