{"id":33818,"date":"2024-05-09T18:55:18","date_gmt":"2024-05-09T16:55:18","guid":{"rendered":"https:\/\/online.colop.ro\/web2023\/?post_type=product&#038;p=33818"},"modified":"2025-07-31T22:38:53","modified_gmt":"2025-07-31T20:38:53","slug":"printer-c-60","status":"publish","type":"product","link":"https:\/\/newonline.colop.ro\/?product=printer-c-60","title":{"rendered":"Printer C 60"},"content":{"rendered":"<div class=\"\">\n<div class=\"description\">\n<p>Ofer\u0103 spa\u0163iu suplimentar pentru texte cu logo &#8211; amprent\u0103 rectangular\u0103. Formatul comun este potrivit \u00een mod special pentru adres\u0103 \u0219i\/sau logo-uri.<\/p>\n<\/div>\n<\/div>\n","protected":false},"excerpt":{"rendered":"<table class=\"product-atributes-table\" border=\"0\" width=\"100%\">\n<tbody>\n<tr>\n<td align=\"left\" valign=\"middle\"><\/td>\n<td align=\"right\" valign=\"middle\"><\/td>\n<\/tr>\n<tr>\n<td colspan=\"2\"><strong>Informa\u021bii produs<\/strong><\/td>\n<\/tr>\n<tr>\n<td align=\"left\" valign=\"middle\">Dimensiune amprent\u0103:<\/td>\n<td align=\"right\" valign=\"middle\">76 x 37 mm<\/td>\n<\/tr>\n<tr>\n<td align=\"left\" valign=\"middle\"><span class=\"product-attributes-text\">Num\u0103r de linii:<\/span><\/td>\n<td align=\"right\" valign=\"middle\">8<\/td>\n<\/tr>\n<tr>\n<td align=\"left\" valign=\"middle\"><span class=\"product-attributes-text\">Tu\u0219ier\u0103:<\/span><\/td>\n<td align=\"right\" valign=\"middle\">E\/60<\/td>\n<\/tr>\n<tr>\n<td align=\"left\" valign=\"middle\"><\/td>\n<td align=\"right\" valign=\"middle\"><\/td>\n<\/tr>\n<\/tbody>\n<\/table>\n<p>&nbsp;<\/p>\n<p><img decoding=\"async\" class=\"alignnone size-medium wp-image-16564\" src=\"https:\/\/online.colop.ro\/wp-content\/uploads\/2020\/09\/imprint_printer_60-300x146.png\" alt=\"\" width=\"287\" srcset=\"https:\/\/newonline.colop.ro\/wp-content\/uploads\/2020\/09\/imprint_printer_60-300x146.png 300w, https:\/\/newonline.colop.ro\/wp-content\/uploads\/2020\/09\/imprint_printer_60-768x374.png 768w, https:\/\/newonline.colop.ro\/wp-content\/uploads\/2020\/09\/imprint_printer_60-600x292.png 600w, https:\/\/newonline.colop.ro\/wp-content\/uploads\/2020\/09\/imprint_printer_60.png 898w\" sizes=\"(max-width: 300px) 100vw, 300px\" \/><\/p>\n<p><a class=\"single_add_to_cart_button button alt\" href=\"https:\/\/online.colop.ro\/produse\/stampile-firma\/de-birou\/printer-c60.html\" target=\"_blank\" rel=\"noopener noreferrer\"><strong>Cump\u0103r\u0103 online<\/strong><\/a><\/p>\n","protected":false},"featured_media":37448,"template":"","meta":[],"product_cat":[81,233],"product_tag":[],"_links":{"self":[{"href":"https:\/\/newonline.colop.ro\/index.php?rest_route=\/wp\/v2\/product\/33818"}],"collection":[{"href":"https:\/\/newonline.colop.ro\/index.php?rest_route=\/wp\/v2\/product"}],"about":[{"href":"https:\/\/newonline.colop.ro\/index.php?rest_route=\/wp\/v2\/types\/product"}],"version-history":[{"count":0,"href":"https:\/\/newonline.colop.ro\/index.php?rest_route=\/wp\/v2\/product\/33818\/revisions"}],"wp:featuredmedia":[{"embeddable":true,"href":"https:\/\/newonline.colop.ro\/index.php?rest_route=\/wp\/v2\/media\/37448"}],"wp:attachment":[{"href":"https:\/\/newonline.colop.ro\/index.php?rest_route=%2Fwp%2Fv2%2Fmedia&parent=33818"}],"wp:term":[{"taxonomy":"product_cat","embeddable":true,"href":"https:\/\/newonline.colop.ro\/index.php?rest_route=%2Fwp%2Fv2%2Fproduct_cat&post=33818"},{"taxonomy":"product_tag","embeddable":true,"href":"https:\/\/newonline.colop.ro\/index.php?rest_route=%2Fwp%2Fv2%2Fproduct_tag&post=33818"}],"curies":[{"name":"wp","href":"https:\/\/api.w.org\/{rel}","templated":true}]}}