{"id":33814,"date":"2024-05-09T18:55:17","date_gmt":"2024-05-09T16:55:17","guid":{"rendered":"https:\/\/online.colop.ro\/web2023\/?post_type=product&#038;p=33814"},"modified":"2025-07-31T22:39:01","modified_gmt":"2025-07-31T20:39:01","slug":"stampila-printer-52","status":"publish","type":"product","link":"https:\/\/newonline.colop.ro\/?product=stampila-printer-52","title":{"rendered":"\u0218tampil\u0103 Printer 52"},"content":{"rendered":"<div class=\"\">\n<div class=\"description\">\n<h4 data-start=\"96\" data-end=\"180\"><strong data-start=\"104\" data-end=\"180\">\u0218tampila Printer 52 \u2013 dreptunghiular\u0103, compact\u0103 \u0219i personalizabil\u0103<\/strong><\/h4>\n<p class=\"\" data-start=\"182\" data-end=\"511\"><strong data-start=\"182\" data-end=\"202\">COLOP Printer 52<\/strong> este o \u0219tampil\u0103 autotu\u015fant\u0103 de dimensiuni reduse, ideal\u0103 pentru birouri, institu\u021bii financiare sau orice mediu unde ai nevoie de marcaj rapid \u0219i clar pe documente. Cu o amprent\u0103 de <strong data-start=\"387\" data-end=\"401\">30 x 20 mm<\/strong>, ofer\u0103 suficient spa\u021biu pentru un text scurt, cum ar fi numele companiei, adresa sau un cod de identificare.<\/p>\n<\/div>\n<h4 data-start=\"513\" data-end=\"546\"><strong data-start=\"516\" data-end=\"546\">Caracteristici principale:<\/strong><\/h4>\n<ul data-start=\"548\" data-end=\"821\">\n<li class=\"\" data-start=\"548\" data-end=\"612\">\n<p class=\"\" data-start=\"550\" data-end=\"612\"><strong data-start=\"550\" data-end=\"574\">Dimensiune amprent\u0103:<\/strong> <span class=\"relative -mx-px my-[-0.2rem] rounded px-px py-[0.2rem] transition-colors duration-100 ease-in-out\">30 x 20 mm<\/span><\/p>\n<\/li>\n<li class=\"\" data-start=\"613\" data-end=\"670\">\n<p class=\"\" data-start=\"615\" data-end=\"670\"><strong data-start=\"615\" data-end=\"632\">Tip \u0219tampil\u0103:<\/strong> <span class=\"relative -mx-px my-[-0.2rem] rounded px-px py-[0.2rem] transition-colors duration-100 ease-in-out\">Autotu\u015fant\u0103, cu tu\u0219ier\u0103 integrat\u0103<\/span><\/p>\n<\/li>\n<li class=\"\" data-start=\"671\" data-end=\"722\">\n<p class=\"\" data-start=\"673\" data-end=\"722\"><strong data-start=\"673\" data-end=\"684\">Design:<\/strong> <span class=\"relative -mx-px my-[-0.2rem] rounded px-px py-[0.2rem] transition-colors duration-100 ease-in-out\">Compact \u0219i ergonomic<\/span><\/p>\n<\/li>\n<\/ul>\n<p>&nbsp;<\/p>\n<\/div>\n<h4><strong>Cine folose\u0219te \u0219tampila Printer 52?<\/strong><\/h4>\n<ul>\n<li class=\"\" data-start=\"192\" data-end=\"299\">\n<p class=\"\" data-start=\"195\" data-end=\"299\"><strong data-start=\"195\" data-end=\"221\">Birouri administrative<\/strong> \u2013 pentru semn\u0103tura rapid\u0103 a documentelor interne, coresponden\u021b\u0103 sau arhivare.<\/p>\n<\/li>\n<li class=\"\" data-start=\"300\" data-end=\"413\">\n<p class=\"\" data-start=\"303\" data-end=\"413\"><strong data-start=\"303\" data-end=\"328\">Institu\u021bii financiare<\/strong> \u2013 pentru aplicarea sigiliilor pe formulare oficiale, documente fiscale sau rapoarte.<\/p>\n<\/li>\n<li class=\"\" data-start=\"414\" data-end=\"515\">\n<p class=\"\" data-start=\"417\" data-end=\"515\"><strong data-start=\"417\" data-end=\"438\">Avoca\u021bi \u0219i notari<\/strong> \u2013 pentru marcare \u0219i validare documente legale, contracte sau acte notariale.<\/p>\n<\/li>\n<li class=\"\" data-start=\"516\" data-end=\"620\">\n<p class=\"\" data-start=\"519\" data-end=\"620\"><strong data-start=\"519\" data-end=\"555\">Companii de livrare \u0219i logistic\u0103<\/strong> \u2013 pentru marcare rapid\u0103 a coletelor, facturilor sau chitan\u021belor.<\/p>\n<\/li>\n<li class=\"\" data-start=\"621\" data-end=\"741\">\n<p class=\"\" data-start=\"624\" data-end=\"741\"><strong data-start=\"624\" data-end=\"662\">Organiza\u021bii non-profit sau ONG-uri<\/strong> \u2013 pentru aplicarea \u0219tampilei pe documente administrative \u0219i rapoarte oficiale.<\/p>\n<\/li>\n<li class=\"\" data-start=\"742\" data-end=\"861\">\n<p class=\"\" data-start=\"745\" data-end=\"861\"><strong data-start=\"745\" data-end=\"781\">\u0218coli \u0219i institu\u021bii educa\u021bionale<\/strong> \u2013 pentru semn\u0103tura pe certificate, foi de prezen\u021b\u0103 sau alte documente oficiale.<\/p>\n<\/li>\n<li class=\"\" data-start=\"862\" data-end=\"975\">\n<p class=\"\" data-start=\"865\" data-end=\"975\"><strong data-start=\"865\" data-end=\"902\">Freelanceri \u0219i micii antreprenori<\/strong> \u2013 pentru personalizarea documentelor oficiale, ofertelor sau facturilor.<\/p>\n<\/li>\n<\/ul>\n","protected":false},"excerpt":{"rendered":"<table class=\"product-atributes-table\" border=\"0\" width=\"100%\">\n<tbody>\n<tr>\n<td align=\"left\" valign=\"middle\"><\/td>\n<td align=\"right\" valign=\"middle\"><\/td>\n<\/tr>\n<tr>\n<td colspan=\"2\"><strong>Informa\u021bii produs<\/strong><\/td>\n<\/tr>\n<tr>\n<td align=\"left\" valign=\"middle\">Dimensiune amprent\u0103:<\/td>\n<td align=\"right\" valign=\"middle\">30 x 20 mm<\/td>\n<\/tr>\n<tr>\n<td align=\"left\" valign=\"middle\"><span class=\"product-attributes-text\">Num\u0103r de linii:<\/span><\/td>\n<td align=\"right\" valign=\"middle\">5<\/td>\n<\/tr>\n<tr>\n<td align=\"left\" valign=\"middle\"><span class=\"product-attributes-text\">Tu\u0219ier\u0103:<\/span><\/td>\n<td align=\"right\" valign=\"middle\">E\/52<\/td>\n<\/tr>\n<tr>\n<td align=\"left\" valign=\"middle\"><\/td>\n<td align=\"right\" valign=\"middle\"><\/td>\n<\/tr>\n<\/tbody>\n<\/table>\n<p>&nbsp;<\/p>\n<p><img decoding=\"async\" class=\"alignnone size-medium wp-image-17011\" src=\"https:\/\/online.colop.ro\/wp-content\/uploads\/2020\/09\/imprint_printer_52-300x201.png\" alt=\"\" width=\"113\" srcset=\"https:\/\/newonline.colop.ro\/wp-content\/uploads\/2020\/09\/imprint_printer_52-300x201.png 300w, https:\/\/newonline.colop.ro\/wp-content\/uploads\/2020\/09\/imprint_printer_52.png 354w\" sizes=\"(max-width: 300px) 100vw, 300px\" \/><\/p>\n<p>&nbsp;<\/p>\n<p><a class=\"single_add_to_cart_button button alt\" href=\"https:\/\/online.colop.ro\/produse\/stampile-placuta-text-personalizata\/stampile-cu-text\/printer-line\/printer-52.html\" target=\"_blank\" rel=\"noopener noreferrer\"><strong>Cump\u0103r\u0103 online<\/strong><\/a><\/p>\n","protected":false},"featured_media":37446,"template":"","meta":[],"product_cat":[243,81],"product_tag":[],"_links":{"self":[{"href":"https:\/\/newonline.colop.ro\/index.php?rest_route=\/wp\/v2\/product\/33814"}],"collection":[{"href":"https:\/\/newonline.colop.ro\/index.php?rest_route=\/wp\/v2\/product"}],"about":[{"href":"https:\/\/newonline.colop.ro\/index.php?rest_route=\/wp\/v2\/types\/product"}],"version-history":[{"count":4,"href":"https:\/\/newonline.colop.ro\/index.php?rest_route=\/wp\/v2\/product\/33814\/revisions"}],"predecessor-version":[{"id":40353,"href":"https:\/\/newonline.colop.ro\/index.php?rest_route=\/wp\/v2\/product\/33814\/revisions\/40353"}],"wp:featuredmedia":[{"embeddable":true,"href":"https:\/\/newonline.colop.ro\/index.php?rest_route=\/wp\/v2\/media\/37446"}],"wp:attachment":[{"href":"https:\/\/newonline.colop.ro\/index.php?rest_route=%2Fwp%2Fv2%2Fmedia&parent=33814"}],"wp:term":[{"taxonomy":"product_cat","embeddable":true,"href":"https:\/\/newonline.colop.ro\/index.php?rest_route=%2Fwp%2Fv2%2Fproduct_cat&post=33814"},{"taxonomy":"product_tag","embeddable":true,"href":"https:\/\/newonline.colop.ro\/index.php?rest_route=%2Fwp%2Fv2%2Fproduct_tag&post=33814"}],"curies":[{"name":"wp","href":"https:\/\/api.w.org\/{rel}","templated":true}]}}